{"id":1502,"date":"2026-03-25T08:44:19","date_gmt":"2026-03-25T08:44:19","guid":{"rendered":"https:\/\/apiobi.com\/?post_type=product&#038;p=1502"},"modified":"2026-04-14T05:38:09","modified_gmt":"2026-04-14T05:38:09","slug":"porte-baton-dencens-et-cendrier-bruleur-de-baton-dencens-deco","status":"publish","type":"product","link":"https:\/\/apiobi.com\/es\/boutique\/modeles-3d\/maison-deco-bien-etre\/meditation-relaxation\/porte-baton-dencens-et-cendrier-bruleur-de-baton-dencens-deco\/","title":{"rendered":"Soporte para varillas de incienso y cenicero | Quemador de incienso Deco\u2018"},"content":{"rendered":"<h4 data-section-id=\"gck2sp\" data-start=\"142\" data-end=\"167\">Presentaci\u00f3n del modelo<\/h4>\n<p data-start=\"169\" data-end=\"276\">El porta-incienso Apiobi se compone de <strong>4 piezas<\/strong> puede ser <strong data-start=\"233\" data-end=\"253\">pegados<\/strong> si lo desea.<br \/>\n<strong>Puede descargar las siguientes partes:<\/strong><\/p>\n<ul data-start=\"278\" data-end=\"428\">\n<li data-section-id=\"zzp1za\" data-start=\"278\" data-end=\"316\">Portavelas de incienso<\/li>\n<li data-section-id=\"1rfchfa\" data-start=\"317\" data-end=\"371\">Conector varilla\/soporte<\/li>\n<li data-section-id=\"qwcg4x\" data-start=\"372\" data-end=\"428\">Soporte del tallo y base de recogida de cenizas<\/li>\n<\/ul>\n<h4 data-section-id=\"dye94n\" data-start=\"430\" data-end=\"452\">\u00bfPor qu\u00e9 no hay un tallo de 25 cm para descargar?<\/h4>\n<p data-start=\"454\" data-end=\"586\">Para el tallo, utilizamos <strong data-start=\"478\" data-end=\"513\">una ca\u00f1a de bamb\u00fa o de madera<\/strong> de <strong data-start=\"517\" data-end=\"537\">3 mm de di\u00e1metro, com\u00fanmente vendido como pincho, barato y atractivo<br \/>\n<\/strong>El dise\u00f1o y las tolerancias se han previsto para esta varilla, que todo el mundo tiene en sus accesorios de cocina. Estaremos encantados de a\u00f1adir un v\u00e1stago imprimible en 3D a nuestra gama previa solicitud en la secci\u00f3n \u2018intercambios\u2019.<br data-start=\"538\" data-end=\"541\" \/><strong><br \/>\nEs una elecci\u00f3n voluntaria por dos razones:<\/strong><\/p>\n<ol data-start=\"588\" data-end=\"831\">\n<li data-section-id=\"50vcqu\" data-start=\"588\" data-end=\"680\"><strong data-start=\"591\" data-end=\"678\">No todo el mundo tiene una impresora capaz de imprimir una pieza de 25 cm de largo<\/strong><\/li>\n<li data-section-id=\"r0x1r1\" data-start=\"681\" data-end=\"831\"><strong data-start=\"684\" data-end=\"752\">Ensamblar varias secciones de tallos impresos no es muy est\u00e9tico<\/strong>, En cambio, una simple varilla de madera da un aspecto limpio y s\u00f3lido con un estilo de decoraci\u00f3n de bamb\u00fa muy contempor\u00e1neo.<\/li>\n<\/ol>","protected":false},"excerpt":{"rendered":"<p>Pr\u00e9sentation du mod\u00e8le Le porte-b\u00e2ton d&#8217;encens Apiobi est compos\u00e9 de 4\u00a0pi\u00e8ces pouvant \u00eatre coll\u00e9es ensemble si vous le souhaitez. Vous t\u00e9l\u00e9chargez les parties suivantes : Support ressort de b\u00e2ton d&#8217;encens Connecteur tige\/support Base support de tige et pour r\u00e9ceptionner les cendres Pourquoi n&#8217;y a t-il pas de tige de 25cm \u00e0 t\u00e9l\u00e9charger? Pour la tige, [&hellip;]<\/p>\n","protected":false},"featured_media":1508,"comment_status":"open","ping_status":"closed","template":"","meta":{"_themeisle_gutenberg_block_has_review":false},"product_brand":[302],"product_cat":[144,995,130],"product_tag":[60,349,877,883,237,289,889,649,837,208,875,879,406,888,230,297,884,881,376,878,886,887,363,882,880],"class_list":{"0":"post-1502","1":"product","2":"type-product","3":"status-publish","4":"has-post-thumbnail","6":"product_brand-apiobi","7":"product_cat-maison-deco-bien-etre","8":"product_cat-meditation-relaxation","9":"product_cat-modeles-3d","10":"product_tag-accessoire","11":"product_tag-accessory","12":"product_tag-air","13":"product_tag-ambiance","14":"product_tag-apiobi","15":"product_tag-bricolage","16":"product_tag-bruleur","17":"product_tag-cone","18":"product_tag-decoration","19":"product_tag-diy","20":"product_tag-encens","21":"product_tag-fumee","22":"product_tag-handmade","23":"product_tag-home","24":"product_tag-impression-3d","25":"product_tag-imprimable-en-3d","26":"product_tag-incense","27":"product_tag-maison","28":"product_tag-outil","29":"product_tag-parfum","30":"product_tag-perfume","31":"product_tag-smoke","32":"product_tag-tool","33":"product_tag-yoga","34":"product_tag-zen","36":"first","37":"instock","38":"featured","39":"downloadable","40":"virtual","41":"sold-individually","42":"purchasable","43":"product-type-simple"},"_links":{"self":[{"href":"https:\/\/apiobi.com\/es\/wp-json\/wp\/v2\/product\/1502","targetHints":{"allow":["GET"]}}],"collection":[{"href":"https:\/\/apiobi.com\/es\/wp-json\/wp\/v2\/product"}],"about":[{"href":"https:\/\/apiobi.com\/es\/wp-json\/wp\/v2\/types\/product"}],"replies":[{"embeddable":true,"href":"https:\/\/apiobi.com\/es\/wp-json\/wp\/v2\/comments?post=1502"}],"wp:featuredmedia":[{"embeddable":true,"href":"https:\/\/apiobi.com\/es\/wp-json\/wp\/v2\/media\/1508"}],"wp:attachment":[{"href":"https:\/\/apiobi.com\/es\/wp-json\/wp\/v2\/media?parent=1502"}],"wp:term":[{"taxonomy":"product_brand","embeddable":true,"href":"https:\/\/apiobi.com\/es\/wp-json\/wp\/v2\/product_brand?post=1502"},{"taxonomy":"product_cat","embeddable":true,"href":"https:\/\/apiobi.com\/es\/wp-json\/wp\/v2\/product_cat?post=1502"},{"taxonomy":"product_tag","embeddable":true,"href":"https:\/\/apiobi.com\/es\/wp-json\/wp\/v2\/product_tag?post=1502"}],"curies":[{"name":"wp","href":"https:\/\/api.w.org\/{rel}","templated":true}]}}