{"id":1497,"date":"2026-03-25T06:39:42","date_gmt":"2026-03-25T06:39:42","guid":{"rendered":"https:\/\/apiobi.com\/?post_type=product&#038;p=1497"},"modified":"2026-03-25T07:53:16","modified_gmt":"2026-03-25T07:53:16","slug":"fil17-3d-materiau-bio-filtre-flottant-et-mobile-17-mm-media-biofiltre-filtration-filtre-bassins-et-aquaculture","status":"publish","type":"product","link":"https:\/\/apiobi.com\/es\/boutique\/modeles-3d\/aquaculture-apiculture-nichoirs\/fil17-3d-materiau-bio-filtre-flottant-et-mobile-17-mm-media-biofiltre-filtration-filtre-bassins-et-aquaculture\/","title":{"rendered":"FIL17-3D material biofiltro flotante y m\u00f3vil - 17 mm | Media biofiltro filtraci\u00f3n estanque filtro y acuicultura"},"content":{"rendered":"<h4><strong>Bio-Media Flottant et Mobile \u2013 Filtration Biologique Avanc\u00e9e<\/strong><\/h4>\n<p>T\u00e9l\u00e9chargez et fabriquez vous m\u00eame avec votre imprimante 3D le bio-media FIL17-3D Apiobi : <strong>flottant, mobile et hautement performant<\/strong>, parfaitement imprimable en <strong>PETG<\/strong> o <strong>HDPE<\/strong>, pour une filtration biologique de niveau professionnel.<\/p>\n<hr \/>\n<h4><strong>Pr\u00e9sentation<\/strong><\/h4>\n<p>Ce bio-media 3D innovant a \u00e9t\u00e9 sp\u00e9cialement con\u00e7u pour offrir une <strong>filtration biologique optimale<\/strong>, comparable aux mod\u00e8les haut de gamme du march\u00e9.<br \/>\nSa <strong>grande surface sp\u00e9cifique<\/strong> et sa <strong>g\u00e9om\u00e9trie interne optimis\u00e9e<\/strong> favorisent une colonisation massive de bact\u00e9ries b\u00e9n\u00e9fiques, garantissant une eau claire, stable et saine.<\/p>\n<hr \/>\n<h4><strong>Caracter\u00edsticas principales<\/strong><\/h4>\n<p><strong>Polyvalent et adaptable<\/strong><\/p>\n<ul>\n<li>Fonctionne en <strong>filtration flottante<\/strong>, <strong>moving bed<\/strong>, <strong>lit fluidis\u00e9<\/strong>, ou <strong>filtration ruisselante<\/strong>.<\/li>\n<\/ul>\n<p><strong>Dimensions id\u00e9ales<\/strong><\/p>\n<ul>\n<li><strong>\u00d8 17 mm \u00d7 hauteur 17 mm<\/strong>, \u00e9tudi\u00e9s pour un flux d\u2019eau fluide et une oxyg\u00e9nation maximale.<\/li>\n<\/ul>\n<p><strong>Facile \u00e0 imprimer et \u00e0 produire<\/strong><\/p>\n<ul>\n<li>Poids par pi\u00e8ce : <strong>1 g<\/strong> \u2192 Avec <strong>1 kg de filament<\/strong>, vous pouvez fabriquer de<strong>970 \u00e0 1000 unit\u00e9s<\/strong>.<\/li>\n<li>Impression simple, rapide et r\u00e9p\u00e9table.<\/li>\n<\/ul>\n<p><strong>HDPE recommand\u00e9<\/strong><\/p>\n<ul>\n<li>Ultra l\u00e9ger, tr\u00e8s durable, r\u00e9sistant aux produits chimiques.<\/li>\n<li>Offre une <strong>flottabilit\u00e9 naturelle<\/strong> parfaite pour les syst\u00e8mes en mouvement.<\/li>\n<li>Id\u00e9al pour un usage continu en eau douce ou marine.<\/li>\n<\/ul>\n<p><strong>Durable et fiable<\/strong><\/p>\n<ul>\n<li>L\u00e9gers mais robustes, con\u00e7us pour ne pas obstruer pompes et filtres.<\/li>\n<li>R\u00e9sistent \u00e0 l\u2019abrasion et aux cycles prolong\u00e9s d\u2019a\u00e9ration.<\/li>\n<\/ul>\n<p><strong>Performance de filtration<\/strong><\/p>\n<ul>\n<li>Rapport surface\/volume exceptionnel, garantissant une filtration biologique puissante sans surcharge du syst\u00e8me.<\/li>\n<\/ul>\n<p><strong>Ma\u00eetrise totale<\/strong><\/p>\n<ul>\n<li>Imprimez exactement la quantit\u00e9 n\u00e9cessaire \u2192 <strong>pas de surplus<\/strong>, pas de d\u00e9penses inutiles.<\/li>\n<\/ul>\n<hr \/>\n<h4><strong>Pour qui ?<\/strong><\/h4>\n<p>Id\u00e9al pour les <strong>aquariophiles exigeants<\/strong>, les <strong>aquaculteurs<\/strong>, les <strong>professionnels de la filtration<\/strong> et tous ceux qui recherchent un bio-m\u00e9dia <strong>plus performant, plus \u00e9conomique et enti\u00e8rement personnalisable<\/strong>.<\/p>\n<p>&nbsp;<\/p>","protected":false},"excerpt":{"rendered":"<p>Media FIL17-3D\u00a0 ApiObi pour la filtration biologique mooving bed de votre bassin<\/p>","protected":false},"featured_media":1500,"comment_status":"open","ping_status":"closed","template":"","meta":{"_themeisle_gutenberg_block_has_review":false},"product_brand":[302],"product_cat":[140,130],"product_tag":[989,422,237,379,987,368,820,771,982,986,805,780,774,990,984,950,988,582,991,230,944,365,983,985,992,773,197],"class_list":{"0":"post-1497","1":"product","2":"type-product","3":"status-publish","4":"has-post-thumbnail","6":"product_brand-apiobi","7":"product_cat-aquaculture-apiculture-nichoirs","8":"product_cat-modeles-3d","9":"product_tag-17-mm","10":"product_tag-3d","11":"product_tag-apiobi","12":"product_tag-aquaculture","13":"product_tag-aquariophile","14":"product_tag-aquarium","15":"product_tag-aquascaping","16":"product_tag-bassin","17":"product_tag-bio","18":"product_tag-biofiltration","19":"product_tag-connecteur","20":"product_tag-crepine","21":"product_tag-eau","22":"product_tag-ecologique","23":"product_tag-filtration","24":"product_tag-filtre","25":"product_tag-filtre-daquarium","26":"product_tag-flottant","27":"product_tag-gyroide","28":"product_tag-impression-3d","29":"product_tag-jonction","30":"product_tag-koi","31":"product_tag-media","32":"product_tag-mobile","33":"product_tag-mooving-bed","34":"product_tag-pompe","35":"product_tag-stl","37":"first","38":"instock","39":"featured","40":"downloadable","41":"virtual","42":"sold-individually","43":"purchasable","44":"product-type-simple"},"_links":{"self":[{"href":"https:\/\/apiobi.com\/es\/wp-json\/wp\/v2\/product\/1497","targetHints":{"allow":["GET"]}}],"collection":[{"href":"https:\/\/apiobi.com\/es\/wp-json\/wp\/v2\/product"}],"about":[{"href":"https:\/\/apiobi.com\/es\/wp-json\/wp\/v2\/types\/product"}],"replies":[{"embeddable":true,"href":"https:\/\/apiobi.com\/es\/wp-json\/wp\/v2\/comments?post=1497"}],"wp:featuredmedia":[{"embeddable":true,"href":"https:\/\/apiobi.com\/es\/wp-json\/wp\/v2\/media\/1500"}],"wp:attachment":[{"href":"https:\/\/apiobi.com\/es\/wp-json\/wp\/v2\/media?parent=1497"}],"wp:term":[{"taxonomy":"product_brand","embeddable":true,"href":"https:\/\/apiobi.com\/es\/wp-json\/wp\/v2\/product_brand?post=1497"},{"taxonomy":"product_cat","embeddable":true,"href":"https:\/\/apiobi.com\/es\/wp-json\/wp\/v2\/product_cat?post=1497"},{"taxonomy":"product_tag","embeddable":true,"href":"https:\/\/apiobi.com\/es\/wp-json\/wp\/v2\/product_tag?post=1497"}],"curies":[{"name":"wp","href":"https:\/\/api.w.org\/{rel}","templated":true}]}}