{"id":1491,"date":"2026-03-25T06:23:25","date_gmt":"2026-03-25T06:23:25","guid":{"rendered":"https:\/\/apiobi.com\/?post_type=product&#038;p=1491"},"modified":"2026-04-24T05:27:02","modified_gmt":"2026-04-24T05:27:02","slug":"%f0%9f%92%a7tubo-reductor-racor-32mm-25mm-3d-imprimible-racor-para-estanque-riego-piscina-y-jardin-i001-32-25","status":"publish","type":"product","link":"https:\/\/apiobi.com\/es\/boutique\/modeles-3d\/bricolage-atelier\/%f0%9f%92%a7raccord-reducteur-de-tuyau-32mm-25mm-raccord-imprimable-3d-pour-bassin-irrigation-piscine-et-jardin-i001-32-25\/","title":{"rendered":"Reductor de manguera 32mm - 25mm | I001-32 25"},"content":{"rendered":"<h4 data-section-id=\"3ke6vt\" data-start=\"67\" data-end=\"113\">Boquilla reductora para tubos de \u00d8 32 mm y \u00d8 25 mm<\/h4>\n<p data-start=\"115\" data-end=\"244\">El manguito adaptador de ApiObi est\u00e1 dise\u00f1ado para reparaciones, <strong data-start=\"134\" data-end=\"178\">uni\u00f3n de tuber\u00edas de aspiraci\u00f3n o descarga de 2 di\u00e1metros diferentes<\/strong><\/p>\n<ul data-start=\"246\" data-end=\"367\">\n<li data-section-id=\"gxgjm8\" data-start=\"246\" data-end=\"266\">Bombas sumergibles<\/li>\n<li>Piscinas y spas<\/li>\n<li>Bombas de agua<\/li>\n<li>Sistemas de filtraci\u00f3n de estanques<\/li>\n<li>Sistemas de riego<\/li>\n<li>Dep\u00f3sitos de agua de lluvia y desnatadores<\/li>\n<li>Cubos y cubas<\/li>\n<li>Dep\u00f3sitos de aguas grises y potables<\/li>\n<\/ul>\n<p>No dise\u00f1ado para uso a alta presi\u00f3n<\/p>\n<p><strong>Dise\u00f1o: <\/strong>el perfil se ha dise\u00f1ado especialmente para permitir <strong>impresi\u00f3n vertical sin soporte<\/strong>, Esto garantiza solidez y facilidad de fabricaci\u00f3n.<\/p>\n<p>&nbsp;<\/p>","protected":false},"excerpt":{"rendered":"<p>Racor reductor imprimible en 3D para unir 2 tubos de distinto di\u00e1metro - \u00d8 32mm a \u00d8 25mm - estanques, aspersores, piscinas y jardines<\/p>","protected":false},"featured_media":1494,"comment_status":"open","ping_status":"closed","template":"","meta":{"_themeisle_gutenberg_block_has_review":false},"product_brand":[302],"product_cat":[140,148,134,160,142,130],"product_tag":[379,779,771,289,772,793,788,774,795,377,873,775,758,785,796,789,376,231,777,786,870,773],"class_list":{"0":"post-1491","1":"product","2":"type-product","3":"status-publish","4":"has-post-thumbnail","6":"product_brand-apiobi","7":"product_cat-aquaculture-apiculture-ornithologie","8":"product_cat-bricolage-atelier","9":"product_cat-campingcar-vanlife","10":"product_cat-eau-potable-eaux-grises","11":"product_cat-jardinage","12":"product_cat-modeles-3d","13":"product_tag-aquaculture","14":"product_tag-arrosage","15":"product_tag-bassin","16":"product_tag-bricolage","17":"product_tag-carpes-koi","18":"product_tag-chantier","19":"product_tag-cuve","20":"product_tag-eau","21":"product_tag-embout","22":"product_tag-etang","23":"product_tag-filtre-de-bassin","24":"product_tag-irrigation","25":"product_tag-jardin","26":"product_tag-manchon","27":"product_tag-motopompe","28":"product_tag-oase","29":"product_tag-outil","30":"product_tag-peche","31":"product_tag-pieces-detachees","32":"product_tag-pisciculture","33":"product_tag-piscine","34":"product_tag-pompe","36":"first","37":"instock","38":"featured","39":"downloadable","40":"virtual","41":"sold-individually","42":"purchasable","43":"product-type-simple"},"_links":{"self":[{"href":"https:\/\/apiobi.com\/es\/wp-json\/wp\/v2\/product\/1491","targetHints":{"allow":["GET"]}}],"collection":[{"href":"https:\/\/apiobi.com\/es\/wp-json\/wp\/v2\/product"}],"about":[{"href":"https:\/\/apiobi.com\/es\/wp-json\/wp\/v2\/types\/product"}],"replies":[{"embeddable":true,"href":"https:\/\/apiobi.com\/es\/wp-json\/wp\/v2\/comments?post=1491"}],"wp:featuredmedia":[{"embeddable":true,"href":"https:\/\/apiobi.com\/es\/wp-json\/wp\/v2\/media\/1494"}],"wp:attachment":[{"href":"https:\/\/apiobi.com\/es\/wp-json\/wp\/v2\/media?parent=1491"}],"wp:term":[{"taxonomy":"product_brand","embeddable":true,"href":"https:\/\/apiobi.com\/es\/wp-json\/wp\/v2\/product_brand?post=1491"},{"taxonomy":"product_cat","embeddable":true,"href":"https:\/\/apiobi.com\/es\/wp-json\/wp\/v2\/product_cat?post=1491"},{"taxonomy":"product_tag","embeddable":true,"href":"https:\/\/apiobi.com\/es\/wp-json\/wp\/v2\/product_tag?post=1491"}],"curies":[{"name":"wp","href":"https:\/\/api.w.org\/{rel}","templated":true}]}}