{"id":1478,"date":"2026-03-24T10:17:13","date_gmt":"2026-03-24T10:17:13","guid":{"rendered":"https:\/\/apiobi.com\/?post_type=product&#038;p=1478"},"modified":"2026-03-24T10:38:54","modified_gmt":"2026-03-24T10:38:54","slug":"%f0%9f%91%9c-3-fonds-de-sac-180-x-90-mm-ensemble-de-bases-pour-sacs-a-main-et-panier","status":"publish","type":"product","link":"https:\/\/apiobi.com\/es\/boutique\/modeles-3d\/loisirs-creatifs-diy\/%f0%9f%91%9c-3-fonds-de-sac-180-x-90-mm-ensemble-de-bases-pour-sacs-a-main-et-panier\/","title":{"rendered":"\ud83d\udc5c 3 fondos de bolso 180 x 90 mm - Juego de base para bolsos y cesta"},"content":{"rendered":"<h4>\u2728 Description<\/h4>\n<p>R\u00e9aliser des sacs au crochet, paniers, corbeilles ou objets d\u00e9coratifs devient beaucoup plus pro avec un <strong>fond solide et durable<\/strong> ! Ce lot comprend <strong>3 mod\u00e8les de fonds de sacs<\/strong>, tous bas\u00e9s sur un format unique de 180\u00d790 mm. Les trous sont parfaitement dimensionn\u00e9s pour accueillir du <strong>trapilho<\/strong>, de la <strong>laine \u00e9paisse<\/strong>, ou tout autre fil, afin d\u2019obtenir une finition nette et professionnelle.<\/p>\n<p>Ce pack inclut <strong>3 versions polyvalentes<\/strong> :<\/p>\n<ol>\n<li><strong>Fond de sac plein<\/strong> \u2013 une base robuste et uniforme<\/li>\n<li><strong>Fond perc\u00e9 pour ins\u00e9rer 4 pieds<\/strong> \u2013 discret et \u00e9l\u00e9gant<\/li>\n<li><strong>Fond avec 4 pieds int\u00e9gr\u00e9s<\/strong> \u2013 pour un rendu all in one,\u00a0 sur\u00e9lev\u00e9 et solide<\/li>\n<\/ol>\n<hr \/>\n<h4>\u2705 <strong>Pourquoi vous allez adorer cet ensemble<\/strong><\/h4>\n<ul>\n<li><strong>Pr\u00eat \u00e0 imprimer<\/strong> : t\u00e9l\u00e9chargez, imprimez \u00e0 vos couleurs, crochetez !<\/li>\n<li><strong>Ultra-polyvalent<\/strong> : compatible avec de nombreux types de projets<\/li>\n<li><strong>Durable et r\u00e9utilisable<\/strong> : parfait pour des cr\u00e9ations qui durent<\/li>\n<li><strong>Adapt\u00e9 d\u00e9butants &amp; experts<\/strong><\/li>\n<\/ul>\n<hr \/>\n<h4>\ud83d\udccf <strong>Dimensions<\/strong><\/h4>\n<ul>\n<li><strong>Longueur : <\/strong>180 mm<\/li>\n<li><strong>Largeur : <\/strong>90 mm<\/li>\n<\/ul>\n<hr \/>\n<p>Ajoutez une touche professionnelle et robuste \u00e0 vos cr\u00e9ations au crochet avec ces <strong>fonds de sacs \u00e9l\u00e9gants, pratiques et durables<\/strong> \u2013 un indispensable pour tout crocheteur ou crocheteuse ! \u2728<\/p>\n<p>Chez <strong>ApiObi<\/strong>, nous aimons concevoir des accessoires pour tous les passionn\u00e9s de crochet, d\u00e9butants comme confirm\u00e9s \ud83e\uddf6.<\/p>","protected":false},"excerpt":{"rendered":"<p>Lot de 3 fonds de sacs 180\u00d790 mm \u2013 Id\u00e9al pour le crochet trapilho et les sacs faits main<\/p>","protected":false},"featured_media":1482,"comment_status":"open","ping_status":"closed","template":"","meta":{"_themeisle_gutenberg_block_has_review":false},"product_brand":[302],"product_cat":[138,130],"product_tag":[465,320,267,400,488,483,237,466,489,481,407,417,262,471,402,467,411,477,473,396,418,208,399,472,469,478,474,408,482,498,476,406,470,401,412,397,413,333,494,493,480,490,486,484,491,496,485,487,492,497,495,197,479,468,475],"class_list":{"0":"post-1478","1":"product","2":"type-product","3":"status-publish","4":"has-post-thumbnail","6":"product_brand-apiobi","7":"product_cat-loisirs-creatifs-diy","8":"product_cat-modeles-3d","9":"product_tag-3d-bag-base","10":"product_tag-3d-model","11":"product_tag-3d-printable","12":"product_tag-3d-printed","13":"product_tag-accessoires-au-crochet","14":"product_tag-anses-de-sac","15":"product_tag-apiobi","16":"product_tag-bag-handles-3d","17":"product_tag-bricolage-diy","18":"product_tag-craft-supplies","19":"product_tag-craft-tool","20":"product_tag-creation","21":"product_tag-crochet","22":"product_tag-crochet-accessories","23":"product_tag-crochet-accessory","24":"product_tag-crochet-bag","25":"product_tag-crochet-lover","26":"product_tag-crochet-pattern","27":"product_tag-crochet-project","28":"product_tag-crochet-tool","29":"product_tag-crocheteuse","30":"product_tag-diy","31":"product_tag-diy-accessory","32":"product_tag-diy-craft","33":"product_tag-diy-handbag","34":"product_tag-durable-bag","35":"product_tag-eco-friendly-bag","36":"product_tag-fiber-arts","37":"product_tag-fond-de-sac","38":"product_tag-fournitures-de-bricolage","39":"product_tag-handbag-template","40":"product_tag-handmade","41":"product_tag-handmade-bag","42":"product_tag-knitting-accessory","43":"product_tag-knitting-lover","44":"product_tag-knitting-tool","45":"product_tag-laine","46":"product_tag-modele-3d","47":"product_tag-patron-au-crochet","48":"product_tag-patron-de-sac-a-main","49":"product_tag-personalized-bag","50":"product_tag-projet-au-crochet","51":"product_tag-sac-a-main-diy","52":"product_tag-sac-au-crochet","53":"product_tag-sac-ecologique","54":"product_tag-sac-elegant","55":"product_tag-sac-en-fil-de-t-shirt","56":"product_tag-sac-fait-main","57":"product_tag-sac-fourre-tout","58":"product_tag-sac-personnalise","59":"product_tag-sac-resistant","60":"product_tag-stl","61":"product_tag-stylish-bag","62":"product_tag-t-shirt-yarn-bag","63":"product_tag-tote-bag","65":"first","66":"instock","67":"downloadable","68":"virtual","69":"sold-individually","70":"purchasable","71":"product-type-simple"},"_links":{"self":[{"href":"https:\/\/apiobi.com\/es\/wp-json\/wp\/v2\/product\/1478","targetHints":{"allow":["GET"]}}],"collection":[{"href":"https:\/\/apiobi.com\/es\/wp-json\/wp\/v2\/product"}],"about":[{"href":"https:\/\/apiobi.com\/es\/wp-json\/wp\/v2\/types\/product"}],"replies":[{"embeddable":true,"href":"https:\/\/apiobi.com\/es\/wp-json\/wp\/v2\/comments?post=1478"}],"wp:featuredmedia":[{"embeddable":true,"href":"https:\/\/apiobi.com\/es\/wp-json\/wp\/v2\/media\/1482"}],"wp:attachment":[{"href":"https:\/\/apiobi.com\/es\/wp-json\/wp\/v2\/media?parent=1478"}],"wp:term":[{"taxonomy":"product_brand","embeddable":true,"href":"https:\/\/apiobi.com\/es\/wp-json\/wp\/v2\/product_brand?post=1478"},{"taxonomy":"product_cat","embeddable":true,"href":"https:\/\/apiobi.com\/es\/wp-json\/wp\/v2\/product_cat?post=1478"},{"taxonomy":"product_tag","embeddable":true,"href":"https:\/\/apiobi.com\/es\/wp-json\/wp\/v2\/product_tag?post=1478"}],"curies":[{"name":"wp","href":"https:\/\/api.w.org\/{rel}","templated":true}]}}