{"id":1470,"date":"2026-03-24T07:35:03","date_gmt":"2026-03-24T07:35:03","guid":{"rendered":"https:\/\/apiobi.com\/?post_type=product&#038;p=1470"},"modified":"2026-04-24T05:29:17","modified_gmt":"2026-04-24T05:29:17","slug":"boucle-a-glissiere-boucle-pour-sangle-de-sac-crochet-diy-trapillo-laine-raphia-fil","status":"publish","type":"product","link":"https:\/\/apiobi.com\/es\/boutique\/modeles-3d\/loisirs-creatifs-diy\/boucle-a-glissiere-boucle-pour-sangle-de-sac-crochet-diy-trapillo-laine-raphia-fil\/","title":{"rendered":"Boucle \u00e0 glissi\u00e8re | Boucle pour sangle de sac | Crochet DIY, trapillo, laine, raphia, fil"},"content":{"rendered":"<p>Hebilla de cremallera rectangular fina, resistente y elegante para bandolera, correa de bolso<\/p>\n<p><strong>Dimensiones :<\/strong> 40 mm x 45 mm x \u00d8 3 mm<br \/>\n<strong>\ud83c\udf81 2\u00ba modelo de bonificaci\u00f3n:<\/strong> 40 mm x 25 mm x \u00d8 3 mm<\/p>\n<p>Puede descargar estos 2 modelos por el precio indicado.<\/p>","protected":false},"excerpt":{"rendered":"<p>Boucle \u00e0 glissi\u00e8re rectangulaire fine, r\u00e9sistante et \u00e9l\u00e9gante pour bandouli\u00e8re, sangle de sac Dimensions : 40 mm x 45 mm x \u00d8 3 mm \ud83c\udf81 2nd mod\u00e8le en bonus : 40 mm x 25 mm x \u00d8 3 mm Vous t\u00e9l\u00e9chargez ces 2 mod\u00e8les pour le prix indiqu\u00e9!<\/p>","protected":false},"featured_media":1474,"comment_status":"open","ping_status":"closed","template":"","meta":{"_themeisle_gutenberg_block_has_review":false},"product_brand":[302],"product_cat":[138,130],"product_tag":[465,320,267,400,488,483,237,466,489,481,407,417,262,471,402,467,411,477,473,396,418,208,399,472,469,478,474,408,482,498,476,406,470,401,412,397,413,333,494,493,480,490,486,484,491,496,485,487,492,497,495,197,479,981,468,475],"class_list":{"0":"post-1470","1":"product","2":"type-product","3":"status-publish","4":"has-post-thumbnail","6":"product_brand-apiobi","7":"product_cat-loisirs-creatifs-diy","8":"product_cat-modeles-3d","9":"product_tag-3d-bag-base","10":"product_tag-3d-model","11":"product_tag-3d-printable","12":"product_tag-3d-printed","13":"product_tag-accessoires-au-crochet","14":"product_tag-anses-de-sac","15":"product_tag-apiobi","16":"product_tag-bag-handles-3d","17":"product_tag-bricolage-diy","18":"product_tag-craft-supplies","19":"product_tag-craft-tool","20":"product_tag-creation","21":"product_tag-crochet","22":"product_tag-crochet-accessories","23":"product_tag-crochet-accessory","24":"product_tag-crochet-bag","25":"product_tag-crochet-lover","26":"product_tag-crochet-pattern","27":"product_tag-crochet-project","28":"product_tag-crochet-tool","29":"product_tag-crocheteuse","30":"product_tag-diy","31":"product_tag-diy-accessory","32":"product_tag-diy-craft","33":"product_tag-diy-handbag","34":"product_tag-durable-bag","35":"product_tag-eco-friendly-bag","36":"product_tag-fiber-arts","37":"product_tag-fond-de-sac","38":"product_tag-fournitures-de-bricolage","39":"product_tag-handbag-template","40":"product_tag-handmade","41":"product_tag-handmade-bag","42":"product_tag-knitting-accessory","43":"product_tag-knitting-lover","44":"product_tag-knitting-tool","45":"product_tag-laine","46":"product_tag-modele-3d","47":"product_tag-patron-au-crochet","48":"product_tag-patron-de-sac-a-main","49":"product_tag-personalized-bag","50":"product_tag-projet-au-crochet","51":"product_tag-sac-a-main-diy","52":"product_tag-sac-au-crochet","53":"product_tag-sac-ecologique","54":"product_tag-sac-elegant","55":"product_tag-sac-en-fil-de-t-shirt","56":"product_tag-sac-fait-main","57":"product_tag-sac-fourre-tout","58":"product_tag-sac-personnalise","59":"product_tag-sac-resistant","60":"product_tag-stl","61":"product_tag-stylish-bag","62":"product_tag-svg","63":"product_tag-t-shirt-yarn-bag","64":"product_tag-tote-bag","66":"first","67":"instock","68":"downloadable","69":"virtual","70":"sold-individually","71":"purchasable","72":"product-type-simple"},"_links":{"self":[{"href":"https:\/\/apiobi.com\/es\/wp-json\/wp\/v2\/product\/1470","targetHints":{"allow":["GET"]}}],"collection":[{"href":"https:\/\/apiobi.com\/es\/wp-json\/wp\/v2\/product"}],"about":[{"href":"https:\/\/apiobi.com\/es\/wp-json\/wp\/v2\/types\/product"}],"replies":[{"embeddable":true,"href":"https:\/\/apiobi.com\/es\/wp-json\/wp\/v2\/comments?post=1470"}],"wp:featuredmedia":[{"embeddable":true,"href":"https:\/\/apiobi.com\/es\/wp-json\/wp\/v2\/media\/1474"}],"wp:attachment":[{"href":"https:\/\/apiobi.com\/es\/wp-json\/wp\/v2\/media?parent=1470"}],"wp:term":[{"taxonomy":"product_brand","embeddable":true,"href":"https:\/\/apiobi.com\/es\/wp-json\/wp\/v2\/product_brand?post=1470"},{"taxonomy":"product_cat","embeddable":true,"href":"https:\/\/apiobi.com\/es\/wp-json\/wp\/v2\/product_cat?post=1470"},{"taxonomy":"product_tag","embeddable":true,"href":"https:\/\/apiobi.com\/es\/wp-json\/wp\/v2\/product_tag?post=1470"}],"curies":[{"name":"wp","href":"https:\/\/api.w.org\/{rel}","templated":true}]}}