{"id":1464,"date":"2026-03-24T06:31:06","date_gmt":"2026-03-24T06:31:06","guid":{"rendered":"https:\/\/apiobi.com\/?post_type=product&#038;p=1464"},"modified":"2026-03-25T07:44:50","modified_gmt":"2026-03-25T07:44:50","slug":"%f0%9f%a7%b6base-de-panier-circulaire-fond-de-sac-ou-boite-ronde-crochet-trapilho-fil-de-t-shirt-laine-small","status":"publish","type":"product","link":"https:\/\/apiobi.com\/es\/boutique\/modeles-3d\/loisirs-creatifs-diy\/%f0%9f%a7%b6base-de-panier-circulaire-fond-de-sac-ou-boite-ronde-crochet-trapilho-fil-de-t-shirt-laine-small\/","title":{"rendered":"\ud83e\uddf6 Base redonda de cesta | Base redonda de bolsa o caja | Ganchillo, trapilho, hilo de camiseta, lana | PEQUE\u00d1O"},"content":{"rendered":"<p>La plupart des fonds de paniers ou de sacs vendus aux passionn\u00e9(e)s de crochet pr\u00e9sentent des trous trop petits ou trop grands, ce qui ne convient pas \u00e0 la confection de sacs-paniers faits main \u00e0 partir de trapilho ou de fil de laine\/coton\/acrylique de section importante.<br \/>\nNous cr\u00e9ons des mod\u00e8les de fonds de sacs \u00e0 main, de paniers et de sacs pour les crocheteuses (et crocheteurs), ainsi que des anses et de nombreux accessoires sp\u00e9cifiques \u00e0 la passion d\u00e9vorante du crochet.<\/p>\n<p><strong>Diam\u00e8tre de la base :<\/strong> 70 mm,<br \/>\n<strong>Diam\u00e8tre des trous <\/strong>: 7 mm<\/p>\n<p>Chez <strong>ApiObi<\/strong>, nous adorons concevoir des accessoires pour tous les passionn\u00e9(e)s de cr\u00e9ation, d\u00e9butant(e)s comme expert(e)s ! \ud83e\uddf6 Chaque pi\u00e8ce est pens\u00e9e pour enrichir vos projets DIY en collaboration avec les apports techniques d&#8217;une experte crochet.<br \/>\nUn bundle complet de fonds circulaires de diff\u00e9rents diam\u00e8tres sera mis en ligne prochainement.<\/p>\n<p>En attendant et pour tester les mod\u00e8les 3D PREMIUM d&#8217;Apiobi, t\u00e9l\u00e9chargez ce mod\u00e8le gratuitement que vous pouvez imprimer (.stl) ou d\u00e9couper avec votre d\u00e9coupeuse laser (.svg)<\/p>","protected":false},"excerpt":{"rendered":"<p>Base, fond circulaire taille SMALL au formats STL et SVG pour panier, sacs boites faits main con\u00e7u pour trapilho et fil \u00e9pais.<\/p>","protected":false},"featured_media":1466,"comment_status":"open","ping_status":"closed","template":"","meta":{"_themeisle_gutenberg_block_has_review":false},"product_brand":[302],"product_cat":[138,130],"product_tag":[465,320,267,400,488,483,237,466,489,481,407,417,262,471,402,467,411,477,473,396,418,208,399,472,469,478,474,408,482,498,476,406,470,401,412,397,413,333,494,493,480,490,486,484,491,496,485,487,492,497,495,197,479,981,468,475],"class_list":{"0":"post-1464","1":"product","2":"type-product","3":"status-publish","4":"has-post-thumbnail","6":"product_brand-apiobi","7":"product_cat-loisirs-creatifs-diy","8":"product_cat-modeles-3d","9":"product_tag-3d-bag-base","10":"product_tag-3d-model","11":"product_tag-3d-printable","12":"product_tag-3d-printed","13":"product_tag-accessoires-au-crochet","14":"product_tag-anses-de-sac","15":"product_tag-apiobi","16":"product_tag-bag-handles-3d","17":"product_tag-bricolage-diy","18":"product_tag-craft-supplies","19":"product_tag-craft-tool","20":"product_tag-creation","21":"product_tag-crochet","22":"product_tag-crochet-accessories","23":"product_tag-crochet-accessory","24":"product_tag-crochet-bag","25":"product_tag-crochet-lover","26":"product_tag-crochet-pattern","27":"product_tag-crochet-project","28":"product_tag-crochet-tool","29":"product_tag-crocheteuse","30":"product_tag-diy","31":"product_tag-diy-accessory","32":"product_tag-diy-craft","33":"product_tag-diy-handbag","34":"product_tag-durable-bag","35":"product_tag-eco-friendly-bag","36":"product_tag-fiber-arts","37":"product_tag-fond-de-sac","38":"product_tag-fournitures-de-bricolage","39":"product_tag-handbag-template","40":"product_tag-handmade","41":"product_tag-handmade-bag","42":"product_tag-knitting-accessory","43":"product_tag-knitting-lover","44":"product_tag-knitting-tool","45":"product_tag-laine","46":"product_tag-modele-3d","47":"product_tag-patron-au-crochet","48":"product_tag-patron-de-sac-a-main","49":"product_tag-personalized-bag","50":"product_tag-projet-au-crochet","51":"product_tag-sac-a-main-diy","52":"product_tag-sac-au-crochet","53":"product_tag-sac-ecologique","54":"product_tag-sac-elegant","55":"product_tag-sac-en-fil-de-t-shirt","56":"product_tag-sac-fait-main","57":"product_tag-sac-fourre-tout","58":"product_tag-sac-personnalise","59":"product_tag-sac-resistant","60":"product_tag-stl","61":"product_tag-stylish-bag","62":"product_tag-svg","63":"product_tag-t-shirt-yarn-bag","64":"product_tag-tote-bag","66":"first","67":"instock","68":"sale","69":"featured","70":"downloadable","71":"virtual","72":"sold-individually","73":"purchasable","74":"product-type-simple"},"_links":{"self":[{"href":"https:\/\/apiobi.com\/es\/wp-json\/wp\/v2\/product\/1464","targetHints":{"allow":["GET"]}}],"collection":[{"href":"https:\/\/apiobi.com\/es\/wp-json\/wp\/v2\/product"}],"about":[{"href":"https:\/\/apiobi.com\/es\/wp-json\/wp\/v2\/types\/product"}],"replies":[{"embeddable":true,"href":"https:\/\/apiobi.com\/es\/wp-json\/wp\/v2\/comments?post=1464"}],"wp:featuredmedia":[{"embeddable":true,"href":"https:\/\/apiobi.com\/es\/wp-json\/wp\/v2\/media\/1466"}],"wp:attachment":[{"href":"https:\/\/apiobi.com\/es\/wp-json\/wp\/v2\/media?parent=1464"}],"wp:term":[{"taxonomy":"product_brand","embeddable":true,"href":"https:\/\/apiobi.com\/es\/wp-json\/wp\/v2\/product_brand?post=1464"},{"taxonomy":"product_cat","embeddable":true,"href":"https:\/\/apiobi.com\/es\/wp-json\/wp\/v2\/product_cat?post=1464"},{"taxonomy":"product_tag","embeddable":true,"href":"https:\/\/apiobi.com\/es\/wp-json\/wp\/v2\/product_tag?post=1464"}],"curies":[{"name":"wp","href":"https:\/\/api.w.org\/{rel}","templated":true}]}}