{"id":1454,"date":"2026-03-23T17:04:07","date_gmt":"2026-03-23T17:04:07","guid":{"rendered":"https:\/\/apiobi.com\/?post_type=product&#038;p=1454"},"modified":"2026-04-10T08:13:33","modified_gmt":"2026-04-10T08:13:33","slug":"oeillets-bache-a-clipser-solide-sans-outil","status":"publish","type":"product","link":"https:\/\/apiobi.com\/es\/boutique\/modeles-3d\/jardinage\/oeillets-bache-a-clipser-solide-sans-outil\/","title":{"rendered":"Lona con ojales para enganchar | S\u00f3lida, no necesita herramientas"},"content":{"rendered":"<p data-start=\"179\" data-end=\"517\">Contrairement aux mod\u00e8les du commerce dont l\u2019ouverture interne varie entre 11 et 12 mm, notre <strong data-start=\"267\" data-end=\"303\">mod\u00e8le d\u2019\u0153illet auto-clipsant offre un trou de 17 mm<\/strong>, id\u00e9al pour une large vari\u00e9t\u00e9 de cordes et de fixations et un <strong>diam\u00e8tre de 34 mm<\/strong> pour maintenir solidement toiles, b\u00e2ches et tissus.<br data-start=\"368\" data-end=\"371\" \/><strong data-start=\"371\" data-end=\"407\">Aucune rondelle n\u2019est n\u00e9cessaire<\/strong> : la partie femelle comporte des ergots circulaires qui grippent solidement la b\u00e2che entre les deux \u00e9l\u00e9ments.<\/p>\n<hr data-start=\"519\" data-end=\"522\" \/>\n<h4 data-section-id=\"1cm90ct\" data-start=\"524\" data-end=\"562\"><span role=\"text\">\ud83d\udd39 <strong data-start=\"530\" data-end=\"562\">Caract\u00e9ristiques principales<\/strong><\/span><\/h4>\n<ul data-start=\"563\" data-end=\"1158\">\n<li data-section-id=\"14w1q9o\" data-start=\"563\" data-end=\"723\"><strong data-start=\"565\" data-end=\"593\">Format unique optimis\u00e9 :<\/strong> 34 mm de large \u00d7 10 mm d\u2019\u00e9paisseur, trou interne de 17 mm \u2013 parfaitement adapt\u00e9 \u00e0 la majorit\u00e9 des b\u00e2ches et tissus d\u2019ext\u00e9rieur.<\/li>\n<li data-section-id=\"16m11e0\" data-start=\"724\" data-end=\"916\"><strong data-start=\"726\" data-end=\"755\">Installation sans outil :<\/strong> le syst\u00e8me auto-bloquant se clipse directement sur la mati\u00e8re. Il suffit de positionner la b\u00e2che sur la partie m\u00e2le et d\u2019embo\u00eeter les deux \u00e9l\u00e9ments \u00e0 la main.Selon l&#8217;\u00e9paisseur de la b\u00e2che vous aurez peut-\u00eatre besoin de frapper l\u2019\u0153illet pour un clipsage en force.<\/li>\n<li data-section-id=\"ibvda5\" data-start=\"917\" data-end=\"1031\"><strong data-start=\"919\" data-end=\"943\">Mat\u00e9riaux robustes :<\/strong> imprim\u00e9 en <strong data-start=\"958\" data-end=\"966\">PETG<\/strong> (l\u00e9g\u00e8rement flexible, id\u00e9al en ext\u00e9rieur), <strong data-start=\"1010\" data-end=\"1017\">ABS<\/strong> ou <strong data-start=\"1021\" data-end=\"1028\">ASA<\/strong>. vous obtiendrez un \u0153illet comparable aux mod\u00e8les vendus dans le commerce.<\/li>\n<li data-section-id=\"1ugenzu\" data-start=\"1032\" data-end=\"1158\"><strong data-start=\"1034\" data-end=\"1066\">Polyvalent et r\u00e9utilisable :<\/strong> peut \u00e9galement servir de renfort ou de r\u00e9paration pour trous arrach\u00e9s sur b\u00e2ches et toiles.<\/li>\n<\/ul>\n<hr data-start=\"1160\" data-end=\"1163\" \/>\n<h4 data-section-id=\"110pxb1\" data-start=\"1165\" data-end=\"1193\"><span role=\"text\">\ud83d\udd39 <strong data-start=\"1171\" data-end=\"1193\">Usages recommand\u00e9s<\/strong><\/span><\/h4>\n<ul data-start=\"1194\" data-end=\"1396\">\n<li data-section-id=\"1my4uzn\" data-start=\"1194\" data-end=\"1245\">Fixation de b\u00e2ches, tentes, abris ou pare-vents<\/li>\n<li data-section-id=\"1sn1it3\" data-start=\"1246\" data-end=\"1303\">\u00c9crans de jardin, ombrages et protections ext\u00e9rieures<\/li>\n<li data-section-id=\"im3ztp\" data-start=\"1304\" data-end=\"1338\">Filets et \u00e9quipements de p\u00eache<\/li>\n<li data-section-id=\"woh7c7\" data-start=\"1339\" data-end=\"1396\">Banni\u00e8res, panneaux souples, protections saisonni\u00e8res<\/li>\n<li data-section-id=\"woh7c7\" data-start=\"1339\" data-end=\"1396\">P\u00e9pini\u00e8res<\/li>\n<li>Camping et navigation de plaisance<\/li>\n<li>Rideaux de douche et autres textiles<\/li>\n<\/ul>\n<p data-start=\"1398\" data-end=\"1519\" data-is-last-node=\"\" data-is-only-node=\"\"><strong data-start=\"1398\" data-end=\"1519\" data-is-last-node=\"\">Solide, r\u00e9utilisable et imm\u00e9diatement pr\u00eat pour tous vos projets ext\u00e9rieurs \u2014 imprimez votre \u0153illet auto-clipsant d\u00e8s aujourd\u2019hui !<\/strong><\/p>","protected":false},"excerpt":{"rendered":"<p>\u0152illet clip \u00e0 clipser sur vos b\u00e2ches et tissus ext\u00e9rieurs, solide, fonctionnel et \u00e9conomique<\/p>","protected":false},"featured_media":1463,"comment_status":"open","ping_status":"closed","template":"","meta":{"_themeisle_gutenberg_block_has_review":false},"product_brand":[302],"product_cat":[148,134,142,130,136],"product_tag":[422,267,965,237,379,960,954,955,969,966,956,30,32,971,975,961,979,874,730,953,304,646,977,972,297,235,920,958,232,231,786,959,970,976,962,964,198,963,974,291,973,197,968,957,978,967,980],"class_list":{"0":"post-1454","1":"product","2":"type-product","3":"status-publish","4":"has-post-thumbnail","6":"product_brand-apiobi","7":"product_cat-bricolage-atelier","8":"product_cat-campingcar-vanlife","9":"product_cat-jardinage","10":"product_cat-modeles-3d","11":"product_cat-peche-3dpecheur","12":"product_tag-3d","13":"product_tag-3d-printable","14":"product_tag-agriculture","15":"product_tag-apiobi","16":"product_tag-aquaculture","17":"product_tag-auto-scellant","18":"product_tag-bache","19":"product_tag-banderole","20":"product_tag-banner","21":"product_tag-bois","22":"product_tag-brise-vue","23":"product_tag-camping","24":"product_tag-camping-car","25":"product_tag-canvas","26":"product_tag-clip-on","27":"product_tag-clipser","28":"product_tag-curtain","29":"product_tag-cuve-a-eau","30":"product_tag-exterieur","31":"product_tag-fdm","32":"product_tag-fishing","33":"product_tag-gardening","34":"product_tag-greenhouse","35":"product_tag-grommet","36":"product_tag-imprimable-en-3d","37":"product_tag-jardinage","38":"product_tag-loisir","39":"product_tag-oeillet","40":"product_tag-outdoor","41":"product_tag-peche","42":"product_tag-pisciculture","43":"product_tag-pression","44":"product_tag-privacy-screen","45":"product_tag-reusable","46":"product_tag-reutilisable","47":"product_tag-rideau","48":"product_tag-rv","49":"product_tag-sans-outil","50":"product_tag-self-sealing","51":"product_tag-serre","52":"product_tag-snap-fastener","53":"product_tag-stl","54":"product_tag-tarp","55":"product_tag-toile","56":"product_tag-tool-free","57":"product_tag-voile","58":"product_tag-wood","60":"first","61":"instock","62":"featured","63":"downloadable","64":"virtual","65":"sold-individually","66":"purchasable","67":"product-type-simple"},"_links":{"self":[{"href":"https:\/\/apiobi.com\/es\/wp-json\/wp\/v2\/product\/1454","targetHints":{"allow":["GET"]}}],"collection":[{"href":"https:\/\/apiobi.com\/es\/wp-json\/wp\/v2\/product"}],"about":[{"href":"https:\/\/apiobi.com\/es\/wp-json\/wp\/v2\/types\/product"}],"replies":[{"embeddable":true,"href":"https:\/\/apiobi.com\/es\/wp-json\/wp\/v2\/comments?post=1454"}],"wp:featuredmedia":[{"embeddable":true,"href":"https:\/\/apiobi.com\/es\/wp-json\/wp\/v2\/media\/1463"}],"wp:attachment":[{"href":"https:\/\/apiobi.com\/es\/wp-json\/wp\/v2\/media?parent=1454"}],"wp:term":[{"taxonomy":"product_brand","embeddable":true,"href":"https:\/\/apiobi.com\/es\/wp-json\/wp\/v2\/product_brand?post=1454"},{"taxonomy":"product_cat","embeddable":true,"href":"https:\/\/apiobi.com\/es\/wp-json\/wp\/v2\/product_cat?post=1454"},{"taxonomy":"product_tag","embeddable":true,"href":"https:\/\/apiobi.com\/es\/wp-json\/wp\/v2\/product_tag?post=1454"}],"curies":[{"name":"wp","href":"https:\/\/api.w.org\/{rel}","templated":true}]}}