{"id":1427,"date":"2026-03-20T15:57:09","date_gmt":"2026-03-20T15:57:09","guid":{"rendered":"https:\/\/apiobi.com\/?post_type=product&#038;p=1427"},"modified":"2026-03-25T07:44:33","modified_gmt":"2026-03-25T07:44:33","slug":"crepine-dentree-de-filtration-pour-tuyau-daspiration-de-13-mm-compatible-eheim-7272310","status":"publish","type":"product","link":"https:\/\/apiobi.com\/es\/boutique\/modeles-3d\/aquaculture-apiculture-nichoirs\/crepine-dentree-de-filtration-pour-tuyau-daspiration-de-13-mm-compatible-eheim-7272310\/","title":{"rendered":"Filtro de entrada para manguera de aspiraci\u00f3n de 13 mm | compatible Eheim 7272310"},"content":{"rendered":"<h4><strong>Cr\u00e9pine d&#8217;aspiration pour tuyau-tube d&#8217;aspiration et tuyau souple de 13 mm.<\/strong><\/h4>\n<p>La cr\u00e9pine ApiObi convient \u00e9galement comme pi\u00e8ce de remplacement \u00e9quivalente au <strong>filtre Eheim 7272310<\/strong> et apporte un certain nombre d&#8217;\u00e9volutions dont une r\u00e9duction significative de la taille des orifices \u00e0 l&#8217;extr\u00e9mit\u00e9 de la cr\u00e9pine afin de minimiser l&#8217;aspiration de substrat ou d&#8217;impuret\u00e9s lors de son utilisation sans \u00e9ponge.<br \/>\n<strong>Longueur:<\/strong> 60 mm<\/p>\n<p>&nbsp;<\/p>\n<p>&nbsp;<\/p>","protected":false},"excerpt":{"rendered":"<p>Cr\u00e9pine d&#8217;aspiration pour tuyau-tube d&#8217;aspiration et tuyau souple de 13 mm. La cr\u00e9pine ApiObi convient \u00e9galement comme pi\u00e8ce de remplacement \u00e9quivalente au filtre Eheim 7272310 et apporte un certain nombre d&#8217;\u00e9volutions dont une r\u00e9duction significative de la taille des orifices \u00e0 l&#8217;extr\u00e9mit\u00e9 de la cr\u00e9pine afin de minimiser l&#8217;aspiration de substrat ou d&#8217;impuret\u00e9s lors de [&hellip;]<\/p>\n","protected":false},"featured_media":1431,"comment_status":"open","ping_status":"closed","template":"","meta":{"_themeisle_gutenberg_block_has_review":false},"product_brand":[302],"product_cat":[140,130],"product_tag":[422,877,952,237,379,368,820,771,289,805,780,774,984,950,230,944,948,773,782,197,942],"class_list":{"0":"post-1427","1":"product","2":"type-product","3":"status-publish","4":"has-post-thumbnail","6":"product_brand-apiobi","7":"product_cat-aquaculture-apiculture-nichoirs","8":"product_cat-modeles-3d","9":"product_tag-3d","10":"product_tag-air","11":"product_tag-annele","12":"product_tag-apiobi","13":"product_tag-aquaculture","14":"product_tag-aquarium","15":"product_tag-aquascaping","16":"product_tag-bassin","17":"product_tag-bricolage","18":"product_tag-connecteur","19":"product_tag-crepine","20":"product_tag-eau","21":"product_tag-filtration","22":"product_tag-filtre","23":"product_tag-impression-3d","24":"product_tag-jonction","25":"product_tag-moteur","26":"product_tag-pompe","27":"product_tag-raccord","28":"product_tag-stl","29":"product_tag-tuyau","31":"first","32":"instock","33":"downloadable","34":"virtual","35":"sold-individually","36":"purchasable","37":"product-type-simple"},"_links":{"self":[{"href":"https:\/\/apiobi.com\/es\/wp-json\/wp\/v2\/product\/1427","targetHints":{"allow":["GET"]}}],"collection":[{"href":"https:\/\/apiobi.com\/es\/wp-json\/wp\/v2\/product"}],"about":[{"href":"https:\/\/apiobi.com\/es\/wp-json\/wp\/v2\/types\/product"}],"replies":[{"embeddable":true,"href":"https:\/\/apiobi.com\/es\/wp-json\/wp\/v2\/comments?post=1427"}],"wp:featuredmedia":[{"embeddable":true,"href":"https:\/\/apiobi.com\/es\/wp-json\/wp\/v2\/media\/1431"}],"wp:attachment":[{"href":"https:\/\/apiobi.com\/es\/wp-json\/wp\/v2\/media?parent=1427"}],"wp:term":[{"taxonomy":"product_brand","embeddable":true,"href":"https:\/\/apiobi.com\/es\/wp-json\/wp\/v2\/product_brand?post=1427"},{"taxonomy":"product_cat","embeddable":true,"href":"https:\/\/apiobi.com\/es\/wp-json\/wp\/v2\/product_cat?post=1427"},{"taxonomy":"product_tag","embeddable":true,"href":"https:\/\/apiobi.com\/es\/wp-json\/wp\/v2\/product_tag?post=1427"}],"curies":[{"name":"wp","href":"https:\/\/api.w.org\/{rel}","templated":true}]}}