{"id":1421,"date":"2026-03-20T15:17:34","date_gmt":"2026-03-20T15:17:34","guid":{"rendered":"https:\/\/apiobi.com\/?post_type=product&#038;p=1421"},"modified":"2026-03-25T07:45:01","modified_gmt":"2026-03-25T07:45:01","slug":"ensemble-de-5-raccords-pour-tuyau-dair-3-16-pour-aquarium-connecteur-pour-tuyau-dair-daquarium","status":"publish","type":"product","link":"https:\/\/apiobi.com\/es\/boutique\/modeles-3d\/bricolage-atelier\/ensemble-de-5-raccords-pour-tuyau-dair-3-16-pour-aquarium-connecteur-pour-tuyau-dair-daquarium\/","title":{"rendered":"Juego de 5 conectores de manguera de aire para acuario de 3\/16\u2033 \/\/ Conector de manguera de aire para acuario"},"content":{"rendered":"<p>Set complet compos\u00e9 de 5 <strong>raccords de jonction droite, de formes en\u00a0I, L, T, X et Y<\/strong>\u00a0compatibles avec <strong>les <\/strong><strong data-start=\"397\" data-end=\"428\">tuyaux d\u2019air standard 3\/16&#8243;<\/strong> pour aquarium (\u2248 5 mm).<br \/>\n<strong data-start=\"300\" data-end=\"333\">Tout ce dont vous avez besoin<\/strong> pour raccorder facilement votre pompe \u00e0 air O2 ou votre montage CO2.<br \/>\nCes raccords ne conviennent pas pour la haute pression.<\/p>\n<p>Convient au raccordement de tuyaux d&#8217;air et eau pour vos installations d\u2019aquariophilie, d&#8217;aquascaping, de fontaine, bassin, vivier, p\u00eache, bac d&#8217;\u00e9levage<br \/>\n<strong>Vous t\u00e9l\u00e9chargez l&#8217;ensemble de ces 5 raccords pour le prix indiqu\u00e9<\/strong><\/p>\n<p>&nbsp;<\/p>","protected":false},"excerpt":{"rendered":"<p>Lot de 5 raccords enfichables imprimables en 3D pour tuyaux souples d&#8217;aquarium de diam\u00e8tre standard ~\u00d8 5 mm<\/p>","protected":false},"featured_media":1424,"comment_status":"open","ping_status":"closed","template":"","meta":{"_themeisle_gutenberg_block_has_review":false},"product_brand":[302],"product_cat":[140,148,130],"product_tag":[422,877,952,237,379,368,820,946,771,947,289,951,805,774,950,812,230,944,945,948,773,782,197,942],"class_list":{"0":"post-1421","1":"product","2":"type-product","3":"status-publish","4":"has-post-thumbnail","6":"product_brand-apiobi","7":"product_cat-aquaculture-apiculture-nichoirs","8":"product_cat-bricolage-atelier","9":"product_cat-modeles-3d","10":"product_tag-3d","11":"product_tag-air","12":"product_tag-annele","13":"product_tag-apiobi","14":"product_tag-aquaculture","15":"product_tag-aquarium","16":"product_tag-aquascaping","17":"product_tag-automobile","18":"product_tag-bassin","19":"product_tag-bateau","20":"product_tag-bricolage","21":"product_tag-cannele","22":"product_tag-connecteur","23":"product_tag-eau","24":"product_tag-filtre","25":"product_tag-graveur","26":"product_tag-impression-3d","27":"product_tag-jonction","28":"product_tag-mecanique","29":"product_tag-moteur","30":"product_tag-pompe","31":"product_tag-raccord","32":"product_tag-stl","33":"product_tag-tuyau","35":"first","36":"instock","37":"featured","38":"downloadable","39":"virtual","40":"sold-individually","41":"purchasable","42":"product-type-simple"},"_links":{"self":[{"href":"https:\/\/apiobi.com\/es\/wp-json\/wp\/v2\/product\/1421","targetHints":{"allow":["GET"]}}],"collection":[{"href":"https:\/\/apiobi.com\/es\/wp-json\/wp\/v2\/product"}],"about":[{"href":"https:\/\/apiobi.com\/es\/wp-json\/wp\/v2\/types\/product"}],"replies":[{"embeddable":true,"href":"https:\/\/apiobi.com\/es\/wp-json\/wp\/v2\/comments?post=1421"}],"wp:featuredmedia":[{"embeddable":true,"href":"https:\/\/apiobi.com\/es\/wp-json\/wp\/v2\/media\/1424"}],"wp:attachment":[{"href":"https:\/\/apiobi.com\/es\/wp-json\/wp\/v2\/media?parent=1421"}],"wp:term":[{"taxonomy":"product_brand","embeddable":true,"href":"https:\/\/apiobi.com\/es\/wp-json\/wp\/v2\/product_brand?post=1421"},{"taxonomy":"product_cat","embeddable":true,"href":"https:\/\/apiobi.com\/es\/wp-json\/wp\/v2\/product_cat?post=1421"},{"taxonomy":"product_tag","embeddable":true,"href":"https:\/\/apiobi.com\/es\/wp-json\/wp\/v2\/product_tag?post=1421"}],"curies":[{"name":"wp","href":"https:\/\/api.w.org\/{rel}","templated":true}]}}