{"id":1408,"date":"2026-03-20T07:54:59","date_gmt":"2026-03-20T07:54:59","guid":{"rendered":"https:\/\/apiobi.com\/?post_type=product&#038;p=1408"},"modified":"2026-04-01T14:30:16","modified_gmt":"2026-04-01T14:30:16","slug":"set-de-5-pointes-blunt-pour-flechettes-sarbacane-a-enfiler-sur-fut-dart-3mm-1-8","status":"publish","type":"product","link":"https:\/\/apiobi.com\/es\/boutique\/modeles-3d\/outdoor-sport\/tir-d-entrainement-sportif-sarbacane\/set-de-5-pointes-blunt-pour-flechettes-sarbacane-a-enfiler-sur-fut-dart-3mm-1-8\/","title":{"rendered":"Juego de 5 puntas romas para dardos de cerbatana - Para enroscar en varilla de dardo de 3 mm \/ 1\/8\u2033."},"content":{"rendered":"<p>Fabriquez vos propres <strong>fl\u00e9chettes &#8216;Blunt&#8217;\u00a0<\/strong>de 4,5&#8243;ou plus pour votre sarbacane gr\u00e2ce \u00e0 ces 5 embouts de frappe ultra-robustes afin de diversifier vos s\u00e9ances <strong>de tir d&#8217;entrainement sportif <\/strong><br \/>\nLes mod\u00e8les en forme <strong>de t\u00eate de marteau<\/strong> sont con\u00e7us pour une <strong>r\u00e9sistance maximale<\/strong> : la t\u00eate s\u2019\u00e9vase pour offrir une surface de frappe beaucoup plus large, transmettant un <strong>choc plus important<\/strong> \u00e0 la cible d&#8217;entrainement.<\/p>\n<p>Pr\u00e9cision utile : les brochettes en bois ou en bambou ont un diam\u00e8tre de <strong>1\/8&#8243; (un peu plus de 3 mm)<\/strong>. Ils co\u00fbtent tr\u00e8s peu chers et certains sont parfaits et d&#8217;excellente qualit\u00e9 pour fabriquer vos propres accessoires \u00e0 moindre co\u00fbt.<br \/>\nPersonnellement, j\u2019utilise depuis longtemps ces mod\u00e8les sur une <strong>sarbacane .625<\/strong>, avec des r\u00e9sultats excellents.<\/p>\n<p>&nbsp;<\/p>\n<p>&nbsp;<\/p>","protected":false},"excerpt":{"rendered":"<p>Ensemble de <strong>5 embouts de fl\u00e9chettes &#8216;Blunt&#8217; <\/strong>\u00e0 enfiler\/coller sur un f\u00fbt de 3mm <strong>(1\/8&#8243;)<\/strong> en bambou, bois, carbone ou fibre de verre.<\/p>","protected":false},"featured_media":1412,"comment_status":"open","ping_status":"closed","template":"","meta":{"_themeisle_gutenberg_block_has_review":false},"product_brand":[302],"product_cat":[130,1023,937],"product_tag":[237,930,940,907,913,928,935,919,938,921,939,230,934,920,936,918,932,916,931,197,941,924,917,933],"class_list":{"0":"post-1408","1":"product","2":"type-product","3":"status-publish","4":"has-post-thumbnail","6":"product_brand-apiobi","7":"product_cat-modeles-3d","8":"product_cat-outdoor-sport","9":"product_cat-tir-d-entrainement-sportif-sarbacane","10":"product_tag-apiobi","11":"product_tag-blowgun","12":"product_tag-blunt","13":"product_tag-cible","14":"product_tag-co2","15":"product_tag-compressed-air","16":"product_tag-darts","17":"product_tag-entrainement","18":"product_tag-fleche","19":"product_tag-flechettes","20":"product_tag-hammer","21":"product_tag-impression-3d","22":"product_tag-leisure","23":"product_tag-loisir","24":"product_tag-pellets","25":"product_tag-recreatif","26":"product_tag-recreational","27":"product_tag-sarbacane","28":"product_tag-shooting","29":"product_tag-stl","30":"product_tag-stunt","31":"product_tag-target","32":"product_tag-tir","33":"product_tag-training","35":"first","36":"instock","37":"featured","38":"downloadable","39":"virtual","40":"sold-individually","41":"purchasable","42":"product-type-simple"},"_links":{"self":[{"href":"https:\/\/apiobi.com\/es\/wp-json\/wp\/v2\/product\/1408","targetHints":{"allow":["GET"]}}],"collection":[{"href":"https:\/\/apiobi.com\/es\/wp-json\/wp\/v2\/product"}],"about":[{"href":"https:\/\/apiobi.com\/es\/wp-json\/wp\/v2\/types\/product"}],"replies":[{"embeddable":true,"href":"https:\/\/apiobi.com\/es\/wp-json\/wp\/v2\/comments?post=1408"}],"wp:featuredmedia":[{"embeddable":true,"href":"https:\/\/apiobi.com\/es\/wp-json\/wp\/v2\/media\/1412"}],"wp:attachment":[{"href":"https:\/\/apiobi.com\/es\/wp-json\/wp\/v2\/media?parent=1408"}],"wp:term":[{"taxonomy":"product_brand","embeddable":true,"href":"https:\/\/apiobi.com\/es\/wp-json\/wp\/v2\/product_brand?post=1408"},{"taxonomy":"product_cat","embeddable":true,"href":"https:\/\/apiobi.com\/es\/wp-json\/wp\/v2\/product_cat?post=1408"},{"taxonomy":"product_tag","embeddable":true,"href":"https:\/\/apiobi.com\/es\/wp-json\/wp\/v2\/product_tag?post=1408"}],"curies":[{"name":"wp","href":"https:\/\/api.w.org\/{rel}","templated":true}]}}