{"id":1400,"date":"2026-03-20T06:25:28","date_gmt":"2026-03-20T06:25:28","guid":{"rendered":"https:\/\/apiobi.com\/?post_type=product&#038;p=1400"},"modified":"2026-04-12T08:14:22","modified_gmt":"2026-04-12T08:14:22","slug":"cible-suspendue-tournante-gong-50mm","status":"publish","type":"product","link":"https:\/\/apiobi.com\/es\/boutique\/modeles-3d\/outdoor-sport\/tir-d-entrainement-sportif-sarbacane\/cible-suspendue-tournante-gong-50mm\/","title":{"rendered":"Blanco giratorio suspendido | Gong 50mm"},"content":{"rendered":"<p>Cible <strong>rotative<\/strong> pour vos s\u00e9ances de tir d&#8217;entrainement sportif, con\u00e7ue pour pivoter autour d\u2019une corde, d\u2019un c\u00e2ble ou d\u2019une vis \u00e0 bois fix\u00e9e sur un poteau ou tout support vertical.<br \/>\nId\u00e9ale pour l\u2019entra\u00eenement au tir sportif et les parcours.<br \/>\nL&#8217;impression 3D vous permettra d&#8217;imprimer des gongs en illimit\u00e9 pour diversifier leurs emplacements.<\/p>\n<p><strong>Dimensiones :<\/strong><\/p>\n<ul>\n<li><strong>Diam\u00e8tre :<\/strong> 50 mm<\/li>\n<li><strong>\u00c9paisseur :<\/strong> 3 mm<\/li>\n<li><strong>Altura total :<\/strong> 83 mm<\/li>\n<\/ul>\n<p>En collant un autocollant de couleur vive au centre (gommette), vous obtenez une cible parfaitement visible, comparable aux mod\u00e8les vendus dans le commerce.<\/p>\n<hr \/>\n<h3><strong>Ajout du 11\/2025 :<\/strong><\/h3>\n<p>Suite \u00e0 une demande, j\u2019ajoute un <strong>entretoise tubulaire de 50 mm de long<\/strong>, comme sur la photo, avec une <strong>forme ext\u00e9rieure octogonale<\/strong> pour faciliter l\u2019impression 3D \u00e0 plat.<\/p>\n<p>&nbsp;<\/p>","protected":false},"excerpt":{"rendered":"<p>La cible suspendue rotative GONG ApiObi imprimable en 3D dans vos couleurs pr\u00e9f\u00e9r\u00e9es est id\u00e9ale pour vos s\u00e9ances d&#8217;entrainement.<\/p>","protected":false},"featured_media":1404,"comment_status":"open","ping_status":"closed","template":"","meta":{"_themeisle_gutenberg_block_has_review":false},"product_brand":[302],"product_cat":[130,1023,937],"product_tag":[912,923,237,911,929,915,930,910,907,913,928,935,919,921,909,927,230,934,920,914,936,922,918,932,926,925,908,916,931,197,924,917,933],"class_list":{"0":"post-1400","1":"product","2":"type-product","3":"status-publish","4":"has-post-thumbnail","6":"product_brand-apiobi","7":"product_cat-modeles-3d","8":"product_cat-outdoor-sport","9":"product_cat-tir-d-entrainement-sportif-sarbacane","10":"product_tag-air-comprime","11":"product_tag-airsoft","12":"product_tag-apiobi","13":"product_tag-arme-de-poing","14":"product_tag-bb","15":"product_tag-bille","16":"product_tag-blowgun","17":"product_tag-carabine","18":"product_tag-cible","19":"product_tag-co2","20":"product_tag-compressed-air","21":"product_tag-darts","22":"product_tag-entrainement","23":"product_tag-flechettes","24":"product_tag-gong","25":"product_tag-handgun","26":"product_tag-impression-3d","27":"product_tag-leisure","28":"product_tag-loisir","29":"product_tag-pcp","30":"product_tag-pellets","31":"product_tag-plombs","32":"product_tag-recreatif","33":"product_tag-recreational","34":"product_tag-rifle","35":"product_tag-rotary","36":"product_tag-rotative","37":"product_tag-sarbacane","38":"product_tag-shooting","39":"product_tag-stl","40":"product_tag-target","41":"product_tag-tir","42":"product_tag-training","44":"first","45":"instock","46":"downloadable","47":"virtual","48":"sold-individually","49":"purchasable","50":"product-type-simple"},"_links":{"self":[{"href":"https:\/\/apiobi.com\/es\/wp-json\/wp\/v2\/product\/1400","targetHints":{"allow":["GET"]}}],"collection":[{"href":"https:\/\/apiobi.com\/es\/wp-json\/wp\/v2\/product"}],"about":[{"href":"https:\/\/apiobi.com\/es\/wp-json\/wp\/v2\/types\/product"}],"replies":[{"embeddable":true,"href":"https:\/\/apiobi.com\/es\/wp-json\/wp\/v2\/comments?post=1400"}],"wp:featuredmedia":[{"embeddable":true,"href":"https:\/\/apiobi.com\/es\/wp-json\/wp\/v2\/media\/1404"}],"wp:attachment":[{"href":"https:\/\/apiobi.com\/es\/wp-json\/wp\/v2\/media?parent=1400"}],"wp:term":[{"taxonomy":"product_brand","embeddable":true,"href":"https:\/\/apiobi.com\/es\/wp-json\/wp\/v2\/product_brand?post=1400"},{"taxonomy":"product_cat","embeddable":true,"href":"https:\/\/apiobi.com\/es\/wp-json\/wp\/v2\/product_cat?post=1400"},{"taxonomy":"product_tag","embeddable":true,"href":"https:\/\/apiobi.com\/es\/wp-json\/wp\/v2\/product_tag?post=1400"}],"curies":[{"name":"wp","href":"https:\/\/api.w.org\/{rel}","templated":true}]}}