{"id":1395,"date":"2026-03-19T11:56:48","date_gmt":"2026-03-19T11:56:48","guid":{"rendered":"https:\/\/apiobi.com\/?post_type=product&#038;p=1395"},"modified":"2026-04-01T08:13:53","modified_gmt":"2026-04-01T08:13:53","slug":"%f0%9f%8d%94-presse-a-hamburger-2-epaisseurs-bpm1","status":"publish","type":"product","link":"https:\/\/apiobi.com\/es\/boutique\/modeles-3d\/maison-deco-bien-etre\/%f0%9f%8d%94-presse-a-hamburger-2-epaisseurs-bpm1\/","title":{"rendered":"\ud83c\udf54 Prensa para hamburguesas de 2 capas | BPM1"},"content":{"rendered":"<h4 data-section-id=\"143rvhg\" data-start=\"258\" data-end=\"313\"><strong data-start=\"260\" data-end=\"313\">Presse \u00e0 burger &#8211; 4 \u00e9l\u00e9ments &#8211; 2 \u00e9paisseurs de steaks hach\u00e9s \u2013 fa\u00e7onnage r\u00e9gulier et cuisson parfaite gr\u00e2ce aux rainures &#8216;Grill lines&#8217;<\/strong><\/h4>\n<p data-start=\"315\" data-end=\"436\">Vous vous \u00eates d\u00e9j\u00e0 demand\u00e9 <strong data-start=\"343\" data-end=\"420\">quelle est la taille et l\u2019\u00e9paisseur id\u00e9ales pour un steak hach\u00e9 de burger<\/strong> ?<br data-start=\"422\" data-end=\"425\" \/>Moi aussi !<\/p>\n<p data-start=\"438\" data-end=\"698\">Les steaks vendus en magasin \u2013 ou ceux fa\u00e7onn\u00e9s avec la petite presse offerte par votre mamie ador\u00e9e \u2013 ne correspondent pas toujours aux pains \u00e0 burger modernes. Et un <strong data-start=\"606\" data-end=\"620\">bon burger<\/strong>, c\u2019est un <strong data-start=\"631\" data-end=\"666\">steak large, r\u00e9gulier et juteux<\/strong> capable de tenir la cuisson au BBQ. \ud83d\udd25<\/p>\n<p data-start=\"700\" data-end=\"775\">C\u2019est pour \u00e7a que nous avons con\u00e7u cette<strong data-start=\"740\" data-end=\"773\"> presse \u00e0 burgers imprimable en 3D <\/strong>:<\/p>\n<ul data-start=\"777\" data-end=\"1233\">\n<li data-section-id=\"1xvptju\" data-start=\"777\" data-end=\"858\">\n<p data-start=\"779\" data-end=\"858\"><strong data-start=\"779\" data-end=\"806\">Diam\u00e8tre 4.5&#8243; (11,4 cm)<\/strong> \u2013 parfaitement adapt\u00e9 aux pains larges \u00e0 burgers actuels<\/p>\n<\/li>\n<li data-section-id=\"1ikz2m0\" data-start=\"859\" data-end=\"922\">\n<p data-start=\"861\" data-end=\"922\"><strong data-start=\"861\" data-end=\"891\">2 r\u00e9ceptacles pour 2 \u00e9paisseurs au choix :<\/strong> 3\/4&#8243; (1,9 cm) et 1\/3&#8243; (9 mm)<\/p>\n<\/li>\n<li data-section-id=\"1qhs88q\" data-start=\"923\" data-end=\"1015\">\n<p data-start=\"925\" data-end=\"1015\"><strong data-start=\"925\" data-end=\"963\">Grill lines (marquages type grill)<\/strong> sur les deux faces pour un visuel BBQ app\u00e9tissant<\/p>\n<\/li>\n<li data-section-id=\"z2pign\" data-start=\"1016\" data-end=\"1136\">\n<p data-start=\"1018\" data-end=\"1136\"><strong data-start=\"1018\" data-end=\"1035\">Design solide<\/strong> : parois pleines \u00e0 100 %, minimum 3 couches \u2192 aucune poche d\u2019air, hygi\u00e9nique, robuste et simple \u00e0 nettoyer<\/p>\n<\/li>\n<li data-section-id=\"1m55kn2\" data-start=\"1137\" data-end=\"1233\">\n<p data-start=\"1139\" data-end=\"1233\"><strong data-start=\"1139\" data-end=\"1163\">R\u00e9sistant et durable<\/strong> : con\u00e7u pour supporter une forte pression manuelle sans se d\u00e9former<\/p>\n<\/li>\n<\/ul>\n<hr data-start=\"1235\" data-end=\"1238\" \/>\n<h4 data-section-id=\"1w8wy4s\" data-start=\"1240\" data-end=\"1291\">\ud83c\udfaf <strong data-start=\"1245\" data-end=\"1291\">Comment l\u2019utiliser ?<\/strong><\/h4>\n<ol data-start=\"1293\" data-end=\"1492\">\n<li data-section-id=\"17utz3l\" data-start=\"1293\" data-end=\"1341\">\n<p data-start=\"1296\" data-end=\"1341\">Placez le r\u00e9ceptacle sur votre plan de travail (hauteur 9mm ou 19mm)<\/p>\n<\/li>\n<li data-section-id=\"3nwg1y\" data-start=\"1342\" data-end=\"1375\">\n<p data-start=\"1345\" data-end=\"1375\">Positionnez la base du moule au fond du r\u00e9ceptacle<\/p>\n<\/li>\n<li data-section-id=\"1uxdhy4\" data-start=\"1376\" data-end=\"1416\">\n<p data-start=\"1379\" data-end=\"1416\">Remplissez avec votre viande hach\u00e9e, \u00e9galisez<\/p>\n<\/li>\n<li data-section-id=\"j9zanb\" data-start=\"1417\" data-end=\"1447\">\n<p data-start=\"1420\" data-end=\"1447\">Placez le couvercle et appuyez<\/p>\n<\/li>\n<li data-section-id=\"kpzhk\" data-start=\"1448\" data-end=\"1492\">\n<p data-start=\"1451\" data-end=\"1492\">Soulevez : votre steak est pr\u00eat \u00e0 cuire !<\/p>\n<\/li>\n<\/ol>\n<p data-start=\"1494\" data-end=\"1615\"><strong data-start=\"1497\" data-end=\"1519\">Exemple de poids :<\/strong> un steak de 9 mm \u00e9quivaut \u00e0 environ <strong data-start=\"1556\" data-end=\"1569\">110\u2013120 g<\/strong> de viande \u2013 id\u00e9al pour un burger bien juteux.<\/p>\n<hr data-start=\"1617\" data-end=\"1620\" \/>\n<h4 data-section-id=\"6mmxp5\" data-start=\"1622\" data-end=\"1653\">\u2764\ufe0f Pourquoi vous allez l&#8217;adorer?<\/h4>\n<ul data-start=\"1655\" data-end=\"1934\">\n<li data-section-id=\"7ipy2h\" data-start=\"1655\" data-end=\"1715\">\n<p data-start=\"1657\" data-end=\"1715\">Des <strong data-start=\"1661\" data-end=\"1693\">steaks parfaitement calibr\u00e9s<\/strong>, toujours r\u00e9guliers<\/p>\n<\/li>\n<li data-section-id=\"1o3qsvi\" data-start=\"1716\" data-end=\"1793\">\n<p data-start=\"1718\" data-end=\"1793\">Id\u00e9al pour les <strong data-start=\"1733\" data-end=\"1751\">BBQ en famille<\/strong>, soir\u00e9es entre amis ou cr\u00e9ations maison<\/p>\n<\/li>\n<li data-section-id=\"adipsx\" data-start=\"1794\" data-end=\"1850\">\n<p data-start=\"1796\" data-end=\"1850\">Ultra simple, totalement DIY, et tr\u00e8s fun \u00e0 utiliser<\/p>\n<\/li>\n<li data-section-id=\"pgkxgt\" data-start=\"1851\" data-end=\"1934\">\n<p data-start=\"1853\" data-end=\"1934\">Une vraie <strong data-start=\"1863\" data-end=\"1885\">exp\u00e9rience premium<\/strong> pour des burgers maison dignes d&#8217;un food-truck<\/p>\n<\/li>\n<\/ul>","protected":false},"excerpt":{"rendered":"<p>Pr\u00e9parez chez vous des steaks hach\u00e9s parfaitement calibr\u00e9s et juteux gr\u00e2ce \u00e0 ce <strong data-start=\"199\" data-end=\"235\">presse burgers imprimable en 3D<\/strong>. Deux \u00e9paisseurs au choix, des lignes de Grill int\u00e9gr\u00e9es et un design premium pour des burgers maison dignes de la meilleure Bistronomie.<\/p>","protected":false},"featured_media":1398,"comment_status":"open","ping_status":"closed","template":"","meta":{"_themeisle_gutenberg_block_has_review":false},"product_brand":[302],"product_cat":[144,130],"product_tag":[894,904,890,893,900,906,903,895,905,892,375,374,891,901,896],"class_list":{"0":"post-1395","1":"product","2":"type-product","3":"status-publish","4":"has-post-thumbnail","6":"product_brand-apiobi","7":"product_cat-maison-deco-bien-etre","8":"product_cat-modeles-3d","9":"product_tag-barbecue","10":"product_tag-bistrot","11":"product_tag-burger","12":"product_tag-cuisine","13":"product_tag-fait-maison","14":"product_tag-food-truck","15":"product_tag-gourmand","16":"product_tag-grill","17":"product_tag-grillade","18":"product_tag-hamburger","19":"product_tag-moule","20":"product_tag-presse","21":"product_tag-steak-hache","22":"product_tag-street-food","23":"product_tag-viande","25":"first","26":"instock","27":"featured","28":"downloadable","29":"virtual","30":"sold-individually","31":"purchasable","32":"product-type-simple"},"_links":{"self":[{"href":"https:\/\/apiobi.com\/es\/wp-json\/wp\/v2\/product\/1395","targetHints":{"allow":["GET"]}}],"collection":[{"href":"https:\/\/apiobi.com\/es\/wp-json\/wp\/v2\/product"}],"about":[{"href":"https:\/\/apiobi.com\/es\/wp-json\/wp\/v2\/types\/product"}],"replies":[{"embeddable":true,"href":"https:\/\/apiobi.com\/es\/wp-json\/wp\/v2\/comments?post=1395"}],"wp:featuredmedia":[{"embeddable":true,"href":"https:\/\/apiobi.com\/es\/wp-json\/wp\/v2\/media\/1398"}],"wp:attachment":[{"href":"https:\/\/apiobi.com\/es\/wp-json\/wp\/v2\/media?parent=1395"}],"wp:term":[{"taxonomy":"product_brand","embeddable":true,"href":"https:\/\/apiobi.com\/es\/wp-json\/wp\/v2\/product_brand?post=1395"},{"taxonomy":"product_cat","embeddable":true,"href":"https:\/\/apiobi.com\/es\/wp-json\/wp\/v2\/product_cat?post=1395"},{"taxonomy":"product_tag","embeddable":true,"href":"https:\/\/apiobi.com\/es\/wp-json\/wp\/v2\/product_tag?post=1395"}],"curies":[{"name":"wp","href":"https:\/\/api.w.org\/{rel}","templated":true}]}}