{"id":1390,"date":"2026-03-19T10:21:49","date_gmt":"2026-03-19T10:21:49","guid":{"rendered":"https:\/\/apiobi.com\/?post_type=product&#038;p=1390"},"modified":"2026-03-30T08:09:54","modified_gmt":"2026-03-30T08:09:54","slug":"ensemble-de-3-outils-pour-moules-a-cones-dencens-a-reflux","status":"publish","type":"product","link":"https:\/\/apiobi.com\/es\/boutique\/modeles-3d\/maison-deco-bien-etre\/meditation-relaxation\/ensemble-de-3-outils-pour-moules-a-cones-dencens-a-reflux\/","title":{"rendered":"Juego de 3 herramientas para moldes de conos de incienso reflujo"},"content":{"rendered":"<p data-start=\"170\" data-end=\"480\">Un ensemble de 3 outils essentiels, sp\u00e9cialement con\u00e7us par ApiObi pour accompagner la fabrication de c\u00f4nes d\u2019encens \u00e0 reflux <strong data-start=\"282\" data-end=\"305\">\u00e0 l\u2019aide d\u2019un moule<\/strong>. \u2728D\u00e9licats et pr\u00e9cis comme des pi\u00e8ces de bijouterie, ils permettent de cr\u00e9er des c\u00f4nes parfaitement form\u00e9s, r\u00e9guliers et adapt\u00e9s \u00e0 vos m\u00e9langes d\u2019encens faits maison.<\/p>\n<h4 data-start=\"170\" data-end=\"480\">Contenu du kit et mode d&#8217;emploi<\/h4>\n<ol data-start=\"500\" data-end=\"887\">\n<li data-section-id=\"v241p1\" data-start=\"500\" data-end=\"589\">\n<p data-start=\"503\" data-end=\"589\"><strong data-start=\"503\" data-end=\"532\">Poussoir \u00e0 petit diam\u00e8tre<\/strong> \u2013 Parfait pour compacter les c\u00f4nes fins, d\u00e9licats ou miniatures.<\/p>\n<\/li>\n<li data-section-id=\"53b3ps\" data-start=\"590\" data-end=\"700\">\n<p data-start=\"593\" data-end=\"700\"><strong data-start=\"593\" data-end=\"631\">Poussoir \u00e0 diam\u00e8tre moyen (\u230018 mm)<\/strong> \u2013 Id\u00e9al pour compacter le m\u00e9lange des c\u00f4nes standards toujours pr\u00e9sents dans le moule pour une finition r\u00e9guli\u00e8re et uniformes.<\/p>\n<\/li>\n<li data-section-id=\"1erkkek\" data-start=\"701\" data-end=\"887\">\n<p data-start=\"704\" data-end=\"887\"><strong data-start=\"704\" data-end=\"766\">Aiguille gradu\u00e9e avec deux bagues rep\u00e8res (20 mm et 30 mm), innovation ApiObi <\/strong>\u2013 Sert \u00e0 fa\u00e7onner et cr\u00e9er un conduit d\u2019air pr\u00e9cis au centre de chaque base de c\u00f4ne, indispensable pour cr\u00e9er l\u2019effet backflow. L&#8217;aiguille est \u00e0 utiliser dans les c\u00f4nes encore pr\u00e9sents dans le moule apr\u00e8s compactage du m\u00e9lange d&#8217;encens avec les outils 1 et\/ou 2.<\/p>\n<\/li>\n<\/ol>\n<h4 data-section-id=\"1a1ahae\" data-start=\"889\" data-end=\"904\">Points forts<\/h4>\n<ul data-start=\"905\" data-end=\"1373\">\n<li data-section-id=\"wl48eo\" data-start=\"905\" data-end=\"994\">\n<p data-start=\"907\" data-end=\"994\">Con\u00e7us <strong data-start=\"913\" data-end=\"991\">sp\u00e9cifiquement pour \u00eatre utilis\u00e9s comme accessoires compl\u00e9mentaires aux\u00a0 moules \u00e0 c\u00f4nes d\u2019encens \u00e0 reflux<\/strong>.<\/p>\n<\/li>\n<li data-section-id=\"1ey8pei\" data-start=\"995\" data-end=\"1078\">\n<p data-start=\"997\" data-end=\"1078\">Design fin et \u00e9l\u00e9gant n\u00e9cessitant un peu de dext\u00e9rit\u00e9 pour un r\u00e9sultat optimal.<\/p>\n<\/li>\n<li data-section-id=\"1muocpj\" data-start=\"1079\" data-end=\"1187\">\n<p data-start=\"1081\" data-end=\"1187\">Parfait pour les passionn\u00e9s de DIY, les cr\u00e9ateurs de senteurs, les amateurs de rituels ou de m\u00e9ditation.<\/p>\n<\/li>\n<li data-section-id=\"6tc2c7\" data-start=\"1188\" data-end=\"1291\">\n<p data-start=\"1190\" data-end=\"1291\">Permet de fabriquer des c\u00f4nes personnalis\u00e9s, \u00e0 offrir ou \u00e0 utiliser pour cr\u00e9er une ambiance unique.<\/p>\n<\/li>\n<li data-section-id=\"1353low\" data-start=\"1292\" data-end=\"1373\">\n<p data-start=\"1294\" data-end=\"1373\">Outils durables et r\u00e9utilisables.<\/p>\n<\/li>\n<li data-section-id=\"1353low\" data-start=\"1292\" data-end=\"1373\">\ud83d\udc49<strong>Vous t\u00e9l\u00e9chargez le kit complet pour le prix indiqu\u00e9!<\/strong><\/li>\n<\/ul>","protected":false},"excerpt":{"rendered":"<p data-section-id=\"1ai7ywq\" data-start=\"92\" data-end=\"168\">Bundle de 3 outils PREMIUM imprimables en 3D pour tasser, percer les c\u00f4nes \u00e0 encens \u2013 Pr\u00e9cision &amp; Finesse<\/p>","protected":false},"featured_media":1392,"comment_status":"open","ping_status":"closed","template":"","meta":{"_themeisle_gutenberg_block_has_review":false},"product_brand":[302],"product_cat":[144,995,130],"product_tag":[60,877,883,237,885,289,889,649,837,208,875,879,297,881,362,375,376,878,886,374,876,882,880],"class_list":{"0":"post-1390","1":"product","2":"type-product","3":"status-publish","4":"has-post-thumbnail","6":"product_brand-apiobi","7":"product_cat-maison-deco-bien-etre","8":"product_cat-meditation-relaxation","9":"product_cat-modeles-3d","10":"product_tag-accessoire","11":"product_tag-air","12":"product_tag-ambiance","13":"product_tag-apiobi","14":"product_tag-backflow","15":"product_tag-bricolage","16":"product_tag-bruleur","17":"product_tag-cone","18":"product_tag-decoration","19":"product_tag-diy","20":"product_tag-encens","21":"product_tag-fumee","22":"product_tag-imprimable-en-3d","23":"product_tag-maison","24":"product_tag-mold","25":"product_tag-moule","26":"product_tag-outil","27":"product_tag-parfum","28":"product_tag-perfume","29":"product_tag-presse","30":"product_tag-reflux","31":"product_tag-yoga","32":"product_tag-zen","34":"first","35":"instock","36":"downloadable","37":"virtual","38":"sold-individually","39":"purchasable","40":"product-type-simple"},"_links":{"self":[{"href":"https:\/\/apiobi.com\/es\/wp-json\/wp\/v2\/product\/1390","targetHints":{"allow":["GET"]}}],"collection":[{"href":"https:\/\/apiobi.com\/es\/wp-json\/wp\/v2\/product"}],"about":[{"href":"https:\/\/apiobi.com\/es\/wp-json\/wp\/v2\/types\/product"}],"replies":[{"embeddable":true,"href":"https:\/\/apiobi.com\/es\/wp-json\/wp\/v2\/comments?post=1390"}],"wp:featuredmedia":[{"embeddable":true,"href":"https:\/\/apiobi.com\/es\/wp-json\/wp\/v2\/media\/1392"}],"wp:attachment":[{"href":"https:\/\/apiobi.com\/es\/wp-json\/wp\/v2\/media?parent=1390"}],"wp:term":[{"taxonomy":"product_brand","embeddable":true,"href":"https:\/\/apiobi.com\/es\/wp-json\/wp\/v2\/product_brand?post=1390"},{"taxonomy":"product_cat","embeddable":true,"href":"https:\/\/apiobi.com\/es\/wp-json\/wp\/v2\/product_cat?post=1390"},{"taxonomy":"product_tag","embeddable":true,"href":"https:\/\/apiobi.com\/es\/wp-json\/wp\/v2\/product_tag?post=1390"}],"curies":[{"name":"wp","href":"https:\/\/api.w.org\/{rel}","templated":true}]}}