{"id":1380,"date":"2026-03-19T08:35:31","date_gmt":"2026-03-19T08:35:31","guid":{"rendered":"https:\/\/apiobi.com\/?post_type=product&#038;p=1380"},"modified":"2026-03-30T08:07:02","modified_gmt":"2026-03-30T08:07:02","slug":"moule-a-cones-dencens-a-reflux-presse-4-empreintes-backflow-incense-cone-mold","status":"publish","type":"product","link":"https:\/\/apiobi.com\/es\/boutique\/modeles-3d\/maison-deco-bien-etre\/meditation-relaxation\/moule-a-cones-dencens-a-reflux-presse-4-empreintes-backflow-incense-cone-mold\/","title":{"rendered":"Molde para conos de incienso Reflux | Prensa 4 impresiones"},"content":{"rendered":"<h4>Molde de 4 posiciones para conos de incienso reflujo de 30mm<\/h4>\n<p>Tras dise\u00f1ar un primer molde para fabricar un solo cono de incienso reflujo, he creado ahora un segundo molde para fabricar un solo cono de incienso reflujo. <strong>molde capaz de producir cuatro conos de incienso de tama\u00f1o cl\u00e1sico en una sola operaci\u00f3n<\/strong>.<\/p>\n<p><strong>Este molde para conos de incienso ha sido dise\u00f1ado para facilitar la fabricaci\u00f3n de sus propios conos de reflujo. <\/strong><strong>con sus propias recetas de mezclas de incienso.<\/strong><\/p>\n<p>Hay muchos tutoriales para crear tus propias recetas, utilizando ingredientes espec\u00edficos, ingredientes de cocina y elementos naturales f\u00e1ciles de encontrar (por ejemplo, pi\u00f1as de pino). .<\/p>\n<p><strong>Utilizar este molde es muy sencillo:<\/strong><\/p>\n<ol>\n<li>Coloque las dos partes del molde en una abrazadera de resorte para sujetarlas firmemente.<\/li>\n<li>A continuaci\u00f3n, rellene la mezcla y apis\u00f3nela con cuidado. Para ello puede utilizar nuestro juego de herramientas,<a href=\"https:\/\/apiobi.com\/es\/boutique\/modelos-3d\/maison-deco-bien-etre\/ensemble-de-3-outils-pour-moules-a-cones-dencens-a-reflux\/\" target=\"_blank\" rel=\"noopener\">aqu\u00ed<\/a>.<\/li>\n<li>Inserte una aguja sobre <strong>2 cm<\/strong> en el centro del cono para permitir la circulaci\u00f3n de aire necesaria para el efecto de reflujo.<\/li>\n<\/ol>\n<p>Y ya est\u00e1, tus conos est\u00e1n hechos y perfectamente compactados. \u00a1Puedes utilizarlos despu\u00e9s de secarlos lentamente al aire libre!<\/p>\n<p><strong>Tama\u00f1o del cono :<\/strong> 30 mm<\/p>","protected":false},"excerpt":{"rendered":"<p>Fabrique r\u00e1pidamente 4 conos de incienso de 30 mm de reflujo de aire con el eficaz y duradero molde ApiObi.<\/p>","protected":false},"featured_media":1382,"comment_status":"open","ping_status":"closed","template":"","meta":{"_themeisle_gutenberg_block_has_review":false},"product_brand":[302],"product_cat":[144,995,130],"product_tag":[60,349,877,883,237,885,289,889,649,837,208,875,879,406,888,230,297,884,881,362,375,376,878,886,361,374,876,887,363,882,880],"class_list":{"0":"post-1380","1":"product","2":"type-product","3":"status-publish","4":"has-post-thumbnail","6":"product_brand-apiobi","7":"product_cat-maison-deco-bien-etre","8":"product_cat-meditation-relaxation","9":"product_cat-modeles-3d","10":"product_tag-accessoire","11":"product_tag-accessory","12":"product_tag-air","13":"product_tag-ambiance","14":"product_tag-apiobi","15":"product_tag-backflow","16":"product_tag-bricolage","17":"product_tag-bruleur","18":"product_tag-cone","19":"product_tag-decoration","20":"product_tag-diy","21":"product_tag-encens","22":"product_tag-fumee","23":"product_tag-handmade","24":"product_tag-home","25":"product_tag-impression-3d","26":"product_tag-imprimable-en-3d","27":"product_tag-incense","28":"product_tag-maison","29":"product_tag-mold","30":"product_tag-moule","31":"product_tag-outil","32":"product_tag-parfum","33":"product_tag-perfume","34":"product_tag-press","35":"product_tag-presse","36":"product_tag-reflux","37":"product_tag-smoke","38":"product_tag-tool","39":"product_tag-yoga","40":"product_tag-zen","42":"first","43":"instock","44":"featured","45":"downloadable","46":"virtual","47":"sold-individually","48":"purchasable","49":"product-type-simple"},"_links":{"self":[{"href":"https:\/\/apiobi.com\/es\/wp-json\/wp\/v2\/product\/1380","targetHints":{"allow":["GET"]}}],"collection":[{"href":"https:\/\/apiobi.com\/es\/wp-json\/wp\/v2\/product"}],"about":[{"href":"https:\/\/apiobi.com\/es\/wp-json\/wp\/v2\/types\/product"}],"replies":[{"embeddable":true,"href":"https:\/\/apiobi.com\/es\/wp-json\/wp\/v2\/comments?post=1380"}],"wp:featuredmedia":[{"embeddable":true,"href":"https:\/\/apiobi.com\/es\/wp-json\/wp\/v2\/media\/1382"}],"wp:attachment":[{"href":"https:\/\/apiobi.com\/es\/wp-json\/wp\/v2\/media?parent=1380"}],"wp:term":[{"taxonomy":"product_brand","embeddable":true,"href":"https:\/\/apiobi.com\/es\/wp-json\/wp\/v2\/product_brand?post=1380"},{"taxonomy":"product_cat","embeddable":true,"href":"https:\/\/apiobi.com\/es\/wp-json\/wp\/v2\/product_cat?post=1380"},{"taxonomy":"product_tag","embeddable":true,"href":"https:\/\/apiobi.com\/es\/wp-json\/wp\/v2\/product_tag?post=1380"}],"curies":[{"name":"wp","href":"https:\/\/api.w.org\/{rel}","templated":true}]}}