{"id":1372,"date":"2026-03-19T07:58:28","date_gmt":"2026-03-19T07:58:28","guid":{"rendered":"https:\/\/apiobi.com\/?post_type=product&#038;p=1372"},"modified":"2026-03-27T14:38:54","modified_gmt":"2026-03-27T14:38:54","slug":"moule-a-cones-dencens-a-reflux-backflow-incense-cone-mold","status":"publish","type":"product","link":"https:\/\/apiobi.com\/es\/boutique\/modeles-3d\/maison-deco-bien-etre\/meditation-relaxation\/moule-a-cones-dencens-a-reflux-backflow-incense-cone-mold\/","title":{"rendered":"Molde para Conos de Incienso Backflow"},"content":{"rendered":"<h2>Moule \u00e0 c\u00f4nes d\u2019encens \u00e0 reflux<\/h2>\n<p><strong>Ce moule \u00e0 c\u00f4nes d\u2019encens a \u00e9t\u00e9 con\u00e7u pour fabriquer facilement vos propres c\u00f4nes \u00e0 reflux d&#8217;air (backflow) <\/strong><strong>avec vos propres m\u00e9langes d\u2019encens.<\/strong><\/p>\n<p>Il existe de nombreux tutoriels pour cr\u00e9er vos propres recettes, que ce soit avec des ingr\u00e9dients d\u00e9di\u00e9s, des ingr\u00e9dients de cuisine ou des \u00e9l\u00e9ments naturels faciles \u00e0 trouver.<\/p>\n<p><strong>L\u2019utilisation de ce moule est tr\u00e8s simple :<\/strong><\/p>\n<ol>\n<li>Placez les deux parties du moule dans une pince-ressort pour les maintenir fermement.<\/li>\n<li>Remplissez ensuite votre m\u00e9lange en tassant soigneusement. Vous pouvez utilisez notre set d&#8217;outils pr\u00e9vus \u00e0 cet effet, <a href=\"https:\/\/apiobi.com\/es\/boutique\/modelos-3d\/maison-deco-bien-etre\/ensemble-de-3-outils-pour-moules-a-cones-dencens-a-reflux\/\" target=\"_blank\" rel=\"noopener\">ici<\/a>.<\/li>\n<li>Ins\u00e9rez une aiguille sur environ <strong>2 cm<\/strong> au centre du c\u00f4ne pour permettre la circulation d\u2019air n\u00e9cessaire \u00e0 l\u2019effet \u00ab backflow \u00bb.<\/li>\n<\/ol>\n<p>Et voil\u00e0, votre c\u00f4ne est pr\u00eat. Vous pourrez l&#8217;utiliser apr\u00e8s s\u00e9chage lent \u00e0 l&#8217;air libre!<\/p>\n<p><strong>Taille du c\u00f4ne :<\/strong> 30 mm<\/p>","protected":false},"excerpt":{"rendered":"<p>Fabriquez vos c\u00f4nes d&#8217;encens \u00e0 reflux d&#8217;air de 30mm avec le moule ApiObi.<\/p>","protected":false},"featured_media":1374,"comment_status":"open","ping_status":"closed","template":"","meta":{"_themeisle_gutenberg_block_has_review":false},"product_brand":[302],"product_cat":[144,995,130],"product_tag":[60,349,877,883,237,885,289,649,837,208,875,879,406,888,230,297,884,881,362,375,376,878,886,361,374,876,887,363,882,880],"class_list":{"0":"post-1372","1":"product","2":"type-product","3":"status-publish","4":"has-post-thumbnail","6":"product_brand-apiobi","7":"product_cat-maison-deco-bien-etre","8":"product_cat-meditation-relaxation","9":"product_cat-modeles-3d","10":"product_tag-accessoire","11":"product_tag-accessory","12":"product_tag-air","13":"product_tag-ambiance","14":"product_tag-apiobi","15":"product_tag-backflow","16":"product_tag-bricolage","17":"product_tag-cone","18":"product_tag-decoration","19":"product_tag-diy","20":"product_tag-encens","21":"product_tag-fumee","22":"product_tag-handmade","23":"product_tag-home","24":"product_tag-impression-3d","25":"product_tag-imprimable-en-3d","26":"product_tag-incense","27":"product_tag-maison","28":"product_tag-mold","29":"product_tag-moule","30":"product_tag-outil","31":"product_tag-parfum","32":"product_tag-perfume","33":"product_tag-press","34":"product_tag-presse","35":"product_tag-reflux","36":"product_tag-smoke","37":"product_tag-tool","38":"product_tag-yoga","39":"product_tag-zen","41":"first","42":"instock","43":"downloadable","44":"virtual","45":"sold-individually","46":"purchasable","47":"product-type-simple"},"_links":{"self":[{"href":"https:\/\/apiobi.com\/es\/wp-json\/wp\/v2\/product\/1372","targetHints":{"allow":["GET"]}}],"collection":[{"href":"https:\/\/apiobi.com\/es\/wp-json\/wp\/v2\/product"}],"about":[{"href":"https:\/\/apiobi.com\/es\/wp-json\/wp\/v2\/types\/product"}],"replies":[{"embeddable":true,"href":"https:\/\/apiobi.com\/es\/wp-json\/wp\/v2\/comments?post=1372"}],"wp:featuredmedia":[{"embeddable":true,"href":"https:\/\/apiobi.com\/es\/wp-json\/wp\/v2\/media\/1374"}],"wp:attachment":[{"href":"https:\/\/apiobi.com\/es\/wp-json\/wp\/v2\/media?parent=1372"}],"wp:term":[{"taxonomy":"product_brand","embeddable":true,"href":"https:\/\/apiobi.com\/es\/wp-json\/wp\/v2\/product_brand?post=1372"},{"taxonomy":"product_cat","embeddable":true,"href":"https:\/\/apiobi.com\/es\/wp-json\/wp\/v2\/product_cat?post=1372"},{"taxonomy":"product_tag","embeddable":true,"href":"https:\/\/apiobi.com\/es\/wp-json\/wp\/v2\/product_tag?post=1372"}],"curies":[{"name":"wp","href":"https:\/\/api.w.org\/{rel}","templated":true}]}}