{"id":1273,"date":"2026-03-17T08:59:47","date_gmt":"2026-03-17T08:59:47","guid":{"rendered":"https:\/\/apiobi.com\/?post_type=product&#038;p=1273"},"modified":"2026-03-17T09:20:59","modified_gmt":"2026-03-17T09:20:59","slug":"%f0%9f%92%a7raccord-reducteur-de-tuyaux-38mm-32mm-arrosage-piscine-bassin-pompe-a-eau-irrigation-aquaculture-i001-38-32","status":"publish","type":"product","link":"https:\/\/apiobi.com\/es\/boutique\/modeles-3d\/jardinage\/%f0%9f%92%a7raccord-reducteur-de-tuyaux-38mm-32mm-arrosage-piscine-bassin-pompe-a-eau-irrigation-aquaculture-i001-38-32\/","title":{"rendered":"\ud83d\udca7Racor reductor de manguera 38mm - 32mm | Riego, piscina, estanque, bomba de agua, riego, acuicultura | I001-38 32"},"content":{"rendered":"<h4 data-section-id=\"3ke6vt\" data-start=\"67\" data-end=\"113\">Raccord cannel\u00e9 r\u00e9ducteur pour tuyaux de diam\u00e8tres \u00d8 38 mm \/ \u00d8 32 mm<\/h4>\n<p data-start=\"115\" data-end=\"244\">Le manchon adaptateur ApiObi est con\u00e7u pour r\u00e9parer, <strong data-start=\"134\" data-end=\"178\">abouter des tuyaux d\u2019aspiration ou de refoulement de\u00a0 2 diam\u00e8tres diff\u00e9rents<\/strong><\/p>\n<ul data-start=\"246\" data-end=\"367\">\n<li data-section-id=\"gxgjm8\" data-start=\"246\" data-end=\"266\">Pompes immerg\u00e9es<\/li>\n<li>Piscines &amp; Spas<\/li>\n<li>Motopompes<\/li>\n<li>Syst\u00e8mes de filtration de bassin, \u00e9tang<\/li>\n<li>Syst\u00e8mes d\u2019arrosage<\/li>\n<li>Cuves et r\u00e9cup\u00e9rateurs d\u2019eau de pluie<\/li>\n<li>Bacs et cuves<\/li>\n<li>R\u00e9servoirs eaux grises, eau potable<\/li>\n<\/ul>\n<p>N&#8217;a pas \u00e9t\u00e9 con\u00e7u et ne convient donc pas pour la haute pression<\/p>\n<p><strong>Conception: <\/strong>le profil a \u00e9t\u00e9 sp\u00e9cialement \u00e9tudi\u00e9 pour permettre une <strong>impression verticale sans support<\/strong>, garantissant solidit\u00e9 et simplicit\u00e9 de fabrication.<\/p>\n<p>&nbsp;<\/p>","protected":false},"excerpt":{"rendered":"<p>Raccord r\u00e9ducteur imprimable en 3D pour abouter 2 tuyaux de diam\u00e8tres diff\u00e9rents &#8211;\u00a0\u00d8 38mm vers \u00d8 32mm<\/p>","protected":false},"featured_media":1277,"comment_status":"open","ping_status":"closed","template":"","meta":{"_themeisle_gutenberg_block_has_review":false},"product_brand":[302],"product_cat":[140,148,134,160,142,130],"product_tag":[422,237,379,779,781,790,771,289,772,793,791,794,780,788,874,776,774,795,377,873,872,230,229,775,758,235,365,785,796,789,376,231,797,683,792,777,786,870,778,773,871,782,250,197,784,783,251,787],"class_list":{"0":"post-1273","1":"product","2":"type-product","3":"status-publish","4":"has-post-thumbnail","6":"product_brand-apiobi","7":"product_cat-aquaculture-apiculture-nichoirs","8":"product_cat-bricolage-atelier","9":"product_cat-campingcar-vanlife","10":"product_cat-eau-potable-eaux-grises","11":"product_cat-jardinage","12":"product_cat-modeles-3d","13":"product_tag-3d","14":"product_tag-apiobi","15":"product_tag-aquaculture","16":"product_tag-arrosage","17":"product_tag-aspiration","18":"product_tag-bac","19":"product_tag-bassin","20":"product_tag-bricolage","21":"product_tag-carpes-koi","22":"product_tag-chantier","23":"product_tag-compatible","24":"product_tag-connexion","25":"product_tag-crepine","26":"product_tag-cuve","27":"product_tag-cuve-a-eau","28":"product_tag-drainage","29":"product_tag-eau","30":"product_tag-embout","31":"product_tag-etang","32":"product_tag-filtre-de-bassin","33":"product_tag-immerge","34":"product_tag-impression-3d","35":"product_tag-imprimante-3d","36":"product_tag-irrigation","37":"product_tag-jardin","38":"product_tag-jardinage","39":"product_tag-koi","40":"product_tag-manchon","41":"product_tag-motopompe","42":"product_tag-oase","43":"product_tag-outil","44":"product_tag-peche","45":"product_tag-permaculture","46":"product_tag-piece-detachee","47":"product_tag-pieces-de-rechange","48":"product_tag-pieces-detachees","49":"product_tag-pisciculture","50":"product_tag-piscine","51":"product_tag-pompage","52":"product_tag-pompe","53":"product_tag-pompe-submersible","54":"product_tag-raccord","55":"product_tag-reservoir","56":"product_tag-stl","57":"product_tag-tuyau-darrosage","58":"product_tag-tuyaux","59":"product_tag-vidange","60":"product_tag-vivier","62":"first","63":"instock","64":"featured","65":"downloadable","66":"virtual","67":"sold-individually","68":"purchasable","69":"product-type-simple"},"_links":{"self":[{"href":"https:\/\/apiobi.com\/es\/wp-json\/wp\/v2\/product\/1273","targetHints":{"allow":["GET"]}}],"collection":[{"href":"https:\/\/apiobi.com\/es\/wp-json\/wp\/v2\/product"}],"about":[{"href":"https:\/\/apiobi.com\/es\/wp-json\/wp\/v2\/types\/product"}],"replies":[{"embeddable":true,"href":"https:\/\/apiobi.com\/es\/wp-json\/wp\/v2\/comments?post=1273"}],"wp:featuredmedia":[{"embeddable":true,"href":"https:\/\/apiobi.com\/es\/wp-json\/wp\/v2\/media\/1277"}],"wp:attachment":[{"href":"https:\/\/apiobi.com\/es\/wp-json\/wp\/v2\/media?parent=1273"}],"wp:term":[{"taxonomy":"product_brand","embeddable":true,"href":"https:\/\/apiobi.com\/es\/wp-json\/wp\/v2\/product_brand?post=1273"},{"taxonomy":"product_cat","embeddable":true,"href":"https:\/\/apiobi.com\/es\/wp-json\/wp\/v2\/product_cat?post=1273"},{"taxonomy":"product_tag","embeddable":true,"href":"https:\/\/apiobi.com\/es\/wp-json\/wp\/v2\/product_tag?post=1273"}],"curies":[{"name":"wp","href":"https:\/\/api.w.org\/{rel}","templated":true}]}}