{"id":1267,"date":"2026-03-17T08:33:10","date_gmt":"2026-03-17T08:33:10","guid":{"rendered":"https:\/\/apiobi.com\/?post_type=product&#038;p=1267"},"modified":"2026-03-17T08:53:21","modified_gmt":"2026-03-17T08:53:21","slug":"%f0%9f%92%a7raccord-cannele-droit-de-o-38-mm-arrosage-piscine-bassin-pompe-a-eau-irrigation-aquaculture-i001-38","status":"publish","type":"product","link":"https:\/\/apiobi.com\/es\/boutique\/modeles-3d\/jardinage\/%f0%9f%92%a7raccord-cannele-droit-de-o-38-mm-arrosage-piscine-bassin-pompe-a-eau-irrigation-aquaculture-i001-38\/","title":{"rendered":"\ud83d\udca738 mm conexi\u00f3n acanalada recta | Riego, Piscina, Cuenca, Bomba de agua, Riego, Acuicultura | I001-38"},"content":{"rendered":"<h4>Raccord \u00d838 mm pour connexion, r\u00e9paration de tuyaux et d&#8217;accessoires<\/h4>\n<p>Raccord con\u00e7u pour <strong>abouter ou r\u00e9parer des tuyaux d\u2019aspiration ou de refoulement de diam\u00e8tre\u00a0 \u00d8 38 mm<\/strong>, utilis\u00e9s dans de nombreuses applications :<\/p>\n<ul>\n<li>Pompes immerg\u00e9es<\/li>\n<li>Piscines<\/li>\n<li>Motopompes<\/li>\n<li>Syst\u00e8mes de filtration de bassin, \u00e9tang<\/li>\n<li>Syst\u00e8mes d\u2019arrosage<\/li>\n<li>Cuves et r\u00e9cup\u00e9rateurs d\u2019eau<\/li>\n<li>Bacs et cuves<\/li>\n<\/ul>\n<p>N&#8217;a pas \u00e9t\u00e9 con\u00e7u et ne convient donc pas pour la haute pression<\/p>\n<p><strong>Conception: <\/strong>le profil a \u00e9t\u00e9 sp\u00e9cialement \u00e9tudi\u00e9 pour permettre une <strong>impression verticale sans support<\/strong>, garantissant solidit\u00e9 et simplicit\u00e9 de fabrication.<\/p>\n<p>&nbsp;<\/p>","protected":false},"excerpt":{"rendered":"<p>Raccord, manchon imprimable en 3D pour abouter, r\u00e9parer les tuyaux d&#8217;eau d&#8217;aspiration ou de refoulement de diam\u00e8tre int\u00e9rieur 38 mm<\/p>","protected":false},"featured_media":1269,"comment_status":"open","ping_status":"closed","template":"","meta":{"_themeisle_gutenberg_block_has_review":false},"product_brand":[302],"product_cat":[140,148,134,160,142,130],"product_tag":[422,237,379,779,781,790,771,289,772,793,791,794,780,788,874,776,774,795,377,873,872,230,229,775,758,235,365,785,796,789,376,231,797,683,792,777,786,870,778,773,871,782,250,197,784,783,251,787],"class_list":{"0":"post-1267","1":"product","2":"type-product","3":"status-publish","4":"has-post-thumbnail","6":"product_brand-apiobi","7":"product_cat-aquaculture-apiculture-nichoirs","8":"product_cat-bricolage-atelier","9":"product_cat-campingcar-vanlife","10":"product_cat-eau-potable-eaux-grises","11":"product_cat-jardinage","12":"product_cat-modeles-3d","13":"product_tag-3d","14":"product_tag-apiobi","15":"product_tag-aquaculture","16":"product_tag-arrosage","17":"product_tag-aspiration","18":"product_tag-bac","19":"product_tag-bassin","20":"product_tag-bricolage","21":"product_tag-carpes-koi","22":"product_tag-chantier","23":"product_tag-compatible","24":"product_tag-connexion","25":"product_tag-crepine","26":"product_tag-cuve","27":"product_tag-cuve-a-eau","28":"product_tag-drainage","29":"product_tag-eau","30":"product_tag-embout","31":"product_tag-etang","32":"product_tag-filtre-de-bassin","33":"product_tag-immerge","34":"product_tag-impression-3d","35":"product_tag-imprimante-3d","36":"product_tag-irrigation","37":"product_tag-jardin","38":"product_tag-jardinage","39":"product_tag-koi","40":"product_tag-manchon","41":"product_tag-motopompe","42":"product_tag-oase","43":"product_tag-outil","44":"product_tag-peche","45":"product_tag-permaculture","46":"product_tag-piece-detachee","47":"product_tag-pieces-de-rechange","48":"product_tag-pieces-detachees","49":"product_tag-pisciculture","50":"product_tag-piscine","51":"product_tag-pompage","52":"product_tag-pompe","53":"product_tag-pompe-submersible","54":"product_tag-raccord","55":"product_tag-reservoir","56":"product_tag-stl","57":"product_tag-tuyau-darrosage","58":"product_tag-tuyaux","59":"product_tag-vidange","60":"product_tag-vivier","62":"first","63":"instock","64":"featured","65":"downloadable","66":"virtual","67":"sold-individually","68":"purchasable","69":"product-type-simple"},"_links":{"self":[{"href":"https:\/\/apiobi.com\/es\/wp-json\/wp\/v2\/product\/1267","targetHints":{"allow":["GET"]}}],"collection":[{"href":"https:\/\/apiobi.com\/es\/wp-json\/wp\/v2\/product"}],"about":[{"href":"https:\/\/apiobi.com\/es\/wp-json\/wp\/v2\/types\/product"}],"replies":[{"embeddable":true,"href":"https:\/\/apiobi.com\/es\/wp-json\/wp\/v2\/comments?post=1267"}],"wp:featuredmedia":[{"embeddable":true,"href":"https:\/\/apiobi.com\/es\/wp-json\/wp\/v2\/media\/1269"}],"wp:attachment":[{"href":"https:\/\/apiobi.com\/es\/wp-json\/wp\/v2\/media?parent=1267"}],"wp:term":[{"taxonomy":"product_brand","embeddable":true,"href":"https:\/\/apiobi.com\/es\/wp-json\/wp\/v2\/product_brand?post=1267"},{"taxonomy":"product_cat","embeddable":true,"href":"https:\/\/apiobi.com\/es\/wp-json\/wp\/v2\/product_cat?post=1267"},{"taxonomy":"product_tag","embeddable":true,"href":"https:\/\/apiobi.com\/es\/wp-json\/wp\/v2\/product_tag?post=1267"}],"curies":[{"name":"wp","href":"https:\/\/api.w.org\/{rel}","templated":true}]}}