{"id":1237,"date":"2026-03-17T06:23:23","date_gmt":"2026-03-17T06:23:23","guid":{"rendered":"https:\/\/apiobi.com\/?post_type=product&#038;p=1237"},"modified":"2026-04-01T08:11:38","modified_gmt":"2026-04-01T08:11:38","slug":"%f0%9f%92%a7raccord-manchon-droit-cannele-pour-tuyau-20-mm-3-4-i001-20","status":"publish","type":"product","link":"https:\/\/apiobi.com\/es\/boutique\/modeles-3d\/jardinage\/%f0%9f%92%a7raccord-manchon-droit-cannele-pour-tuyau-20-mm-3-4-i001-20\/","title":{"rendered":"\ud83d\udca7Racor de boquilla derecho para manguera de 20 mm, 3\/4\u2033 | I001-20"},"content":{"rendered":"<h4>Raccord droit 20 mm (0,75&#8243;) pour tuyau<\/h4>\n<p>Raccord droit type \u201cI\u201d de <strong>20 mm<\/strong>, con\u00e7u pour connecter ou r\u00e9parer des tuyaux d\u2019aspiration ou de refoulement de <strong>diam\u00e8tre int\u00e9rieur 20 mm<\/strong>, destin\u00e9s au transport de l\u2019eau dans de nombreux usages :<\/p>\n<ul>\n<li>Camping-car, caravane<\/li>\n<li>Nautisme<\/li>\n<li>Pompe, motopompe<\/li>\n<li>Agriculture, aquaculture, permaculture<\/li>\n<li>Jardin, arrosage, cuve \u00e0 eau<\/li>\n<li>Pompes immerg\u00e9es, filtres, UV, de bassins et fontaines<\/li>\n<\/ul>\n<p>\u26a0\ufe0f <strong>Non con\u00e7u ni test\u00e9<\/strong> pour le transport d\u2019air, d\u2019air comprim\u00e9 ou d\u2019eau sous haute pression.<\/p>\n<hr \/>\n<h4>Conception<\/h4>\n<p>Ce raccord droit a \u00e9t\u00e9 sp\u00e9cifiquement con\u00e7u pour <strong>ne pas freiner le d\u00e9bit d\u2019eau<\/strong> :<br \/>\n\u27a1\ufe0f son passage interne est <strong>parfaitement rectiligne<\/strong>, sans restriction.<\/p>\n<h4><strong>Dimensions\u00a0<\/strong><\/h4>\n<ul>\n<li><strong>Longueur :<\/strong> 53 mm<\/li>\n<li><strong>\u00c9paisseur minimale des parois :<\/strong> 1,8 mm<\/li>\n<\/ul>\n<p>&nbsp;<\/p>","protected":false},"excerpt":{"rendered":"<p>Raccord, manchon imprimable en 3D pour abouter, r\u00e9parer les tuyaux d&#8217;eau d&#8217;aspiration ou de refoulement de diam\u00e8tre int\u00e9rieur 20 mm<\/p>","protected":false},"featured_media":1242,"comment_status":"open","ping_status":"closed","template":"","meta":{"_themeisle_gutenberg_block_has_review":false},"product_brand":[302],"product_cat":[140,148,134,160,142,130,136],"product_tag":[422,237,379,779,781,790,771,289,772,793,791,794,780,788,874,776,774,795,377,873,872,230,229,775,758,235,365,785,796,789,376,231,797,683,792,777,786,870,778,773,871,782,250,197,784,783,251,787],"class_list":{"0":"post-1237","1":"product","2":"type-product","3":"status-publish","4":"has-post-thumbnail","6":"product_brand-apiobi","7":"product_cat-aquaculture-apiculture-nichoirs","8":"product_cat-bricolage-atelier","9":"product_cat-campingcar-vanlife","10":"product_cat-eau-potable-eaux-grises","11":"product_cat-jardinage","12":"product_cat-modeles-3d","13":"product_cat-peche-3dpecheur","14":"product_tag-3d","15":"product_tag-apiobi","16":"product_tag-aquaculture","17":"product_tag-arrosage","18":"product_tag-aspiration","19":"product_tag-bac","20":"product_tag-bassin","21":"product_tag-bricolage","22":"product_tag-carpes-koi","23":"product_tag-chantier","24":"product_tag-compatible","25":"product_tag-connexion","26":"product_tag-crepine","27":"product_tag-cuve","28":"product_tag-cuve-a-eau","29":"product_tag-drainage","30":"product_tag-eau","31":"product_tag-embout","32":"product_tag-etang","33":"product_tag-filtre-de-bassin","34":"product_tag-immerge","35":"product_tag-impression-3d","36":"product_tag-imprimante-3d","37":"product_tag-irrigation","38":"product_tag-jardin","39":"product_tag-jardinage","40":"product_tag-koi","41":"product_tag-manchon","42":"product_tag-motopompe","43":"product_tag-oase","44":"product_tag-outil","45":"product_tag-peche","46":"product_tag-permaculture","47":"product_tag-piece-detachee","48":"product_tag-pieces-de-rechange","49":"product_tag-pieces-detachees","50":"product_tag-pisciculture","51":"product_tag-piscine","52":"product_tag-pompage","53":"product_tag-pompe","54":"product_tag-pompe-submersible","55":"product_tag-raccord","56":"product_tag-reservoir","57":"product_tag-stl","58":"product_tag-tuyau-darrosage","59":"product_tag-tuyaux","60":"product_tag-vidange","61":"product_tag-vivier","63":"first","64":"instock","65":"featured","66":"downloadable","67":"virtual","68":"sold-individually","69":"purchasable","70":"product-type-simple"},"_links":{"self":[{"href":"https:\/\/apiobi.com\/es\/wp-json\/wp\/v2\/product\/1237","targetHints":{"allow":["GET"]}}],"collection":[{"href":"https:\/\/apiobi.com\/es\/wp-json\/wp\/v2\/product"}],"about":[{"href":"https:\/\/apiobi.com\/es\/wp-json\/wp\/v2\/types\/product"}],"replies":[{"embeddable":true,"href":"https:\/\/apiobi.com\/es\/wp-json\/wp\/v2\/comments?post=1237"}],"wp:featuredmedia":[{"embeddable":true,"href":"https:\/\/apiobi.com\/es\/wp-json\/wp\/v2\/media\/1242"}],"wp:attachment":[{"href":"https:\/\/apiobi.com\/es\/wp-json\/wp\/v2\/media?parent=1237"}],"wp:term":[{"taxonomy":"product_brand","embeddable":true,"href":"https:\/\/apiobi.com\/es\/wp-json\/wp\/v2\/product_brand?post=1237"},{"taxonomy":"product_cat","embeddable":true,"href":"https:\/\/apiobi.com\/es\/wp-json\/wp\/v2\/product_cat?post=1237"},{"taxonomy":"product_tag","embeddable":true,"href":"https:\/\/apiobi.com\/es\/wp-json\/wp\/v2\/product_tag?post=1237"}],"curies":[{"name":"wp","href":"https:\/\/api.w.org\/{rel}","templated":true}]}}