{"id":1188,"date":"2026-03-12T14:54:04","date_gmt":"2026-03-12T14:54:04","guid":{"rendered":"https:\/\/apiobi.com\/?post_type=product&#038;p=1188"},"modified":"2026-03-12T15:50:02","modified_gmt":"2026-03-12T15:50:02","slug":"domes-en-grille-geodesique-pour-tapis-de-mousse-%f0%9f%8c%b1-bundle-de-3-modeles-3d-de-domes","status":"publish","type":"product","link":"https:\/\/apiobi.com\/es\/boutique\/modeles-3d\/aquaculture-apiculture-nichoirs\/domes-en-grille-geodesique-pour-tapis-de-mousse-%f0%9f%8c%b1-bundle-de-3-modeles-3d-de-domes\/","title":{"rendered":"D\u00f4mes en grille g\u00e9od\u00e9sique pour tapis de mousse \ud83c\udf31 | Bundle de 3 mod\u00e8les 3D de d\u00f4mes"},"content":{"rendered":"<p data-start=\"152\" data-end=\"442\">Voici\u00a0 un de nos derniers mod\u00e8les dans l&#8217;univers de l&#8217;aquascaping : des <strong data-start=\"219\" data-end=\"248\">d\u00f4mes dont la grille \u00e0 une une structure g\u00e9od\u00e9sique,<\/strong>\u00a0parfaits pour soutenir et structurer la mousse dans vos aquariums \ud83c\udfde\ufe0f\ud83c\udf31.<br data-start=\"322\" data-end=\"325\" \/>Un excellent outil pour les aquascapers qui aiment cr\u00e9er des paysages aquatiques naturels, multi-niveaux et originaux pour leurs crevettes, poissons, escargots, daphnies, etc.<\/p>\n<p data-start=\"444\" data-end=\"593\">Ces d\u00f4mes de <strong data-start=\"457\" data-end=\"478\">70 mm de diam\u00e8tre<\/strong> peuvent \u00eatre plac\u00e9s \u00e0 diff\u00e9rentes hauteurs dans le bac, offrant une structure id\u00e9ale pour faire pousser la mousse.<\/p>\n<hr data-start=\"595\" data-end=\"598\" \/>\n<h4 data-section-id=\"1squ4dh\" data-start=\"600\" data-end=\"623\"><strong data-start=\"603\" data-end=\"623\">3 Mod\u00e8les inclus dans le t\u00e9l\u00e9chargement:<\/strong><\/h4>\n<ol data-start=\"625\" data-end=\"1361\">\n<li data-section-id=\"1jb2e9h\" data-start=\"625\" data-end=\"843\">\n<p data-start=\"628\" data-end=\"657\"><strong data-start=\"628\" data-end=\"655\">D\u00f4me &#8211; Demi-sph\u00e8re g\u00e9od\u00e9sique \ud83e\udeb8 (Mod\u00e8le 3D n\u00b01 dans le dossier 3D)<\/strong><\/p>\n<ul data-start=\"661\" data-end=\"843\">\n<li data-section-id=\"153m52e\" data-start=\"661\" data-end=\"694\">\n<p data-start=\"663\" data-end=\"694\">\u00c0 suspendre avec un fil nylon<\/p>\n<\/li>\n<li data-section-id=\"1f7pf65\" data-start=\"698\" data-end=\"801\">\n<p data-start=\"700\" data-end=\"801\">Ou \u00e0 coller ensemble (2 demi-coques) pour former une sph\u00e8re compl\u00e8te pouvant rouler sur le substrat<\/p>\n<\/li>\n<li data-section-id=\"mx0nmy\" data-start=\"805\" data-end=\"843\">\n<p data-start=\"807\" data-end=\"843\">Peut \u00e9galement \u00eatre fix\u00e9e en place<\/p>\n<\/li>\n<\/ul>\n<\/li>\n<li data-section-id=\"o82c83\" data-start=\"845\" data-end=\"1044\">\n<p data-start=\"848\" data-end=\"878\"><strong data-start=\"848\" data-end=\"876\">D\u00f4me g\u00e9od\u00e9sique \u00e0 lester \u2696\ufe0f (Mod\u00e8le 3D n\u00b0 2)<\/strong><\/p>\n<ul data-start=\"882\" data-end=\"1044\">\n<li data-section-id=\"1ojr3ux\" data-start=\"882\" data-end=\"969\">\n<p data-start=\"884\" data-end=\"969\">Inclut un logement interne pour ins\u00e9rer une pi\u00e8ce ou un caillou afin de le stabiliser au fond du bac<\/p>\n<\/li>\n<li data-section-id=\"hdvnqa\" data-start=\"973\" data-end=\"1044\">\n<p data-start=\"975\" data-end=\"1044\">Id\u00e9al pour un lestage parfait tout en conservant un aspect naturel<\/p>\n<\/li>\n<\/ul>\n<\/li>\n<li data-section-id=\"1uj1555\" data-start=\"1046\" data-end=\"1361\">\n<p data-start=\"1049\" data-end=\"1089\"><strong data-start=\"1049\" data-end=\"1087\">D\u00f4me + Tige + Support\/leste substrat &#8211; Demi-sph\u00e8re en forme de parapluie \u2602\ufe0f (Mod\u00e8les 3D n\u00b03.1-3.2-3.3)<\/strong><\/p>\n<ul data-start=\"1093\" data-end=\"1361\">\n<li data-section-id=\"1uypdd\" data-start=\"1093\" data-end=\"1155\">\n<p data-start=\"1095\" data-end=\"1155\">Con\u00e7u pour \u00eatre plugg\u00e9e sur une tige de la longueur de votre choix (une tige de <strong data-start=\"1133\" data-end=\"1143\">100 mm<\/strong> est incluse)<\/p>\n<\/li>\n<li data-section-id=\"1wjh7t2\" data-start=\"1159\" data-end=\"1225\">\n<p data-start=\"1161\" data-end=\"1225\">La tige peut \u00eatre coup\u00e9e plus courte selon la hauteur souhait\u00e9e ( \u00e0 ras du sable par exemple)<\/p>\n<\/li>\n<li data-section-id=\"v9ijel\" data-start=\"1229\" data-end=\"1291\">\n<p data-start=\"1231\" data-end=\"1291\">Cr\u00e9e une cachette id\u00e9ale pour crevettes et petits poissons<\/p>\n<\/li>\n<li data-section-id=\"1ku0x5k\" data-start=\"1295\" data-end=\"1361\">\n<p data-start=\"1297\" data-end=\"1361\">Offre une plate-forme et une accroche parfaites pour tout type de de mousses<\/p>\n<\/li>\n<\/ul>\n<\/li>\n<\/ol>\n<p data-start=\"1363\" data-end=\"1394\"><strong data-start=\"1363\" data-end=\"1392\">Compatibilit\u00e9 technique :<\/strong><\/p>\n<ul data-start=\"1395\" data-end=\"1537\">\n<li data-section-id=\"14od5jv\" data-start=\"1395\" data-end=\"1462\">\n<p data-start=\"1397\" data-end=\"1462\">Vous pouvez \u00e9galement utiliser un pique en bambou ou en bois d\u2019environ <strong data-start=\"1452\" data-end=\"1460\">3 mm, parfaitement compatible\u00a0<\/strong><\/p>\n<\/li>\n<li data-section-id=\"1evo0uh\" data-start=\"1463\" data-end=\"1537\">\n<p data-start=\"1465\" data-end=\"1537\">Support de base perfor\u00e9 de <strong data-start=\"1492\" data-end=\"1501\">40 mm<\/strong> pour \u00eatre plant\u00e9 dans le substrat et \u00eatre ainsi lest\u00e9.<\/p>\n<\/li>\n<\/ul>\n<p data-start=\"1539\" data-end=\"1709\">Ces d\u00f4mes modulaires et polyvalents sont parfaits pour les nano-aquariums, bacs \u00e0 crevettes ou tout aquarium o\u00f9 la mousse et l\u2019aquascaping ont toute leur importance \ud83d\udc20\ud83c\udf3f.<\/p>","protected":false},"excerpt":{"rendered":"<p>Cr\u00e9ez des structures incroyables de tapis de mousses avec ces supports demi-sph\u00e9riques d&#8217;aquascaping \u00e0 placer \u00e0 toutes les hauteurs d&#8217;eau de votre aquarium<\/p>","protected":false},"featured_media":1196,"comment_status":"open","ping_status":"closed","template":"","meta":{"_themeisle_gutenberg_block_has_review":false},"product_brand":[302],"product_cat":[140,130],"product_tag":[840,237,379,839,368,820,771,833,822,837,838,831,868,834,829,297,818,835,827,869,819,824,836,828,832,830,821,823,197,826,825],"class_list":{"0":"post-1188","1":"product","2":"type-product","3":"status-publish","4":"has-post-thumbnail","6":"product_brand-apiobi","7":"product_cat-aquaculture-apiculture-nichoirs","8":"product_cat-modeles-3d","9":"product_tag-alevins","10":"product_tag-apiobi","11":"product_tag-aquaculture","12":"product_tag-aquariophilie","13":"product_tag-aquarium","14":"product_tag-aquascaping","15":"product_tag-bassin","16":"product_tag-coussinet","17":"product_tag-crevettes","18":"product_tag-decoration","19":"product_tag-elevage","20":"product_tag-epineux","21":"product_tag-escargot","22":"product_tag-filet","23":"product_tag-flamme","24":"product_tag-imprimable-en-3d","25":"product_tag-java","26":"product_tag-landscaping","27":"product_tag-marimo","28":"product_tag-moss","29":"product_tag-mousse","30":"product_tag-mousse-dhiver","31":"product_tag-nano","32":"product_tag-noel","33":"product_tag-phenix","34":"product_tag-pleureur","35":"product_tag-poissons","36":"product_tag-riccia","37":"product_tag-stl","38":"product_tag-taille","39":"product_tag-taiwan","41":"first","42":"instock","43":"downloadable","44":"virtual","45":"sold-individually","46":"purchasable","47":"product-type-simple"},"_links":{"self":[{"href":"https:\/\/apiobi.com\/es\/wp-json\/wp\/v2\/product\/1188","targetHints":{"allow":["GET"]}}],"collection":[{"href":"https:\/\/apiobi.com\/es\/wp-json\/wp\/v2\/product"}],"about":[{"href":"https:\/\/apiobi.com\/es\/wp-json\/wp\/v2\/types\/product"}],"replies":[{"embeddable":true,"href":"https:\/\/apiobi.com\/es\/wp-json\/wp\/v2\/comments?post=1188"}],"wp:featuredmedia":[{"embeddable":true,"href":"https:\/\/apiobi.com\/es\/wp-json\/wp\/v2\/media\/1196"}],"wp:attachment":[{"href":"https:\/\/apiobi.com\/es\/wp-json\/wp\/v2\/media?parent=1188"}],"wp:term":[{"taxonomy":"product_brand","embeddable":true,"href":"https:\/\/apiobi.com\/es\/wp-json\/wp\/v2\/product_brand?post=1188"},{"taxonomy":"product_cat","embeddable":true,"href":"https:\/\/apiobi.com\/es\/wp-json\/wp\/v2\/product_cat?post=1188"},{"taxonomy":"product_tag","embeddable":true,"href":"https:\/\/apiobi.com\/es\/wp-json\/wp\/v2\/product_tag?post=1188"}],"curies":[{"name":"wp","href":"https:\/\/api.w.org\/{rel}","templated":true}]}}