{"id":1151,"date":"2026-03-12T06:54:59","date_gmt":"2026-03-12T06:54:59","guid":{"rendered":"https:\/\/apiobi.com\/?post_type=product&#038;p=1151"},"modified":"2026-04-01T08:10:53","modified_gmt":"2026-04-01T08:10:53","slug":"mangeoire-transparente-tout-en-un-pour-lobservation-des-oiseaux-bird-feeder-bh001","status":"publish","type":"product","link":"https:\/\/apiobi.com\/es\/boutique\/modeles-3d\/aquaculture-apiculture-nichoirs\/mangeoire-transparente-tout-en-un-pour-lobservation-des-oiseaux-bird-feeder-bh001\/","title":{"rendered":"Comedero transparente todo en uno para p\u00e1jaros del aire | BH001"},"content":{"rendered":"<h4>Mangeoire pour oiseaux imprimable en 3D et en une seule partie<\/h4>\n<p>Minimaliste et multi fonctionnelle, la mangeoire ApiObi peut \u00eatre facilement suspendue au tronc d\u2019un arbre \u00e0 l\u2019aide d\u2019une corde.<br \/>\nElle peut \u00e9galement \u00eatre fix\u00e9e \u00e0 l\u2019ext\u00e9rieur d\u2019une fen\u00eatre ou d\u2019un volet gr\u00e2ce \u00e0 du <strong>ruban adh\u00e9sif double-face transparent<\/strong>.<\/p>\n<h3>Pourquoi concevoir une mangeoire ?<\/h3>\n<p>Il existe d\u00e9j\u00e0 de nombreux mod\u00e8les \u00e0 t\u00e9l\u00e9charger ou acheter, mais je voulais <strong>multiplier les points de nourrissage<\/strong> autour de ma maison afin d\u2019\u00e9viter de <strong>concentrer tous les oiseaux au m\u00eame endroit<\/strong> (pr\u00e9sence de chats, rapaces, risques de transmission de maladies, etc.).<\/p>\n<p>L\u2019objectif \u00e9tait donc de cr\u00e9er une <strong>mangeoire tout-en-un<\/strong>, imprimable en 3D, en une seule partie &#8216;print in place&#8217;, <strong>simple \u00e0 attacher et rapide \u00e0 imprimer<\/strong>.<br \/>\nEt, bien s\u00fbr, pouvoir en profiter depuis mon atelier pour observer m\u00e9sanges, pinsons, rouges-gorges\u2026 et parfois m\u00eame un petit groupe de chardonnerets !<\/p>\n<p><strong>Aucune colle, aucune vis : une seule pi\u00e8ce \u00e0 imprimer !<\/strong><br \/>\nMission accomplie.<\/p>\n<hr \/>\n<h2>Caract\u00e9ristiques<\/h2>\n<ul>\n<li>Orifices pr\u00e9vus pour \u00e9viter l\u2019accumulation d\u2019eau ou de neige<\/li>\n<li>Trois trous de fixation renforc\u00e9s<\/li>\n<li>Support cylindrique pour faciliter la prise des oiseaux (comme une branche)<\/li>\n<li>Toit couvrant toute la longueur de la mangeoire<\/li>\n<li>Parois de <strong>1,8 mm<\/strong> : imprimez-la en <strong>PETG transparent<\/strong> pour observer les oiseaux ou v\u00e9rifier le niveau des graines depuis l\u2019int\u00e9rieur<\/li>\n<li>Tr\u00e8s l\u00e9g\u00e8re (moins de <strong>150 g<\/strong> en PETG)<\/li>\n<li>Dimensions approximatives : <strong>15 cm (H) \u00d7 15 cm (L) \u00d7 50 mm (P)<\/strong><\/li>\n<\/ul>\n<p>&nbsp;<\/p>","protected":false},"excerpt":{"rendered":"<p>Un peu d&#8217;aide pour les oiseaux du ciel avec cette mangeoire tout en un imprimable en 3D<\/p>","protected":false},"featured_media":1153,"comment_status":"open","ping_status":"closed","template":"","meta":{"_themeisle_gutenberg_block_has_review":false},"product_brand":[302],"product_cat":[140,130],"product_tag":[267,845,853,237,858,857,862,860,867,855,848,358,322,846,865,851,230,297,844,847,850,843,849,856,866,854,859,861,197,864,852,863],"class_list":{"0":"post-1151","1":"product","2":"type-product","3":"status-publish","4":"has-post-thumbnail","6":"product_brand-apiobi","7":"product_cat-aquaculture-apiculture-nichoirs","8":"product_cat-modeles-3d","9":"product_tag-3d-printable","10":"product_tag-aide","11":"product_tag-aider","12":"product_tag-apiobi","13":"product_tag-baits","14":"product_tag-bird","15":"product_tag-birds-of-the-sky","16":"product_tag-chickadees","17":"product_tag-dispenser","18":"product_tag-distributeur","19":"product_tag-ecureuils","20":"product_tag-feed","21":"product_tag-feeder","22":"product_tag-graines","23":"product_tag-help","24":"product_tag-hiver","25":"product_tag-impression-3d","26":"product_tag-imprimable-en-3d","27":"product_tag-mangeoire","28":"product_tag-mesanges","29":"product_tag-nourrir","30":"product_tag-oiseau","31":"product_tag-oiseaux-du-ciel","32":"product_tag-petg","33":"product_tag-protect","34":"product_tag-proteger","35":"product_tag-seeds","36":"product_tag-squirrels","37":"product_tag-stl","38":"product_tag-sunflower","39":"product_tag-tournesol","40":"product_tag-winter","42":"first","43":"instock","44":"featured","45":"downloadable","46":"virtual","47":"sold-individually","48":"purchasable","49":"product-type-simple"},"_links":{"self":[{"href":"https:\/\/apiobi.com\/es\/wp-json\/wp\/v2\/product\/1151","targetHints":{"allow":["GET"]}}],"collection":[{"href":"https:\/\/apiobi.com\/es\/wp-json\/wp\/v2\/product"}],"about":[{"href":"https:\/\/apiobi.com\/es\/wp-json\/wp\/v2\/types\/product"}],"replies":[{"embeddable":true,"href":"https:\/\/apiobi.com\/es\/wp-json\/wp\/v2\/comments?post=1151"}],"wp:featuredmedia":[{"embeddable":true,"href":"https:\/\/apiobi.com\/es\/wp-json\/wp\/v2\/media\/1153"}],"wp:attachment":[{"href":"https:\/\/apiobi.com\/es\/wp-json\/wp\/v2\/media?parent=1151"}],"wp:term":[{"taxonomy":"product_brand","embeddable":true,"href":"https:\/\/apiobi.com\/es\/wp-json\/wp\/v2\/product_brand?post=1151"},{"taxonomy":"product_cat","embeddable":true,"href":"https:\/\/apiobi.com\/es\/wp-json\/wp\/v2\/product_cat?post=1151"},{"taxonomy":"product_tag","embeddable":true,"href":"https:\/\/apiobi.com\/es\/wp-json\/wp\/v2\/product_tag?post=1151"}],"curies":[{"name":"wp","href":"https:\/\/api.w.org\/{rel}","templated":true}]}}