{"id":1139,"date":"2026-03-11T13:56:05","date_gmt":"2026-03-11T13:56:05","guid":{"rendered":"https:\/\/apiobi.com\/?post_type=product&#038;p=1139"},"modified":"2026-03-11T14:51:39","modified_gmt":"2026-03-11T14:51:39","slug":"%f0%9f%a6%90grille-pour-tapis-de-mousse-daquarium-support-modulaire-pour-aquascaping-80x80mm-mailles-de-2-et-3-mm-carpet-moss-mesh","status":"publish","type":"product","link":"https:\/\/apiobi.com\/es\/boutique\/modeles-3d\/aquaculture-apiculture-nichoirs\/%f0%9f%a6%90grille-pour-tapis-de-mousse-daquarium-support-modulaire-pour-aquascaping-80x80mm-mailles-de-2-et-3-mm-carpet-moss-mesh\/","title":{"rendered":"\ud83e\udd90 Grille pour tapis de mousse d&#8217;aquarium \u2013 Support modulaire pour aquascaping | 80x80mm, mailles de 2 et 3 mm | Carpet moss mesh"},"content":{"rendered":"<h4><strong>Grille 3D pour tapis de mousse d\u2019aquarium \u2013 support d\u2019aquascaping modulaire<\/strong><\/h4>\n<p>Cr\u00e9ez un <strong>tapis de mousse dense et naturel<\/strong> \ud83e\udeb4\ud83c\udf31 dans votre aquarium \ud83d\udca7 gr\u00e2ce \u00e0 cette grille 3D imprim\u00e9e premium.<br \/>\nPens\u00e9e pour les aquascapers qui recherchent un <strong>contr\u00f4le pr\u00e9cis de leur mise en sc\u00e8ne<\/strong> \ud83c\udfde\ufe0f, elle permet une fixation rapide, durable et soign\u00e9e de la mousse.<\/p>\n<hr \/>\n<h4><strong>Atouts principaux :<\/strong><\/h4>\n<h5><strong>\ud83e\udeb4 Excellente accroche de la mousse<\/strong><\/h5>\n<p>Les mailles fines (2\u00d72 mm et 3\u00d73 mm) des 2 mod\u00e8les inclus dans le fichiers 3D \u00e0 t\u00e9l\u00e9charger,\u00a0 permettent une fixation optimale, garantissant une croissance homog\u00e8ne et compacte au fil des semaines.<\/p>\n<h5><strong>\ud83d\udd39 Flexible et personnalisable<\/strong><\/h5>\n<ul>\n<li>Assemblez plusieurs grilles pour former de grands tapis<\/li>\n<li>D\u00e9coupez facilement \u00e0 la forme voulue \u2702\ufe0f<\/li>\n<li>Chauffez l\u00e9g\u00e8rement (s\u00e8che-cheveux) pour \u00e9pouser racines, pierres ou \u00e9l\u00e9ments du d\u00e9cor \ud83e\udeb8<\/li>\n<\/ul>\n<h5><strong>\ud83e\udd90 Plus s\u00fbre et plus durable que le m\u00e9tal<\/strong><\/h5>\n<ul>\n<li>Sans corrosion, totalement inoffensive pour poissons et crevettes<\/li>\n<li>Disponible en couleurs naturelles selon votre filament<\/li>\n<li>Souple, discr\u00e8te et parfaite pour s\u2019int\u00e9grer dans l\u2019aquascape \ud83c\udf3f<\/li>\n<\/ul>\n<hr \/>\n<h4><strong>Dimensions :<\/strong><\/h4>\n<ul>\n<li><strong>Taille :<\/strong> 80 \u00d7 80 mm (3,15\u201d)<\/li>\n<li><strong>Mailles :<\/strong> 2\u00d72 mm et 3\u00d73 mm<\/li>\n<li><strong>\u00c9paisseur :<\/strong> 0,8 mm<\/li>\n<\/ul>\n<hr \/>\n<p>Id\u00e9ale pour l\u2019aquascaping \ud83c\udfde\ufe0f, les nano-bacs ou la cr\u00e9ation de <strong>surfaces v\u00e9g\u00e9talis\u00e9es \u00e9l\u00e9gantes<\/strong>, cette grille 3D vous aide \u00e0 sublimer vos d\u00e9cors aquatiques \ud83c\udf31\ud83d\udca7.<\/p>\n<p>&nbsp;<\/p>","protected":false},"excerpt":{"rendered":"<p>Grilles pour mousse d&#8217;aquarium : support imprimable en 3D, flexible et modulaire, id\u00e9al pour cr\u00e9er de superbes tapis de mousse \u2014 parfait pour l\u2019aquascaping, les nano-aquariums et les paysages aquatiques\u00a0 r\u00e9alistes, d\u00e9coratifs et protecteurs pour vos crevettes, poissons et heureux pensionnaires!.<\/p>","protected":false},"featured_media":1141,"comment_status":"open","ping_status":"closed","template":"","meta":{"_themeisle_gutenberg_block_has_review":false},"product_brand":[302],"product_cat":[140,130],"product_tag":[840,237,379,839,368,820,771,833,822,837,838,831,834,829,297,818,835,827,819,824,836,828,832,830,821,823,197,826,825],"class_list":{"0":"post-1139","1":"product","2":"type-product","3":"status-publish","4":"has-post-thumbnail","6":"product_brand-apiobi","7":"product_cat-aquaculture-apiculture-nichoirs","8":"product_cat-modeles-3d","9":"product_tag-alevins","10":"product_tag-apiobi","11":"product_tag-aquaculture","12":"product_tag-aquariophilie","13":"product_tag-aquarium","14":"product_tag-aquascaping","15":"product_tag-bassin","16":"product_tag-coussinet","17":"product_tag-crevettes","18":"product_tag-decoration","19":"product_tag-elevage","20":"product_tag-epineux","21":"product_tag-filet","22":"product_tag-flamme","23":"product_tag-imprimable-en-3d","24":"product_tag-java","25":"product_tag-landscaping","26":"product_tag-marimo","27":"product_tag-mousse","28":"product_tag-mousse-dhiver","29":"product_tag-nano","30":"product_tag-noel","31":"product_tag-phenix","32":"product_tag-pleureur","33":"product_tag-poissons","34":"product_tag-riccia","35":"product_tag-stl","36":"product_tag-taille","37":"product_tag-taiwan","39":"first","40":"instock","41":"downloadable","42":"virtual","43":"sold-individually","44":"purchasable","45":"product-type-simple"},"_links":{"self":[{"href":"https:\/\/apiobi.com\/es\/wp-json\/wp\/v2\/product\/1139","targetHints":{"allow":["GET"]}}],"collection":[{"href":"https:\/\/apiobi.com\/es\/wp-json\/wp\/v2\/product"}],"about":[{"href":"https:\/\/apiobi.com\/es\/wp-json\/wp\/v2\/types\/product"}],"replies":[{"embeddable":true,"href":"https:\/\/apiobi.com\/es\/wp-json\/wp\/v2\/comments?post=1139"}],"wp:featuredmedia":[{"embeddable":true,"href":"https:\/\/apiobi.com\/es\/wp-json\/wp\/v2\/media\/1141"}],"wp:attachment":[{"href":"https:\/\/apiobi.com\/es\/wp-json\/wp\/v2\/media?parent=1139"}],"wp:term":[{"taxonomy":"product_brand","embeddable":true,"href":"https:\/\/apiobi.com\/es\/wp-json\/wp\/v2\/product_brand?post=1139"},{"taxonomy":"product_cat","embeddable":true,"href":"https:\/\/apiobi.com\/es\/wp-json\/wp\/v2\/product_cat?post=1139"},{"taxonomy":"product_tag","embeddable":true,"href":"https:\/\/apiobi.com\/es\/wp-json\/wp\/v2\/product_tag?post=1139"}],"curies":[{"name":"wp","href":"https:\/\/api.w.org\/{rel}","templated":true}]}}