{"id":1134,"date":"2026-03-11T13:23:31","date_gmt":"2026-03-11T13:23:31","guid":{"rendered":"https:\/\/apiobi.com\/?post_type=product&#038;p=1134"},"modified":"2026-04-01T08:09:37","modified_gmt":"2026-04-01T08:09:37","slug":"lot-decrous-a-rainure-en-t-pour-profil-2020-m3-m4-m5-x-10-mm-t-slot-nuts-bundle","status":"publish","type":"product","link":"https:\/\/apiobi.com\/es\/boutique\/modeles-3d\/bricolage-atelier\/lot-decrous-a-rainure-en-t-pour-profil-2020-m3-m4-m5-x-10-mm-t-slot-nuts-bundle\/","title":{"rendered":"Paquete de tuercas para ranura en T para perfil 2020 - M3 M4 M5 x 10 mm | Paquete de tuercas para ranura en T"},"content":{"rendered":"<h4>\u00c9crous en T M3, M4 et M5 pour profil\u00e9s 2020 \u2013 Compatibles aluminium extrud\u00e9s et imprim\u00e9s 3D<\/h4>\n<p>Cet ensemble d\u2019<strong>\u00e9crous en T pour filetages M3, M4 et M5<\/strong> est con\u00e7u pour une utilisation avec les <strong>profil\u00e9s aluminium 2020<\/strong>, afin de faciliter la fixation d\u2019accessoires et de modules divers.<br \/>\nIls s\u2019ins\u00e8rent parfaitement dans la rainure du profil\u00e9, y compris dans les <strong>profil\u00e9s 2020 imprim\u00e9s en 3D<\/strong>, et offrent un point d\u2019ancrage filet\u00e9 solide et fiable pour tous vos projets.<\/p>\n<h4>\u2714 Conception optimis\u00e9e<\/h4>\n<p>La conception a \u00e9t\u00e9 <strong>totalement repens\u00e9e<\/strong> pour garantir une <strong>compatibilit\u00e9 r\u00e9elle, test\u00e9e et valid\u00e9e en conditions d\u2019usage<\/strong>.<br \/>\nReproduire les dimensions d\u2019un mod\u00e8le existant est simple, mais cela <strong>n\u2019assure ni la compatibilit\u00e9, ni la bonne imprimabilit\u00e9 3D<\/strong>, surtout concernant les filetages.<br \/>\nIci, les <strong>tol\u00e9rances de filetage ont \u00e9t\u00e9 sp\u00e9cifiquement adapt\u00e9es<\/strong> \u00e0 l\u2019impression 3D.<\/p>\n<p>Avec des <strong>vis acier<\/strong>, les assemblages sont extr\u00eamement <strong>solides, s\u00e9curis\u00e9s et r\u00e9utilisables<\/strong>.<\/p>\n<h4>\ud83d\udcd0 Dimensions<\/h4>\n<ul>\n<li><strong>Longitud :<\/strong> 10 mm<\/li>\n<li><strong>Hauteur :<\/strong> 4,2 mm<\/li>\n<li><strong>Anchura :<\/strong> 9,8 mm<\/li>\n<\/ul>\n<p>Les jeux et tol\u00e9rances ont \u00e9t\u00e9 d\u00e9finis pour <strong>absorber les variations de dimensions<\/strong> li\u00e9es \u00e0 l\u2019impression 3D, notamment avec le <strong>PETG<\/strong>.<\/p>","protected":false},"excerpt":{"rendered":"<p class=\"a-size-large a-spacing-none\"><span class=\"a-size-large product-title-word-break\">\u00c9crous Coulissants en T M3 M4 M5\u00a0<\/span><span id=\"productTitle\" class=\"a-size-large product-title-word-break\">pour profil\u00e9 S\u00e9rie 2020<\/span><\/p>","protected":false},"featured_media":1136,"comment_status":"open","ping_status":"closed","template":"","meta":{"_themeisle_gutenberg_block_has_review":false},"product_brand":[302],"product_cat":[148,130,146],"product_tag":[801,692,808,800,267,694,707,237,706,711,806,713,804,811,696,805,809,688,208,802,715,815,699,700,705,812,813,697,229,621,622,623,687,816,701,695,685,717,714,712,686,693,683,814,716,803,782,810,817,807,383,698],"class_list":{"0":"post-1134","1":"product","2":"type-product","3":"status-publish","4":"has-post-thumbnail","6":"product_brand-apiobi","7":"product_cat-bricolage-atelier","8":"product_cat-modeles-3d","9":"product_cat-technologie-informatique-3d","10":"product_tag-801","11":"product_tag-2020-t-slot","12":"product_tag-808","13":"product_tag-20x20","14":"product_tag-3d-printable","15":"product_tag-3d-printed-profile","16":"product_tag-amd","17":"product_tag-apiobi","18":"product_tag-asus","19":"product_tag-boitier","20":"product_tag-cadre","21":"product_tag-chassis","22":"product_tag-chassis-ouvert-en-aluminium-pour-pc","23":"product_tag-cnc","24":"product_tag-computer-chassis","25":"product_tag-connecteur","26":"product_tag-connection","27":"product_tag-custom-build","28":"product_tag-diy","29":"product_tag-ecrou-a-rainure-en-t","30":"product_tag-equerre","31":"product_tag-extrude","32":"product_tag-gamer","33":"product_tag-gaming","34":"product_tag-geforce","35":"product_tag-graveur","36":"product_tag-gravure","37":"product_tag-hobbyist","38":"product_tag-imprimante-3d","39":"product_tag-m3","40":"product_tag-m4","41":"product_tag-m5","42":"product_tag-modular","43":"product_tag-nut","44":"product_tag-nvidia","45":"product_tag-open-frame","46":"product_tag-open-air","47":"product_tag-ordinateur","48":"product_tag-ouvert","49":"product_tag-pc","50":"product_tag-pc-case","51":"product_tag-pc-modding","52":"product_tag-piece-detachee","53":"product_tag-profile","54":"product_tag-profile-2020","55":"product_tag-profile-en-aluminium-extrude","56":"product_tag-raccord","57":"product_tag-rail-lineaire","58":"product_tag-rainure","59":"product_tag-structure","60":"product_tag-support","61":"product_tag-workstation","63":"first","64":"instock","65":"featured","66":"downloadable","67":"virtual","68":"sold-individually","69":"purchasable","70":"product-type-simple"},"_links":{"self":[{"href":"https:\/\/apiobi.com\/es\/wp-json\/wp\/v2\/product\/1134","targetHints":{"allow":["GET"]}}],"collection":[{"href":"https:\/\/apiobi.com\/es\/wp-json\/wp\/v2\/product"}],"about":[{"href":"https:\/\/apiobi.com\/es\/wp-json\/wp\/v2\/types\/product"}],"replies":[{"embeddable":true,"href":"https:\/\/apiobi.com\/es\/wp-json\/wp\/v2\/comments?post=1134"}],"wp:featuredmedia":[{"embeddable":true,"href":"https:\/\/apiobi.com\/es\/wp-json\/wp\/v2\/media\/1136"}],"wp:attachment":[{"href":"https:\/\/apiobi.com\/es\/wp-json\/wp\/v2\/media?parent=1134"}],"wp:term":[{"taxonomy":"product_brand","embeddable":true,"href":"https:\/\/apiobi.com\/es\/wp-json\/wp\/v2\/product_brand?post=1134"},{"taxonomy":"product_cat","embeddable":true,"href":"https:\/\/apiobi.com\/es\/wp-json\/wp\/v2\/product_cat?post=1134"},{"taxonomy":"product_tag","embeddable":true,"href":"https:\/\/apiobi.com\/es\/wp-json\/wp\/v2\/product_tag?post=1134"}],"curies":[{"name":"wp","href":"https:\/\/api.w.org\/{rel}","templated":true}]}}