{"id":1129,"date":"2026-03-11T13:04:17","date_gmt":"2026-03-11T13:04:17","guid":{"rendered":"https:\/\/apiobi.com\/?post_type=product&#038;p=1129"},"modified":"2026-03-11T13:23:18","modified_gmt":"2026-03-11T13:23:18","slug":"equerre-dangle-90-pour-profiles-en-t-20x20-m4","status":"publish","type":"product","link":"https:\/\/apiobi.com\/es\/boutique\/modeles-3d\/technologie-informatique-3d\/equerre-dangle-90-pour-profiles-en-t-20x20-m4\/","title":{"rendered":"\u00c9querre d&#8217;angle 90\u00b0 pour profil\u00e9s en T 20&#215;20 &#8211; M4"},"content":{"rendered":"<h4 data-section-id=\"gvufb4\" data-start=\"78\" data-end=\"146\">\u00c9querre d\u2019angle 90\u00b0 pour profil\u00e9s 20\u00d720 \u2013 en aluminium extrud\u00e9 ou imprim\u00e9s 3D<\/h4>\n<p data-start=\"148\" data-end=\"559\">\u00c9querre de connexion con\u00e7ue pour r\u00e9aliser un <strong data-start=\"193\" data-end=\"220\">assemblage solide \u00e0 90\u00b0<\/strong> entre deux profil\u00e9s <strong data-start=\"241\" data-end=\"257\">20\u00d720 T-slot<\/strong>, qu\u2019ils soient en aluminium ou imprim\u00e9s en 3D.<br data-start=\"304\" data-end=\"307\" \/>Chaque dimension et chaque tol\u00e9rance ont \u00e9t\u00e9 enti\u00e8rement repens\u00e9es pour garantir une <strong data-start=\"392\" data-end=\"435\">compatibilit\u00e9 r\u00e9elle, test\u00e9e et valid\u00e9e<\/strong>, contrairement aux simples copies de mod\u00e8les existants qui ne tiennent pas toujours compte des contraintes d\u2019impression 3D.<\/p>\n<h4 data-section-id=\"dnmtwu\" data-start=\"561\" data-end=\"585\"><strong data-start=\"565\" data-end=\"585\">Caract\u00e9ristiques<\/strong><\/h4>\n<ul data-start=\"586\" data-end=\"735\">\n<li data-section-id=\"pilwqh\" data-start=\"586\" data-end=\"622\">\n<p data-start=\"588\" data-end=\"622\"><strong data-start=\"588\" data-end=\"604\">Dimensions :<\/strong> 40 \u00d7 40 \u00d7 19 mm<\/p>\n<\/li>\n<li data-section-id=\"e7rsol\" data-start=\"623\" data-end=\"647\">\n<p data-start=\"625\" data-end=\"647\"><strong data-start=\"625\" data-end=\"640\">\u00c9paisseur :<\/strong> 4 mm<\/p>\n<\/li>\n<li data-section-id=\"1blwfag\" data-start=\"648\" data-end=\"683\">\n<p data-start=\"650\" data-end=\"683\"><strong data-start=\"650\" data-end=\"674\">Diam\u00e8tre des trous :<\/strong> 4,5 mm<\/p>\n<\/li>\n<li data-section-id=\"7nwsc\" data-start=\"684\" data-end=\"735\">\n<p data-start=\"686\" data-end=\"735\"><strong data-start=\"686\" data-end=\"700\">Fixation :<\/strong> pr\u00e9vue pour des <strong data-start=\"717\" data-end=\"735\">vis M4 \u00d7 10 mm<\/strong><\/p>\n<\/li>\n<\/ul>\n<p data-start=\"737\" data-end=\"958\">Cette \u00e9querre est parfaite pour renforcer un cadre, assembler un ch\u00e2ssis PC, une structure d\u2019imprimante 3D, un \u00e9tabli modulaire, un caisson, ou tout autre montage n\u00e9cessitant une jonction fiable entre profil\u00e9s 2020.<\/p>","protected":false},"excerpt":{"rendered":"<p>\u00c9querre pour support d&#8217;angle \u00e0 90\u00b0 de profil 2020 pour M4<\/p>","protected":false},"featured_media":1131,"comment_status":"open","ping_status":"closed","template":"","meta":{"_themeisle_gutenberg_block_has_review":false},"product_brand":[302],"product_cat":[148,130,146],"product_tag":[801,692,808,800,267,694,707,237,706,711,806,713,804,811,696,805,809,688,208,802,715,815,699,700,705,812,813,697,229,621,622,623,687,701,695,685,717,714,712,686,693,683,814,716,803,782,810,807,383,698],"class_list":{"0":"post-1129","1":"product","2":"type-product","3":"status-publish","4":"has-post-thumbnail","6":"product_brand-apiobi","7":"product_cat-bricolage-atelier","8":"product_cat-modeles-3d","9":"product_cat-technologie-informatique-3d","10":"product_tag-801","11":"product_tag-2020-t-slot","12":"product_tag-808","13":"product_tag-20x20","14":"product_tag-3d-printable","15":"product_tag-3d-printed-profile","16":"product_tag-amd","17":"product_tag-apiobi","18":"product_tag-asus","19":"product_tag-boitier","20":"product_tag-cadre","21":"product_tag-chassis","22":"product_tag-chassis-ouvert-en-aluminium-pour-pc","23":"product_tag-cnc","24":"product_tag-computer-chassis","25":"product_tag-connecteur","26":"product_tag-connection","27":"product_tag-custom-build","28":"product_tag-diy","29":"product_tag-ecrou-a-rainure-en-t","30":"product_tag-equerre","31":"product_tag-extrude","32":"product_tag-gamer","33":"product_tag-gaming","34":"product_tag-geforce","35":"product_tag-graveur","36":"product_tag-gravure","37":"product_tag-hobbyist","38":"product_tag-imprimante-3d","39":"product_tag-m3","40":"product_tag-m4","41":"product_tag-m5","42":"product_tag-modular","43":"product_tag-nvidia","44":"product_tag-open-frame","45":"product_tag-open-air","46":"product_tag-ordinateur","47":"product_tag-ouvert","48":"product_tag-pc","49":"product_tag-pc-case","50":"product_tag-pc-modding","51":"product_tag-piece-detachee","52":"product_tag-profile","53":"product_tag-profile-2020","54":"product_tag-profile-en-aluminium-extrude","55":"product_tag-raccord","56":"product_tag-rail-lineaire","57":"product_tag-structure","58":"product_tag-support","59":"product_tag-workstation","61":"first","62":"instock","63":"featured","64":"downloadable","65":"virtual","66":"sold-individually","67":"purchasable","68":"product-type-simple"},"_links":{"self":[{"href":"https:\/\/apiobi.com\/es\/wp-json\/wp\/v2\/product\/1129","targetHints":{"allow":["GET"]}}],"collection":[{"href":"https:\/\/apiobi.com\/es\/wp-json\/wp\/v2\/product"}],"about":[{"href":"https:\/\/apiobi.com\/es\/wp-json\/wp\/v2\/types\/product"}],"replies":[{"embeddable":true,"href":"https:\/\/apiobi.com\/es\/wp-json\/wp\/v2\/comments?post=1129"}],"wp:featuredmedia":[{"embeddable":true,"href":"https:\/\/apiobi.com\/es\/wp-json\/wp\/v2\/media\/1131"}],"wp:attachment":[{"href":"https:\/\/apiobi.com\/es\/wp-json\/wp\/v2\/media?parent=1129"}],"wp:term":[{"taxonomy":"product_brand","embeddable":true,"href":"https:\/\/apiobi.com\/es\/wp-json\/wp\/v2\/product_brand?post=1129"},{"taxonomy":"product_cat","embeddable":true,"href":"https:\/\/apiobi.com\/es\/wp-json\/wp\/v2\/product_cat?post=1129"},{"taxonomy":"product_tag","embeddable":true,"href":"https:\/\/apiobi.com\/es\/wp-json\/wp\/v2\/product_tag?post=1129"}],"curies":[{"name":"wp","href":"https:\/\/api.w.org\/{rel}","templated":true}]}}