{"id":1125,"date":"2026-03-11T12:43:57","date_gmt":"2026-03-11T12:43:57","guid":{"rendered":"https:\/\/apiobi.com\/?post_type=product&#038;p=1125"},"modified":"2026-03-11T13:00:48","modified_gmt":"2026-03-11T13:00:48","slug":"plaque-en-t-pour-connexion-dangle-de-profiles-en-t-2020-m4-epaisseur-4mm","status":"publish","type":"product","link":"https:\/\/apiobi.com\/es\/boutique\/modeles-3d\/technologie-informatique-3d\/plaque-en-t-pour-connexion-dangle-de-profiles-en-t-2020-m4-epaisseur-4mm\/","title":{"rendered":"Placa en T para uni\u00f3n de esquinas con perfil en T 2020 - M4 | Grosor 4mm"},"content":{"rendered":"<h4>Plaque de connexion en T pour profil\u00e9s 20\u00d720 en T-slot<\/h4>\n<p>Plaque de renfort robuste con\u00e7ue pour <strong>assembler et renforcer un angle<\/strong> lors de la construction d\u2019une structure en profil\u00e9s <strong>20\u00d720 type T-slot en aluminium extrud\u00e9 ou imprim\u00e9s en 3D<\/strong><\/p>\n<h4><strong>Dimensions<\/strong><\/h4>\n<ul>\n<li><strong>60 \u00d7 60 \u00d7 4 mm<\/strong><\/li>\n<\/ul>\n<h4><strong>Fixation<\/strong><\/h4>\n<p>Cette \u00e9querre est pr\u00e9vue pour \u00eatre mont\u00e9e avec des <strong>vis M4 \u00d7 10 mm<\/strong>, parfaitement adapt\u00e9es aux profil\u00e9s 2020.<\/p>\n<h4><strong>Utilisation<\/strong><\/h4>\n<p>Id\u00e9ale comme :<\/p>\n<ul>\n<li><strong>Plaque de jonction crois\u00e9e<\/strong> pour profil\u00e9s 2020<\/li>\n<li>Renfort d\u2019angle pour cadres, structures modulaires, ch\u00e2ssis open-air, montants, supports, upgrade d\u2019imprimantes 3D, CNC, graveur, etc.<\/li>\n<\/ul>\n<p>&nbsp;<\/p>","protected":false},"excerpt":{"rendered":"<p>Plaque de connexion en T pour profil\u00e9s 20\u00d720 en T-slot Plaque de renfort robuste con\u00e7ue pour assembler et renforcer un angle lors de la construction d\u2019une structure en profil\u00e9s 20\u00d720 type T-slot en aluminium extrud\u00e9 ou imprim\u00e9s en 3D Dimensions 60 \u00d7 60 \u00d7 4 mm Fixation Cette \u00e9querre est pr\u00e9vue pour \u00eatre mont\u00e9e avec [&hellip;]<\/p>\n","protected":false},"featured_media":1126,"comment_status":"open","ping_status":"closed","template":"","meta":{"_themeisle_gutenberg_block_has_review":false},"product_brand":[302],"product_cat":[148,130,146],"product_tag":[801,692,808,800,267,694,707,237,706,711,806,713,804,811,696,805,809,688,208,802,715,815,699,700,705,812,813,697,229,621,622,623,687,701,695,685,717,714,712,686,693,683,814,716,803,782,810,807,383,698],"class_list":{"0":"post-1125","1":"product","2":"type-product","3":"status-publish","4":"has-post-thumbnail","6":"product_brand-apiobi","7":"product_cat-bricolage-atelier","8":"product_cat-modeles-3d","9":"product_cat-technologie-informatique-3d","10":"product_tag-801","11":"product_tag-2020-t-slot","12":"product_tag-808","13":"product_tag-20x20","14":"product_tag-3d-printable","15":"product_tag-3d-printed-profile","16":"product_tag-amd","17":"product_tag-apiobi","18":"product_tag-asus","19":"product_tag-boitier","20":"product_tag-cadre","21":"product_tag-chassis","22":"product_tag-chassis-ouvert-en-aluminium-pour-pc","23":"product_tag-cnc","24":"product_tag-computer-chassis","25":"product_tag-connecteur","26":"product_tag-connection","27":"product_tag-custom-build","28":"product_tag-diy","29":"product_tag-ecrou-a-rainure-en-t","30":"product_tag-equerre","31":"product_tag-extrude","32":"product_tag-gamer","33":"product_tag-gaming","34":"product_tag-geforce","35":"product_tag-graveur","36":"product_tag-gravure","37":"product_tag-hobbyist","38":"product_tag-imprimante-3d","39":"product_tag-m3","40":"product_tag-m4","41":"product_tag-m5","42":"product_tag-modular","43":"product_tag-nvidia","44":"product_tag-open-frame","45":"product_tag-open-air","46":"product_tag-ordinateur","47":"product_tag-ouvert","48":"product_tag-pc","49":"product_tag-pc-case","50":"product_tag-pc-modding","51":"product_tag-piece-detachee","52":"product_tag-profile","53":"product_tag-profile-2020","54":"product_tag-profile-en-aluminium-extrude","55":"product_tag-raccord","56":"product_tag-rail-lineaire","57":"product_tag-structure","58":"product_tag-support","59":"product_tag-workstation","61":"first","62":"instock","63":"featured","64":"downloadable","65":"virtual","66":"sold-individually","67":"purchasable","68":"product-type-simple"},"_links":{"self":[{"href":"https:\/\/apiobi.com\/es\/wp-json\/wp\/v2\/product\/1125","targetHints":{"allow":["GET"]}}],"collection":[{"href":"https:\/\/apiobi.com\/es\/wp-json\/wp\/v2\/product"}],"about":[{"href":"https:\/\/apiobi.com\/es\/wp-json\/wp\/v2\/types\/product"}],"replies":[{"embeddable":true,"href":"https:\/\/apiobi.com\/es\/wp-json\/wp\/v2\/comments?post=1125"}],"wp:featuredmedia":[{"embeddable":true,"href":"https:\/\/apiobi.com\/es\/wp-json\/wp\/v2\/media\/1126"}],"wp:attachment":[{"href":"https:\/\/apiobi.com\/es\/wp-json\/wp\/v2\/media?parent=1125"}],"wp:term":[{"taxonomy":"product_brand","embeddable":true,"href":"https:\/\/apiobi.com\/es\/wp-json\/wp\/v2\/product_brand?post=1125"},{"taxonomy":"product_cat","embeddable":true,"href":"https:\/\/apiobi.com\/es\/wp-json\/wp\/v2\/product_cat?post=1125"},{"taxonomy":"product_tag","embeddable":true,"href":"https:\/\/apiobi.com\/es\/wp-json\/wp\/v2\/product_tag?post=1125"}],"curies":[{"name":"wp","href":"https:\/\/api.w.org\/{rel}","templated":true}]}}