{"id":1119,"date":"2026-03-11T12:08:16","date_gmt":"2026-03-11T12:08:16","guid":{"rendered":"https:\/\/apiobi.com\/?post_type=product&#038;p=1119"},"modified":"2026-03-11T12:42:14","modified_gmt":"2026-03-11T12:42:14","slug":"connecteur-droit-de-100-mm-pour-profiles-en-t-2020-m4-epaisseur-5mm-et-9mm","status":"publish","type":"product","link":"https:\/\/apiobi.com\/es\/boutique\/modeles-3d\/technologie-informatique-3d\/connecteur-droit-de-100-mm-pour-profiles-en-t-2020-m4-epaisseur-5mm-et-9mm\/","title":{"rendered":"Conector recto de 100 mm para perfiles en T 2020 - M4 | Espesor 5mm y 9mm"},"content":{"rendered":"<h4><strong>Lot de 2 connecteurs droits imprimables en 3D pour assembler des profil\u00e9s 2020 aluminium ou imprim\u00e9s en 3D<\/strong><\/h4>\n<p>Ce type de connecteur de jonction est absolument indispensable lorsque vous souhaitez construire, allonger et renforcer des structures en profil\u00e9s \u2014 comme notre bo\u00eetier PC ouvert \u2014 et que la longueur des profil\u00e9s 2020 imprimables d\u00e9passe les capacit\u00e9s de votre imprimante.<strong><br \/>\n<\/strong><\/p>\n<p>Le connecteur droit ApiObi se d\u00e9cline en deux \u00e9paisseurs 5mm et 9mm ultra-rigide, con\u00e7u pour \u00eatre utilis\u00e9 avec une <strong>vis M4 de 10 mm<\/strong>. Le fichier num\u00e9rique \u00e0 t\u00e9l\u00e9charger contient ces 2 mod\u00e8les pour le seul prix indiqu\u00e9!<\/p>\n<h3><strong>Dimensions<\/strong><\/h3>\n<ul>\n<li><strong>Longueur :<\/strong> 100 mm<\/li>\n<li><strong>Largeur :<\/strong> 9,8 mm<\/li>\n<li><strong>Hauteurs :<\/strong> 5 mm et 9 mm<\/li>\n<li><strong>Nombre de points de fixation:<\/strong> 4<\/li>\n<li><strong>Filetages:<\/strong>\u00a0<strong>M4<\/strong><\/li>\n<\/ul>\n<p>Les tol\u00e9rances (dont filetage) ont \u00e9t\u00e9 <strong>sp\u00e9cialement ajust\u00e9es pour l\u2019impression 3D<\/strong>, y compris avec du PETG.<br \/>\n<strong>Astuce :<\/strong> vissez-le une premi\u00e8re fois <em>sans charge<\/em>, avant l\u2019assemblage final.<\/p>\n<hr \/>\n<h4><strong>Un design repens\u00e9 pour une compatibilit\u00e9 r\u00e9elle<\/strong><\/h4>\n<p>Tout le mod\u00e8le a \u00e9t\u00e9 enti\u00e8rement redessin\u00e9 pour garantir une <strong>compatibilit\u00e9 test\u00e9e<\/strong>, fonctionnelle, et utilisable dans des situations r\u00e9elles, apr\u00e8s impression 3D.<br \/>\nCopier les dimensions d\u2019un connecteur m\u00e9tallique est facile\u2026 mais cela <strong>ne garantit ni &#8216;l&#8217;imprimabilit\u00e9&#8217;\u00a0 ni la compatibilit\u00e9 m\u00e9canique<\/strong> une fois imprim\u00e9 en 3D.<\/p>\n<hr \/>\n<p>&nbsp;<\/p>","protected":false},"excerpt":{"rendered":"<p>Lot de 2 connecteurs droits imprimables en 3D pour assembler des profil\u00e9s 2020 aluminium ou imprim\u00e9s en 3D Ce type de connecteur de jonction est absolument indispensable lorsque vous souhaitez construire, allonger et renforcer des structures en profil\u00e9s \u2014 comme notre bo\u00eetier PC ouvert \u2014 et que la longueur des profil\u00e9s 2020 imprimables d\u00e9passe les [&hellip;]<\/p>\n","protected":false},"featured_media":1122,"comment_status":"open","ping_status":"closed","template":"","meta":{"_themeisle_gutenberg_block_has_review":false},"product_brand":[302],"product_cat":[148,130,146],"product_tag":[801,692,808,800,267,694,707,237,706,711,806,713,804,811,696,805,809,688,208,802,715,815,699,700,705,812,813,697,229,621,622,623,687,701,695,685,717,714,712,686,693,683,814,716,803,782,810,807,383,698],"class_list":{"0":"post-1119","1":"product","2":"type-product","3":"status-publish","4":"has-post-thumbnail","6":"product_brand-apiobi","7":"product_cat-bricolage-atelier","8":"product_cat-modeles-3d","9":"product_cat-technologie-informatique-3d","10":"product_tag-801","11":"product_tag-2020-t-slot","12":"product_tag-808","13":"product_tag-20x20","14":"product_tag-3d-printable","15":"product_tag-3d-printed-profile","16":"product_tag-amd","17":"product_tag-apiobi","18":"product_tag-asus","19":"product_tag-boitier","20":"product_tag-cadre","21":"product_tag-chassis","22":"product_tag-chassis-ouvert-en-aluminium-pour-pc","23":"product_tag-cnc","24":"product_tag-computer-chassis","25":"product_tag-connecteur","26":"product_tag-connection","27":"product_tag-custom-build","28":"product_tag-diy","29":"product_tag-ecrou-a-rainure-en-t","30":"product_tag-equerre","31":"product_tag-extrude","32":"product_tag-gamer","33":"product_tag-gaming","34":"product_tag-geforce","35":"product_tag-graveur","36":"product_tag-gravure","37":"product_tag-hobbyist","38":"product_tag-imprimante-3d","39":"product_tag-m3","40":"product_tag-m4","41":"product_tag-m5","42":"product_tag-modular","43":"product_tag-nvidia","44":"product_tag-open-frame","45":"product_tag-open-air","46":"product_tag-ordinateur","47":"product_tag-ouvert","48":"product_tag-pc","49":"product_tag-pc-case","50":"product_tag-pc-modding","51":"product_tag-piece-detachee","52":"product_tag-profile","53":"product_tag-profile-2020","54":"product_tag-profile-en-aluminium-extrude","55":"product_tag-raccord","56":"product_tag-rail-lineaire","57":"product_tag-structure","58":"product_tag-support","59":"product_tag-workstation","61":"first","62":"instock","63":"featured","64":"downloadable","65":"virtual","66":"sold-individually","67":"purchasable","68":"product-type-simple"},"_links":{"self":[{"href":"https:\/\/apiobi.com\/es\/wp-json\/wp\/v2\/product\/1119","targetHints":{"allow":["GET"]}}],"collection":[{"href":"https:\/\/apiobi.com\/es\/wp-json\/wp\/v2\/product"}],"about":[{"href":"https:\/\/apiobi.com\/es\/wp-json\/wp\/v2\/types\/product"}],"replies":[{"embeddable":true,"href":"https:\/\/apiobi.com\/es\/wp-json\/wp\/v2\/comments?post=1119"}],"wp:featuredmedia":[{"embeddable":true,"href":"https:\/\/apiobi.com\/es\/wp-json\/wp\/v2\/media\/1122"}],"wp:attachment":[{"href":"https:\/\/apiobi.com\/es\/wp-json\/wp\/v2\/media?parent=1119"}],"wp:term":[{"taxonomy":"product_brand","embeddable":true,"href":"https:\/\/apiobi.com\/es\/wp-json\/wp\/v2\/product_brand?post=1119"},{"taxonomy":"product_cat","embeddable":true,"href":"https:\/\/apiobi.com\/es\/wp-json\/wp\/v2\/product_cat?post=1119"},{"taxonomy":"product_tag","embeddable":true,"href":"https:\/\/apiobi.com\/es\/wp-json\/wp\/v2\/product_tag?post=1119"}],"curies":[{"name":"wp","href":"https:\/\/api.w.org\/{rel}","templated":true}]}}