{"id":1102,"date":"2026-03-11T08:24:12","date_gmt":"2026-03-11T08:24:12","guid":{"rendered":"https:\/\/apiobi.com\/?post_type=product&#038;p=1102"},"modified":"2026-04-24T05:34:02","modified_gmt":"2026-04-24T05:34:02","slug":"filtro-de-conexion-escalonado-para-tubos-de-19-mm-25-mm-y-32-mm-de-diametro-filtro-de-puas-escalonado-para-acuicultura","status":"publish","type":"product","link":"https:\/\/apiobi.com\/es\/boutique\/modeles-3d\/jardinage\/crepine-a-raccord-etage-pour-tuyaux-de-diametres-19mm-25mm-et-32mm-bassin-arrosage-aquaculture-step-down-barbed-strainer\/","title":{"rendered":"Filtro con conexi\u00f3n escalonada 19mm - 25mm y 32mm"},"content":{"rendered":"<p>Filtro de aspiraci\u00f3n con conexi\u00f3n acanalada escalonada (multipaso de 3 etapas) fabricado de una sola pieza sin roscas, ni pegado ni soldado, para una mayor solidez y resistencia.<br \/>\nLa soluci\u00f3n rentable ideal para el problema de la coincidencia de di\u00e1metros entre el filtro y las distintas tuber\u00edas de aspiraci\u00f3n.<\/p>\n<ul>\n<li><strong>Di\u00e1metros de suelo : <\/strong>adecuado para <strong>19 mm, 25 mm y 32 mm<\/strong>, compatible con las mangueras de estanque Oase.<\/li>\n<li><strong>Longitud total :<\/strong> 145 mm<\/li>\n<li><strong>Agujeros de malla :<\/strong> 3 mm<\/li>\n<li><strong>Espesor de malla :<\/strong> 2,4 mm<\/li>\n<li><strong>Fijaci\u00f3n por abrazadera<\/strong><\/li>\n<li><strong> Uso recomendado del colador<\/strong><br \/>\nAunque es posible utilizar el colador tal cual, es preferible cortarlo para adaptarlo al di\u00e1metro de la tuber\u00eda. Ventaja: ganas en succi\u00f3n, desventaja: pierdes el beneficio de su versatilidad. \u00a1La elecci\u00f3n es suya!<\/li>\n<\/ul>\n<h4>Una malla filtrante de dise\u00f1o innovador, exclusiva de ApiObi :<\/h4>\n<ul>\n<li>Estructura monopieza de impresi\u00f3n in situ\u2018<\/li>\n<li>Dise\u00f1o para impresi\u00f3n 3D = sin soporte (que ser\u00eda imposible retirar desde el interior)<\/li>\n<li>un filtro con conexi\u00f3n escalonada debe cortarse al di\u00e1metro de la tuber\u00eda utilizada. Si se compra comercialmente y se corta, pierde la ventaja de la modularidad. Gracias a la impresi\u00f3n 3D, \u00a1puedes imprimir el modelo ApiObi tantas veces como necesites!<\/li>\n<\/ul>","protected":false},"excerpt":{"rendered":"<p>Conecte un filtro y un colador de aspiraci\u00f3n a tres di\u00e1metros de tuber\u00eda diferentes<\/p>","protected":false},"featured_media":1107,"comment_status":"open","ping_status":"closed","template":"","meta":{"_themeisle_gutenberg_block_has_review":false},"product_brand":[302],"product_cat":[140,148,142,130],"product_tag":[379,779,781,771,289,772,793,780,774,377,775,758,785,796,789,376,231,797,683,792,786,778,773,782,784],"class_list":{"0":"post-1102","1":"product","2":"type-product","3":"status-publish","4":"has-post-thumbnail","6":"product_brand-apiobi","7":"product_cat-aquaculture-apiculture-nichoirs","8":"product_cat-bricolage-atelier","9":"product_cat-jardinage","10":"product_cat-modeles-3d","11":"product_tag-aquaculture","12":"product_tag-arrosage","13":"product_tag-aspiration","14":"product_tag-bassin","15":"product_tag-bricolage","16":"product_tag-carpes-koi","17":"product_tag-chantier","18":"product_tag-crepine","19":"product_tag-eau","20":"product_tag-etang","21":"product_tag-irrigation","22":"product_tag-jardin","23":"product_tag-manchon","24":"product_tag-motopompe","25":"product_tag-oase","26":"product_tag-outil","27":"product_tag-peche","28":"product_tag-permaculture","29":"product_tag-piece-detachee","30":"product_tag-pieces-de-rechange","31":"product_tag-pisciculture","32":"product_tag-pompage","33":"product_tag-pompe","34":"product_tag-raccord","35":"product_tag-tuyau-darrosage","37":"first","38":"instock","39":"featured","40":"downloadable","41":"virtual","42":"sold-individually","43":"purchasable","44":"product-type-simple"},"_links":{"self":[{"href":"https:\/\/apiobi.com\/es\/wp-json\/wp\/v2\/product\/1102","targetHints":{"allow":["GET"]}}],"collection":[{"href":"https:\/\/apiobi.com\/es\/wp-json\/wp\/v2\/product"}],"about":[{"href":"https:\/\/apiobi.com\/es\/wp-json\/wp\/v2\/types\/product"}],"replies":[{"embeddable":true,"href":"https:\/\/apiobi.com\/es\/wp-json\/wp\/v2\/comments?post=1102"}],"wp:featuredmedia":[{"embeddable":true,"href":"https:\/\/apiobi.com\/es\/wp-json\/wp\/v2\/media\/1107"}],"wp:attachment":[{"href":"https:\/\/apiobi.com\/es\/wp-json\/wp\/v2\/media?parent=1102"}],"wp:term":[{"taxonomy":"product_brand","embeddable":true,"href":"https:\/\/apiobi.com\/es\/wp-json\/wp\/v2\/product_brand?post=1102"},{"taxonomy":"product_cat","embeddable":true,"href":"https:\/\/apiobi.com\/es\/wp-json\/wp\/v2\/product_cat?post=1102"},{"taxonomy":"product_tag","embeddable":true,"href":"https:\/\/apiobi.com\/es\/wp-json\/wp\/v2\/product_tag?post=1102"}],"curies":[{"name":"wp","href":"https:\/\/api.w.org\/{rel}","templated":true}]}}