{"id":1097,"date":"2026-03-10T14:27:55","date_gmt":"2026-03-10T14:27:55","guid":{"rendered":"https:\/\/apiobi.com\/?post_type=product&#038;p=1097"},"modified":"2026-04-01T07:38:26","modified_gmt":"2026-04-01T07:38:26","slug":"%f0%9f%8c%b1grand-gabarit-de-bobinage-de-spirale-ighina-moule-cone-a-spirale-en-fil-de-cuivre-ou-daluminium","status":"publish","type":"product","link":"https:\/\/apiobi.com\/es\/boutique\/modeles-3d\/jardinage\/%f0%9f%8c%b1grand-gabarit-de-bobinage-de-spirale-ighina-moule-cone-a-spirale-en-fil-de-cuivre-ou-daluminium\/","title":{"rendered":"\ud83c\udf31Large Ighina espiral bobinado plantilla | Molde, cobre o aleaci\u00f3n de alambre en espiral cono"},"content":{"rendered":"<p>Suite \u00e0 de nouvelles lectures, \u00e0 divers calculs autour du <strong>triangle d\u2019or<\/strong> et apr\u00e8s \u00e9changes avec des personnes bien plus expertes que moi sur les travaux du chercheur <strong>Pier Luigi Ighina<\/strong> et l\u2019\u00e9lectroculture, voici un <strong>nouveau gabarit de bobinage Ighina<\/strong> destin\u00e9 \u00e0 l&#8217;\u00e9lectroculture.<\/p>\n<h4><strong>Ce mod\u00e8le de gabarit pour spirales Ighina, apporte plusieurs r\u00e9ponses que les mod\u00e8les classiques ne couvrent pas enti\u00e8rement :<\/strong><\/h4>\n<ul>\n<li>L\u2019utilisation d\u2019un <strong>triangle isoc\u00e8le dor\u00e9 72-54-54<\/strong> permet d\u2019obtenir une <strong>spirale de tr\u00e8s grand diam\u00e8tre<\/strong>, offrant une canalisation\u00a0 et une propagation de flux bien plus large que les mod\u00e8les traditionnels bas\u00e9s sur un 36-72-72.<\/li>\n<li><strong>Nombre de spires : 13<\/strong><\/li>\n<li><strong>Hauteur totale : 13 cm<\/strong><\/li>\n<li><strong>Diam\u00e8tre du fil utilis\u00e9 pour creuser l\u2019empreinte : 5 mm<\/strong><\/li>\n<li><strong>2 mod\u00e8les inclus<\/strong> dans le t\u00e9l\u00e9chargement pour un prix unique : avec enroulements <strong>horaire<\/strong> et <strong>anti-horaire<\/strong><\/li>\n<li>Permet de r\u00e9aliser une <strong>spirale compl\u00e8te jusqu&#8217;au sommet<\/strong><\/li>\n<li>Compatibilit\u00e9 avec du fil de cuivre <strong>1.5 mm\u00b2, 2.5 mm\u00b2<\/strong>, ou plus selon vos besoins<\/li>\n<\/ul>\n<hr \/>\n<h4><strong>Mise \u00e0 jour du 11\/2025<\/strong><\/h4>\n<p>Quelques ajustements ont \u00e9t\u00e9 apport\u00e9s pour faciliter le bobinage :<\/p>\n<ul>\n<li>Augmentation de <strong>1 mm<\/strong> de la profondeur de l\u2019empreinte, 5mm maintenant<\/li>\n<li>Ajustement <strong>de la base pour faciliter le d\u00e9marrage du bobinage<\/strong><\/li>\n<\/ul>","protected":false},"excerpt":{"rendered":"<p>Fabriquez de grandes spirales IGHINA \u00e0 fortes canalisation et propagation de flux. Une innovation ApiObi<\/p>","protected":false},"featured_media":1098,"comment_status":"open","ping_status":"closed","template":"","meta":{"_themeisle_gutenberg_block_has_review":false},"product_brand":[302],"product_cat":[142,130],"product_tag":[320,645,659,237,657,642,649,641,656,762,667,770,663,62,644,662,761,767,661,764,646,766,768,651,297,229,758,235,765,763,333,362,375,376,647,660,759,643,658,197,760,769,650],"class_list":{"0":"post-1097","1":"product","2":"type-product","3":"status-publish","4":"has-post-thumbnail","6":"product_brand-apiobi","7":"product_cat-jardinage","8":"product_cat-modeles-3d","9":"product_tag-3d-model","10":"product_tag-antenna","11":"product_tag-antenne","12":"product_tag-apiobi","13":"product_tag-bobine","14":"product_tag-coil","15":"product_tag-cone","16":"product_tag-copper","17":"product_tag-cuivre","18":"product_tag-culture","19":"product_tag-electroculture","20":"product_tag-electroponic","21":"product_tag-electroponie","22":"product_tag-equipement","23":"product_tag-fibonacci","24":"product_tag-fil","25":"product_tag-fleur","26":"product_tag-flower","27":"product_tag-gabarit","28":"product_tag-garden","29":"product_tag-gardening","30":"product_tag-golden-triangle","31":"product_tag-growing","32":"product_tag-ighina","33":"product_tag-imprimable-en-3d","34":"product_tag-imprimante-3d","35":"product_tag-jardin","36":"product_tag-jardinage","37":"product_tag-jig","38":"product_tag-legume","39":"product_tag-modele-3d","40":"product_tag-mold","41":"product_tag-moule","42":"product_tag-outil","43":"product_tag-plant","44":"product_tag-plante","45":"product_tag-sequence","46":"product_tag-spiral","47":"product_tag-spirale","48":"product_tag-stl","49":"product_tag-triangle-dor","50":"product_tag-vegetable","51":"product_tag-wire","53":"first","54":"instock","55":"downloadable","56":"virtual","57":"sold-individually","58":"purchasable","59":"product-type-simple"},"_links":{"self":[{"href":"https:\/\/apiobi.com\/es\/wp-json\/wp\/v2\/product\/1097","targetHints":{"allow":["GET"]}}],"collection":[{"href":"https:\/\/apiobi.com\/es\/wp-json\/wp\/v2\/product"}],"about":[{"href":"https:\/\/apiobi.com\/es\/wp-json\/wp\/v2\/types\/product"}],"replies":[{"embeddable":true,"href":"https:\/\/apiobi.com\/es\/wp-json\/wp\/v2\/comments?post=1097"}],"wp:featuredmedia":[{"embeddable":true,"href":"https:\/\/apiobi.com\/es\/wp-json\/wp\/v2\/media\/1098"}],"wp:attachment":[{"href":"https:\/\/apiobi.com\/es\/wp-json\/wp\/v2\/media?parent=1097"}],"wp:term":[{"taxonomy":"product_brand","embeddable":true,"href":"https:\/\/apiobi.com\/es\/wp-json\/wp\/v2\/product_brand?post=1097"},{"taxonomy":"product_cat","embeddable":true,"href":"https:\/\/apiobi.com\/es\/wp-json\/wp\/v2\/product_cat?post=1097"},{"taxonomy":"product_tag","embeddable":true,"href":"https:\/\/apiobi.com\/es\/wp-json\/wp\/v2\/product_tag?post=1097"}],"curies":[{"name":"wp","href":"https:\/\/api.w.org\/{rel}","templated":true}]}}