{"id":1091,"date":"2026-03-10T14:09:17","date_gmt":"2026-03-10T14:09:17","guid":{"rendered":"https:\/\/apiobi.com\/?post_type=product&#038;p=1091"},"modified":"2026-04-24T05:34:37","modified_gmt":"2026-04-24T05:34:37","slug":"juego-de-3-grandes-bolas-aereas-de-estratificacion-tamanos-60mm-80mm-100-mm-bolas-aereas-de-estratificacion","status":"publish","type":"product","link":"https:\/\/apiobi.com\/es\/boutique\/modeles-3d\/jardinage\/ensemble-de-3-de-boules-de-support-marcottage-aerien-large-tailles-60mm-80mm-100-mm-air-layering-balls\/","title":{"rendered":"Juego de 3 balones de aire | GRANDE - Tama\u00f1os 60mm - 80mm - 100 mm | Balones de aire"},"content":{"rendered":"<p>Multiplique sus plantas y arbustos f\u00e1cilmente con este <strong>juego de 3 bolas de estratificaci\u00f3n<\/strong>, especialmente dise\u00f1ado para <strong>impresi\u00f3n 3D r\u00e1pida, funcional y duradera<\/strong>.<br \/>\nIdeal para todos <strong>jardineros<\/strong>, cada modelo tiene su propio <strong>muros reforzados<\/strong> y geometr\u00eda <strong>sin facetas<\/strong>, Esto garantiza un acabado impecable y una larga vida \u00fatil.<\/p>\n<h4><strong>Por qu\u00e9 este pack es ideal :<\/strong><\/h4>\n<ul>\n<li><strong>3 tama\u00f1os incluidos en la descarga por un precio \u00fanico<\/strong> : 60 mm, 80 mm y 100 mm - <strong>Imprima s\u00f3lo lo que necesite, cuando lo necesite.<\/strong><\/li>\n<li><strong>Modelos s\u00f3lidos y reutilizables<\/strong>, dise\u00f1ado para durar muchas temporadas<\/li>\n<li><strong>Uso vers\u00e1til<\/strong> \u00e1rboles, arbustos, hortalizas, plantas de interior, etc.<\/li>\n<li><strong>F\u00e1cil control del desarrollo de las ra\u00edces<\/strong> si se imprime en filamento transparente<\/li>\n<\/ul>\n<h4><strong>Instrucciones de uso para obtener los mejores resultados:<\/strong><\/h4>\n<ol>\n<li>Imprimir en <strong>filamento transparente<\/strong> para controlar la formaci\u00f3n de ra\u00edces o con diferentes colores (c\u00f3digos de color seg\u00fan la especie, la estaci\u00f3n, etc.)<\/li>\n<li>Envolver en <strong>papel de aluminio<\/strong> para proteger de la luz y retener la humedad<\/li>\n<li>Rellenar con <strong>espuma<\/strong> secado al sol y despu\u00e9s humedecido (idealmente con agua de lluvia) + sustrato (o no). En Internet encontrar\u00e1s f\u00e1cilmente ideas de mezclas adaptadas a tus plantas.<\/li>\n<li>Asegure la bola con <strong>abrazaderas de manguera<\/strong> o alambre de jardiner\u00eda<\/li>\n<\/ol>\n<p>Este juego es <strong>compacto, eficaz y muy f\u00e1cil de usar<\/strong>, Es la forma perfecta de obtener resultados fiables temporada tras temporada, incluso con poca experiencia.<\/p>\n<hr \/>","protected":false},"excerpt":{"rendered":"<p>3 bolas de Marcottage imprimibles en 3D, 3 tama\u00f1os 60mm, 80mm y 100 mm - Duraderas, vers\u00e1tiles e ideales para propagar y clonar tus plantas.<\/p>","protected":false},"featured_media":1093,"comment_status":"open","ping_status":"closed","template":"","meta":{"_themeisle_gutenberg_block_has_review":false},"product_brand":[302],"product_cat":[142,130],"product_tag":[60,237,744,737,745,757,752,741,754,751,756,230,297,739,749,755,736,746,740,376,743,738,748,747,750,753,197,742],"class_list":{"0":"post-1091","1":"product","2":"type-product","3":"status-publish","4":"has-post-thumbnail","6":"product_brand-apiobi","7":"product_cat-jardinage","8":"product_cat-modeles-3d","9":"product_tag-accessoire","10":"product_tag-apiobi","11":"product_tag-bonsai","12":"product_tag-boules-de-bouturage","13":"product_tag-bouturage-darbustes","14":"product_tag-cloner","15":"product_tag-conception-flexible","16":"product_tag-durables","17":"product_tag-entretien-des-plantes","18":"product_tag-fermeture-par-attache-cable","19":"product_tag-greffe","20":"product_tag-impression-3d","21":"product_tag-imprimable-en-3d","22":"product_tag-imprimables-en-3d","23":"product_tag-jardinage-diy","24":"product_tag-loisirs","25":"product_tag-marcottage-aerien","26":"product_tag-multiplication-darbres","27":"product_tag-multiplication-des-plantes","28":"product_tag-outil","29":"product_tag-outils-de-jardinage","30":"product_tag-petites-boules","31":"product_tag-plantes-dexterieur","32":"product_tag-plantes-dinterieur","33":"product_tag-remplissage-de-mousse","34":"product_tag-reutilisables","35":"product_tag-stl","36":"product_tag-tailles-s-m-l","38":"first","39":"instock","40":"downloadable","41":"virtual","42":"sold-individually","43":"purchasable","44":"product-type-simple"},"_links":{"self":[{"href":"https:\/\/apiobi.com\/es\/wp-json\/wp\/v2\/product\/1091","targetHints":{"allow":["GET"]}}],"collection":[{"href":"https:\/\/apiobi.com\/es\/wp-json\/wp\/v2\/product"}],"about":[{"href":"https:\/\/apiobi.com\/es\/wp-json\/wp\/v2\/types\/product"}],"replies":[{"embeddable":true,"href":"https:\/\/apiobi.com\/es\/wp-json\/wp\/v2\/comments?post=1091"}],"wp:featuredmedia":[{"embeddable":true,"href":"https:\/\/apiobi.com\/es\/wp-json\/wp\/v2\/media\/1093"}],"wp:attachment":[{"href":"https:\/\/apiobi.com\/es\/wp-json\/wp\/v2\/media?parent=1091"}],"wp:term":[{"taxonomy":"product_brand","embeddable":true,"href":"https:\/\/apiobi.com\/es\/wp-json\/wp\/v2\/product_brand?post=1091"},{"taxonomy":"product_cat","embeddable":true,"href":"https:\/\/apiobi.com\/es\/wp-json\/wp\/v2\/product_cat?post=1091"},{"taxonomy":"product_tag","embeddable":true,"href":"https:\/\/apiobi.com\/es\/wp-json\/wp\/v2\/product_tag?post=1091"}],"curies":[{"name":"wp","href":"https:\/\/api.w.org\/{rel}","templated":true}]}}