{"id":1023,"date":"2026-03-09T09:14:29","date_gmt":"2026-03-09T09:14:29","guid":{"rendered":"https:\/\/apiobi.com\/?post_type=product&#038;p=1023"},"modified":"2026-03-09T09:41:40","modified_gmt":"2026-03-09T09:41:40","slug":"support-de-carte-graphique-gpu-29-40-mm-support-anti-affaissement-pour-carte-video-support-gpu-imprimable-en-3d-gsc001","status":"publish","type":"product","link":"https:\/\/apiobi.com\/es\/boutique\/modeles-3d\/technologie-informatique-3d\/support-de-carte-graphique-gpu-29-40-mm-support-anti-affaissement-pour-carte-video-support-gpu-imprimable-en-3d-gsc001\/","title":{"rendered":"Soporte de tarjeta gr\u00e1fica (GPU) de 29-40 mm | Soporte de tarjeta de v\u00eddeo antideslizante, soporte de GPU imprimible en 3D | GSC001"},"content":{"rendered":"<p>Support de carte graphique <strong>solide et pr\u00e9cis<\/strong>, r\u00e9glable de <strong>29-40 mm en hauteur<\/strong>, con\u00e7u pour <strong>\u00e9viter l\u2019affaissement (GPU sag)<\/strong> et soutenir efficacement la carte graphique.<\/p>\n<h4><strong>Dimensions :<\/strong><\/h4>\n<article class=\"text-token-text-primary w-full focus:outline-none [--shadow-height:45px] has-data-writing-block:pointer-events-none has-data-writing-block:-mt-(--shadow-height) has-data-writing-block:pt-(--shadow-height) [&amp;:has([data-writing-block])&gt;*]:pointer-events-auto scroll-mt-(--header-height)\" dir=\"auto\" tabindex=\"-1\" data-turn-id=\"a7eba67e-e53a-4350-8faa-3c150e9ebbbd\" data-testid=\"conversation-turn-205\" data-scroll-anchor=\"false\" data-turn=\"user\">\n<div class=\"text-base my-auto mx-auto pt-12 [--thread-content-margin:var(--thread-content-margin-xs,calc(var(--spacing)*4))] @w-sm\/main:[--thread-content-margin:var(--thread-content-margin-sm,calc(var(--spacing)*6))] @w-lg\/main:[--thread-content-margin:var(--thread-content-margin-lg,calc(var(--spacing)*16))] px-(--thread-content-margin)\"><\/div>\n<\/article>\n<article class=\"text-token-text-primary w-full focus:outline-none [--shadow-height:45px] has-data-writing-block:pointer-events-none has-data-writing-block:-mt-(--shadow-height) has-data-writing-block:pt-(--shadow-height) [&amp;:has([data-writing-block])&gt;*]:pointer-events-auto scroll-mt-[calc(var(--header-height)+min(200px,max(70px,20svh)))]\" dir=\"auto\" tabindex=\"-1\" data-turn-id=\"request-6979d1f6-dfa8-8330-91c6-78e6ecbe229c-5\" data-testid=\"conversation-turn-206\" data-scroll-anchor=\"true\" data-turn=\"assistant\">\n<div class=\"text-base my-auto mx-auto pb-10 [--thread-content-margin:var(--thread-content-margin-xs,calc(var(--spacing)*4))] @w-sm\/main:[--thread-content-margin:var(--thread-content-margin-sm,calc(var(--spacing)*6))] @w-lg\/main:[--thread-content-margin:var(--thread-content-margin-lg,calc(var(--spacing)*16))] px-(--thread-content-margin)\">\n<div class=\"[--thread-content-max-width:40rem] @w-lg\/main:[--thread-content-max-width:48rem] mx-auto max-w-(--thread-content-max-width) flex-1 group\/turn-messages focus-visible:outline-hidden relative flex w-full min-w-0 flex-col agent-turn\" tabindex=\"-1\">\n<div class=\"flex max-w-full flex-col gap-4 grow\">\n<div class=\"min-h-8 text-message relative flex w-full flex-col items-end gap-2 text-start break-words whitespace-normal [.text-message+&amp;]:mt-1\" dir=\"auto\" data-message-author-role=\"assistant\" data-message-id=\"40267b89-f5dd-4538-a0aa-86875ff2a9fa\" data-message-model-slug=\"gpt-5-3\">\n<div class=\"flex w-full flex-col gap-1 empty:hidden\">\n<div class=\"markdown prose dark:prose-invert w-full wrap-break-word light markdown-new-styling\">\n<ul data-start=\"0\" data-end=\"484\" data-is-last-node=\"\" data-is-only-node=\"\">\n<li data-section-id=\"a3td9f\" data-start=\"0\" data-end=\"30\">\n<p data-start=\"2\" data-end=\"30\"><strong data-start=\"2\" data-end=\"22\" data-is-only-node=\"\">Hauteur ferm\u00e9e :<\/strong> 29 mm<\/p>\n<\/li>\n<li data-section-id=\"1ercnjt\" data-start=\"31\" data-end=\"78\">\n<p data-start=\"33\" data-end=\"78\"><strong data-start=\"33\" data-end=\"55\" data-is-only-node=\"\">Hauteur maximale :<\/strong> 40 mm <em data-start=\"62\" data-end=\"76\">(max. 42 mm)<\/em><\/p>\n<\/li>\n<li data-section-id=\"vhkn5q\" data-start=\"79\" data-end=\"103\">\n<p data-start=\"81\" data-end=\"103\"><strong data-start=\"81\" data-end=\"95\" data-is-only-node=\"\">Diam\u00e8tre :<\/strong> 17 mm<\/p>\n<\/li>\n<li data-section-id=\"iuup9p\" data-start=\"104\" data-end=\"141\">\n<p data-start=\"106\" data-end=\"141\"><strong data-start=\"106\" data-end=\"120\" data-is-only-node=\"\">Filetage :<\/strong> \u00e9quivalent <strong data-start=\"132\" data-end=\"139\">M12<\/strong><\/p>\n<\/li>\n<li data-section-id=\"6zxigv\" data-start=\"142\" data-end=\"352\">\n<p data-start=\"144\" data-end=\"352\"><strong data-start=\"144\" data-end=\"239\" data-is-only-node=\"\">Pas d\u2019aimants, pas de patins \u00e0 ins\u00e9rer entre la carte et le support, aucun m\u00e9tal conducteur<\/strong> \u2014 simplement un support r\u00e9glable et efficace, capable de rivaliser avec des mod\u00e8les <strong data-start=\"324\" data-end=\"349\">trois fois plus chers<\/strong>.<\/p>\n<\/li>\n<li data-section-id=\"1vgqw6c\" data-start=\"353\" data-end=\"484\" data-is-last-node=\"\">\n<p data-start=\"355\" data-end=\"484\" data-is-last-node=\"\"><strong data-start=\"355\" data-end=\"455\" data-is-only-node=\"\">Le jeu fonctionnel a \u00e9t\u00e9 sp\u00e9cialement ajust\u00e9 pour tenir compte des tol\u00e9rances de l\u2019impression 3D<\/strong>, notamment avec du <strong data-start=\"475\" data-end=\"483\">PETG<\/strong>.<\/p>\n<\/li>\n<\/ul>\n<\/div>\n<\/div>\n<\/div>\n<\/div>\n<\/div>\n<\/div>\n<\/article>\n<p>La conception de cet ensemble a \u00e9t\u00e9 <strong>enti\u00e8rement repens\u00e9e<\/strong> afin de garantir une compatibilit\u00e9 r\u00e9elle avec des <strong>configurations PC gamer test\u00e9es et fonctionnelles<\/strong>.<\/p>\n<p>Il est \u00e9galement parfait pour <strong>sur\u00e9lever une box internet, une console de jeux ou tout appareil ayant besoin d\u2019espace pour mieux respirer<\/strong> .<\/p>\n<p>&nbsp;<\/p>\n","protected":false},"excerpt":{"rendered":"<p>Support de carte graphique <strong>solide et pr\u00e9cis<\/strong>, r\u00e9glable de <strong>29 \u00e0 40 mm en hauteur<\/strong><\/p>","protected":false},"featured_media":1025,"comment_status":"open","ping_status":"closed","template":"","meta":{"_themeisle_gutenberg_block_has_review":false},"product_brand":[302],"product_cat":[130,146],"product_tag":[707,237,706,721,718,713,720,705,708,297,684,725,724,701,717,712,702,723,383,722,710,618,719,709],"class_list":{"0":"post-1023","1":"product","2":"type-product","3":"status-publish","4":"has-post-thumbnail","6":"product_brand-apiobi","7":"product_cat-modeles-3d","8":"product_cat-technologie-informatique-3d","9":"product_tag-amd","10":"product_tag-apiobi","11":"product_tag-asus","12":"product_tag-boitier-pc-ouvert","13":"product_tag-carte-graphique","14":"product_tag-chassis","15":"product_tag-fichier-stl","16":"product_tag-geforce","17":"product_tag-gygabite","18":"product_tag-imprimable-en-3d","19":"product_tag-matx","20":"product_tag-msi","21":"product_tag-nitro","22":"product_tag-nvidia","23":"product_tag-ordinateur","24":"product_tag-pc","25":"product_tag-radeon","26":"product_tag-sapphyre","27":"product_tag-support","28":"product_tag-support-gpu","29":"product_tag-ti","30":"product_tag-upgrade","31":"product_tag-video","32":"product_tag-xt","34":"first","35":"instock","36":"featured","37":"downloadable","38":"virtual","39":"sold-individually","40":"purchasable","41":"product-type-simple"},"_links":{"self":[{"href":"https:\/\/apiobi.com\/es\/wp-json\/wp\/v2\/product\/1023","targetHints":{"allow":["GET"]}}],"collection":[{"href":"https:\/\/apiobi.com\/es\/wp-json\/wp\/v2\/product"}],"about":[{"href":"https:\/\/apiobi.com\/es\/wp-json\/wp\/v2\/types\/product"}],"replies":[{"embeddable":true,"href":"https:\/\/apiobi.com\/es\/wp-json\/wp\/v2\/comments?post=1023"}],"wp:featuredmedia":[{"embeddable":true,"href":"https:\/\/apiobi.com\/es\/wp-json\/wp\/v2\/media\/1025"}],"wp:attachment":[{"href":"https:\/\/apiobi.com\/es\/wp-json\/wp\/v2\/media?parent=1023"}],"wp:term":[{"taxonomy":"product_brand","embeddable":true,"href":"https:\/\/apiobi.com\/es\/wp-json\/wp\/v2\/product_brand?post=1023"},{"taxonomy":"product_cat","embeddable":true,"href":"https:\/\/apiobi.com\/es\/wp-json\/wp\/v2\/product_cat?post=1023"},{"taxonomy":"product_tag","embeddable":true,"href":"https:\/\/apiobi.com\/es\/wp-json\/wp\/v2\/product_tag?post=1023"}],"curies":[{"name":"wp","href":"https:\/\/api.w.org\/{rel}","templated":true}]}}