{"id":102,"date":"2026-02-12T06:55:09","date_gmt":"2026-02-12T06:55:09","guid":{"rendered":"https:\/\/apiobi.com\/?post_type=product&#038;p=102"},"modified":"2026-03-12T05:56:40","modified_gmt":"2026-03-12T05:56:40","slug":"capuchon-dextremite-embout-de-porte-velos-fiamma-remplacement-durable-pour-camping-cars-vans-et-vehicules-de-loisirs","status":"publish","type":"product","link":"https:\/\/apiobi.com\/es\/boutique\/modeles-3d\/campingcar-vanlife\/equipements-exterieurs\/capuchon-dextremite-embout-de-porte-velos-fiamma-remplacement-durable-pour-camping-cars-vans-et-vehicules-de-loisirs\/","title":{"rendered":"Tapa final, tapa final portabicicletas Fiamma - Recambio duradero para autocaravanas, furgonetas y veh\u00edculos recreativos"},"content":{"rendered":"<p>Remplacez les \u00e9quipements perdus ou d\u00e9t\u00e9rior\u00e9s de votre <strong>porte-v\u00e9los FIAMMA<\/strong> avec ces <strong>capuchons de bout solides et durables imprim\u00e9s en 3D<\/strong>\u202f! Con\u00e7us comme un <strong>remplacement direct pour le mod\u00e8le 98656-714<\/strong>, ils sont parfaits pour les camping-cars, vans, caravanes et v\u00e9hicules de loisirs.<\/p>\n<hr \/>\n<h3 class=\"western\">Les avantages de l&#8217;embout\u00a0 de porte v\u00e9los Fiamma apiobi:<\/h3>\n<ul>\n<li>\u2705 <strong>Durables et fiables<\/strong> \u2013 Imprim\u00e9s en PETG, ces capuchons r\u00e9sistent \u00e0 la chaleur, aux vibrations et aux longs trajets, sans colle ni modification.<\/li>\n<li>\u2705 <strong>Test\u00e9s en conditions r\u00e9elles<\/strong> \u2013 Install\u00e9s sur mon propre camping-car depuis 2024, aucunes d\u00e9formation constat\u00e9es malgr\u00e9 les canicules, toujours parfaitement en place alors qu&#8217;ils ne sont pas coll\u00e9s. 5\u202f000\u202fkm sur les routes sinueuses de l\u2019Auvergne, de l\u2019Atlantique, et d&#8217;autres bien d&#8217;autres routes, exposition plein soleil et air iod\u00e9, sans perte ni d\u00e9formation!<\/li>\n<li>\u2705 <strong>Faciles \u00e0 imprimer<\/strong> \u2013 adapt\u00e9s aux buses de 0,4\u202fmm ou 0,6\u202fmm, avec <strong>100\u202f% de remplissage<\/strong> pour une solidit\u00e9 maximale.<\/li>\n<li>\u2705 <strong>Pour un prix unique<\/strong>, vous t\u00e9l\u00e9chargez 2 versions, une version standard et une seconde \u00e0 bord de contact plat<\/li>\n<\/ul>","protected":false},"excerpt":{"rendered":"<p class=\"western\">\ud83d\udeb4 Utilisez votre <strong>imprimante 3D<\/strong> pour fabriquer ce <strong>capuchon, embout, pi\u00e8ce d\u00e9tach\u00e9e de porte-v\u00e9los FIAMMA<\/strong> \u2013 Remplacement durable pour camping-cars et vans<\/p>","protected":false},"featured_media":107,"comment_status":"open","ping_status":"closed","template":"","meta":{"_themeisle_gutenberg_block_has_review":false},"product_brand":[302],"product_cat":[134,158,130],"product_tag":[60,193,32,187,175,191,179,34,62,52,64,183,189,181,48,50,177,185,36],"class_list":{"0":"post-102","1":"product","2":"type-product","3":"status-publish","4":"has-post-thumbnail","6":"product_brand-apiobi","7":"product_cat-campingcar-vanlife","8":"product_cat-equipements-exterieurs","9":"product_cat-modeles-3d","10":"product_tag-accessoire","11":"product_tag-accessoire-porte-velos-fiamma","12":"product_tag-camping-car","13":"product_tag-capuchon-de-bout-de-porte-velos-van","14":"product_tag-capuchon-de-porte-velos-fiamma","15":"product_tag-capuchon-de-remplacement-pour-porte-velos","16":"product_tag-capuchon-porte-velos-imprime-3d","17":"product_tag-caravane","18":"product_tag-equipement","19":"product_tag-hymer","20":"product_tag-piece-de-rechange","21":"product_tag-piece-detachee-porte-velos-camping-car","22":"product_tag-piece-fiamma-imprimable-3d","23":"product_tag-piece-porte-velos-camper-van","24":"product_tag-pilote","25":"product_tag-rapido","26":"product_tag-remplacement-fiamma-98656-714","27":"product_tag-remplacement-porte-velos-rv","28":"product_tag-van-amenage","30":"first","31":"instock","32":"downloadable","33":"virtual","34":"sold-individually","35":"purchasable","36":"product-type-simple"},"_links":{"self":[{"href":"https:\/\/apiobi.com\/es\/wp-json\/wp\/v2\/product\/102","targetHints":{"allow":["GET"]}}],"collection":[{"href":"https:\/\/apiobi.com\/es\/wp-json\/wp\/v2\/product"}],"about":[{"href":"https:\/\/apiobi.com\/es\/wp-json\/wp\/v2\/types\/product"}],"replies":[{"embeddable":true,"href":"https:\/\/apiobi.com\/es\/wp-json\/wp\/v2\/comments?post=102"}],"wp:featuredmedia":[{"embeddable":true,"href":"https:\/\/apiobi.com\/es\/wp-json\/wp\/v2\/media\/107"}],"wp:attachment":[{"href":"https:\/\/apiobi.com\/es\/wp-json\/wp\/v2\/media?parent=102"}],"wp:term":[{"taxonomy":"product_brand","embeddable":true,"href":"https:\/\/apiobi.com\/es\/wp-json\/wp\/v2\/product_brand?post=102"},{"taxonomy":"product_cat","embeddable":true,"href":"https:\/\/apiobi.com\/es\/wp-json\/wp\/v2\/product_cat?post=102"},{"taxonomy":"product_tag","embeddable":true,"href":"https:\/\/apiobi.com\/es\/wp-json\/wp\/v2\/product_tag?post=102"}],"curies":[{"name":"wp","href":"https:\/\/api.w.org\/{rel}","templated":true}]}}