{"id":272,"date":"2026-02-25T07:56:21","date_gmt":"2026-02-25T07:56:21","guid":{"rendered":"https:\/\/apiobi.com\/?page_id=272"},"modified":"2026-03-24T12:35:44","modified_gmt":"2026-03-24T12:35:44","slug":"a-propos","status":"publish","type":"page","link":"https:\/\/apiobi.com\/es\/a-propos\/","title":{"rendered":"Qui\u00e9nes somos"},"content":{"rendered":"<div id=\"wp-block-themeisle-blocks-advanced-columns-f0d39e55\" class=\"wp-block-themeisle-blocks-advanced-columns alignfull has-3-columns has-desktop-equal-layout has-tablet-equal-layout has-mobile-collapsedRows-layout has-vertical-unset has-light-bg\"><div class=\"wp-block-themeisle-blocks-advanced-columns-overlay\"><\/div><div class=\"innerblocks-wrap\">\n<div id=\"wp-block-themeisle-blocks-advanced-column-f8eb4466\" class=\"wp-block-themeisle-blocks-advanced-column has-light-bg\">\n<div id=\"wp-block-themeisle-blocks-font-awesome-icons-222907a1\" class=\"wp-block-themeisle-blocks-font-awesome-icons\"><span class=\"wp-block-themeisle-blocks-font-awesome-icons-container\"><i class=\"fas fa-leaf\"><\/i><\/span><\/div>\n\n\n\n<h3 class=\"wp-block-heading has-black-color has-text-color\" style=\"margin-top:0px\">Domaines d\u2019expertise<\/h3>\n\n\n\n<p class=\"has-black-color has-text-color has-link-color wp-elements-a720cb5a4c8b13250fa2069875a817cb\">Apiobi cr\u00e9e, con\u00e7oit des \u00e9quipements et accessoires pour diff\u00e9rents loisirs et activit\u00e9s pour passionn\u00e9s en vue de les commercialiser sous la forme de contenus num\u00e9riques pour l\u2019impression 3D illimit\u00e9e en usage personnel et priv\u00e9 exclusivement.<br><br><strong>Tous les mod\u00e8les 3D <\/strong>sont con\u00e7us\/prototyp\u00e9s et utilis\u00e9s en conditions r\u00e9elles d&#8217;utilisation et approuv\u00e9s fonctionnels avant d&#8217;\u00eatre propos\u00e9s au t\u00e9l\u00e9chargement.<\/p>\n\n\n\n<ul class=\"wp-block-list\">\n<li class=\"has-black-color has-text-color has-link-color wp-elements-5a195856b9c437d8aee07b58bf8881c4\"><strong>Plein-air &amp; Outdoor : <\/strong>jardinage, bricolage, aquaculture, apiculture, sport, tir r\u00e9cr\u00e9atif, survie, auto-d\u00e9fense<\/li>\n\n\n\n<li class=\"has-black-color has-text-color has-link-color wp-elements-6b441aa1a4fb7438610686b36802cf06\"><strong>Loisirs cr\u00e9atifs &amp; DIY :<\/strong> accessoires crochet, accessoires de mode pour sacs et cr\u00e9ations DIY, moules encens, mat\u00e9riel aquariophilie<\/li>\n\n\n\n<li class=\"has-black-color has-text-color has-link-color wp-elements-2dcf8f4ab0fccf5c05ed9e768e683eba\"><strong>Camping-car &amp; Van Life<\/strong> : loquets et arr\u00eats de porte, crochets rails de store, accessoires de vie \u00e0 bord; \u00e9quipements ext\u00e9rieurs, raccords eaux , etc.<\/li>\n\n\n\n<li class=\"has-black-color has-text-color has-link-color wp-elements-b1cde80e99a14fbad8e847c8d2e06390\"><strong>P\u00eache :<\/strong> articles 3d 100% p\u00eache <strong>3Dpecheur.com<\/strong><\/li>\n<\/ul>\n\n\n\n<p class=\"has-black-color has-text-color has-link-color wp-elements-4b6000f50eb7beee2e29800fadd12dd8\">Apiobi, c&#8217;est \u00e9galement une plateforme de vente en ligne de <strong>produits et accessoires <\/strong>(physiques) innovants livr\u00e9s en<strong> France<\/strong> exclusivement, fabriqu\u00e9s \u00e0 l&#8217;unit\u00e9 ou en petites s\u00e9ries en combinant diff\u00e9rentes techniques et mode de production dont l\u2019impression 3D. Notre logique est immuable : proposer des produits innovants en assurant <strong>qualit\u00e9, durabilit\u00e9 et efficacit\u00e9<\/strong>, rien de moins!<\/p>\n\n\n\n<p class=\"has-black-color has-text-color has-link-color wp-elements-05ddd834f39a092298aece9faf996c0d\">Chaque produit est pens\u00e9 pour r\u00e9pondre \u00e0 des besoins pr\u00e9cis, test\u00e9 et utilis\u00e9 en conditions r\u00e9elles.<\/p>\n<\/div>\n\n\n\n<div id=\"wp-block-themeisle-blocks-advanced-column-df3a3bbe\" class=\"wp-block-themeisle-blocks-advanced-column has-light-bg\">\n<div id=\"wp-block-themeisle-blocks-font-awesome-icons-7b689dc6\" class=\"wp-block-themeisle-blocks-font-awesome-icons\"><span class=\"wp-block-themeisle-blocks-font-awesome-icons-container\"><i class=\"fas fa-history\"><\/i><\/span><\/div>\n\n\n\n<h3 class=\"wp-block-heading has-black-color has-text-color\" style=\"margin-top:0px\">Apiobi, la g\u00e9n\u00e8se<\/h3>\n\n\n\n<p class=\"has-black-color has-text-color has-link-color wp-elements-c873b2aaa9d080fbc635fdaf54a9150c\">Depuis longtemps <strong>M@t<\/strong>, aujourd&#8217;hui Lead Designer et Fondateur d\u2019Apiobi, cr\u00e9e, modifie et optimise des outils et accessoires pratiques pour la vie quotidienne et les loisirs. Ses proches ne comptent plus le nombre de fois o\u00f9 ils l&#8217;ont entendus dire : &#8216;cet outil est vraiment bien mais&#8230;&#8217;. Eureka, l&#8217;id\u00e9e vient de germer!<br><br>Pendant plusieurs ann\u00e9es, il a partag\u00e9 gratuitement ses cr\u00e9ations sur les plateformes de partage et ses nombreux mod\u00e8les 3D ont \u00e9t\u00e9 t\u00e9l\u00e9charg\u00e9s <strong>plus de 30 000 fois<\/strong> au cumul. Certains de ces mod\u00e8les ont m\u00eame \u00e9t\u00e9 r\u00e9compens\u00e9s et prim\u00e9s dans des challenges saisonniers mais plus de 200 cr\u00e9ations restent exclusives, car elles r\u00e9pondent \u00e0 des besoins <strong>non satisfaits par les produits existants<\/strong>. C\u2019est ainsi qu\u2019<strong>Apiobi a \u00e9t\u00e9 fond\u00e9 en 2024<\/strong>.<\/p>\n\n\n\n<p>En mars 2026, moins de deux ans plus tard &#8211; avec pr\u00e8s de <strong>800 fichiers 3D vendus dans le monde<\/strong> et plus de <strong>5 000 fichiers t\u00e9l\u00e9charg\u00e9s<\/strong> sur une seule plateforme connue des makers, faisant entrer Apiobi dans son cercle des 5% des concepteurs qui vendent le plus de contenus num\u00e9riques &#8211; la <strong>plateforme Apiobi.com<\/strong> voit le jour : <strong>ind\u00e9pendante, souveraine, sans publicit\u00e9 ni pratiques commerciales d\u00e9loyales<\/strong> afin de garantir aux clients une exp\u00e9rience compl\u00e8te, transparente et des prix bas car sans interm\u00e9diaires.<\/p>\n\n\n\n<p class=\"has-black-color has-text-color has-link-color wp-elements-bfc48396da44d453b2bbcea4e9c928aa\"><br><\/p>\n<\/div>\n\n\n\n<div id=\"wp-block-themeisle-blocks-advanced-column-0cd99a7d\" class=\"wp-block-themeisle-blocks-advanced-column has-light-bg\">\n<div id=\"wp-block-themeisle-blocks-font-awesome-icons-94d4c960\" class=\"wp-block-themeisle-blocks-font-awesome-icons\"><span class=\"wp-block-themeisle-blocks-font-awesome-icons-container\"><i class=\"fas fa-cog\"><\/i><\/span><\/div>\n\n\n\n<h3 class=\"wp-block-heading has-black-color has-text-color\" style=\"margin-top:0px\">Charte de conception<\/h3>\n\n\n\n<p class=\"has-black-color has-text-color has-link-color wp-elements-147a975e0b0e82689a615f245d28c5b9\">Chez Apiobi, chaque mod\u00e8le est con\u00e7u selon une approche simple : cr\u00e9er des solutions utiles, fiables et durables, souvent dans l\u2019esprit d\u2019une pi\u00e8ce de remplacement fid\u00e8le \u00e0 l\u2019originale. M\u00eame de forme diff\u00e9rente, le passionn\u00e9 voit tout de suite de quoi il s\u2019agit.<\/p>\n\n\n\n<p><strong>1 \u2014 Utilit\u00e9 avant tout<\/strong><br>Chaque mod\u00e8le r\u00e9pond \u00e0 un besoin r\u00e9el : r\u00e9parer, am\u00e9liorer, organiser ou optimiser des activit\u00e9s du quotidien et de loisirs.<\/p>\n\n\n\n<p><strong>2 \u2014 Conception par it\u00e9rations<\/strong><br>Les mod\u00e8les sont d\u00e9velopp\u00e9s \u00e0 travers de nombreuses it\u00e9rations de conception, de prototypage et d\u2019am\u00e9lioration progressive.<\/p>\n\n\n\n<p><strong>3 \u2014 Tests en conditions r\u00e9elles<\/strong><br>Aucun mod\u00e8le n\u2019est propos\u00e9 \u00e0 la vente sans avoir \u00e9t\u00e9 test\u00e9 en situation r\u00e9elle. Certains prototypes sont utilis\u00e9s pendant plusieurs mois afin de valider leur fiabilit\u00e9 et leur ergonomie.<\/p>\n\n\n\n<p><strong>4 \u2014 Simplicit\u00e9 et efficacit\u00e9<\/strong><br>Les objets sont con\u00e7us pour \u00eatre robustes, faciles \u00e0 imprimer et simples \u00e0 utiliser, sans complexit\u00e9 inutile.<\/p>\n\n\n\n<p><strong>5\u2014 Atoms vs Bits<\/strong><br>Chaque mod\u00e8le Apiobi est soumis \u00e0 une <strong>validation en conditions r\u00e9elles<\/strong> avant publication. Cela signifie que toutes les pi\u00e8ces sont <strong>imprim\u00e9es, assembl\u00e9es et test\u00e9es<\/strong> pour v\u00e9rifier leur fonctionnalit\u00e9, leur ajustement et leur durabilit\u00e9. Nous consid\u00e9rons que seule cette approche garantit la <strong>fiabilit\u00e9 et la s\u00e9curit\u00e9<\/strong> des mod\u00e8les, et permet de proposer aux utilisateurs des solutions r\u00e9ellement utilisables.<\/p>\n\n\n\n<p class=\"has-black-color has-text-color has-link-color wp-elements-c337886412fa0ba953755dca18894c29\"><strong>6 \u2014 Ind\u00e9pendance et transparence<\/strong><br>Apiobi est une plateforme ind\u00e9pendante, sans publicit\u00e9 ni placement de produits. Les conceptions sont guid\u00e9es uniquement par l\u2019utilit\u00e9 et l\u2019exp\u00e9rience d\u2019usage.<\/p>\n\n\n\n<p class=\"has-black-color has-text-color has-link-color wp-elements-bfc48396da44d453b2bbcea4e9c928aa\"><br><\/p>\n<\/div>\n<\/div><\/div>\n\n\n\n<div id=\"wp-block-themeisle-blocks-advanced-columns-f802dcbd\" class=\"wp-block-themeisle-blocks-advanced-columns alignfull has-3-columns has-desktop-equal-layout has-tablet-equal-layout has-mobile-collapsedRows-layout has-vertical-unset has-light-bg\"><div class=\"wp-block-themeisle-blocks-advanced-columns-overlay\"><\/div><div class=\"innerblocks-wrap\">\n<div id=\"wp-block-themeisle-blocks-advanced-column-a92486ee\" class=\"wp-block-themeisle-blocks-advanced-column has-light-bg\">\n<div id=\"wp-block-themeisle-blocks-font-awesome-icons-a8eb2801\" class=\"wp-block-themeisle-blocks-font-awesome-icons\"><span class=\"wp-block-themeisle-blocks-font-awesome-icons-container\"><i class=\"fas fa-microscope\"><\/i><\/span><\/div>\n\n\n\n<h3 class=\"wp-block-heading has-black-color has-text-color\" style=\"margin-top:0px\">Tests en conditions r\u00e9elles d&#8217;utilisation<\/h3>\n\n\n\n<p class=\"has-black-color has-text-color has-link-color wp-elements-ce9fd61db46225ad39c20adc84d35b0a\"><strong>Chaque mod\u00e8le 3D ou produit Apiobi r\u00e9sulte d\u2019un processus rigoureux d\u2019it\u00e9rations, de prototypage et de validation en conditions r\u00e9elles. Avant toute commercialisation, les prototypes sont test\u00e9s et utilis\u00e9s sur le long terme afin d\u2019en garantir la fiabilit\u00e9, la durabilit\u00e9 et la pertinence fonctionnelle.<\/strong><\/p>\n\n\n\n<p class=\"has-black-color has-text-color has-link-color wp-elements-a25b4b47d23aaad814ca94a30fa33ced\"><strong>Priorit\u00e9s, r\u00e8gles d&#8217;or : <\/strong>efficacit\u00e9 et durabilit\u00e9, parfois au d\u00e9triment de choix esth\u00e9tiques mais on assume! Nous concevons des \u00e9quipements fonctionnels PREMIUM pas des goodies.<\/p>\n\n\n\n<p><strong>A\/R<\/strong><br>Alternance am\u00e9liorations et tests terrain<\/p>\n\n\n\n<p class=\"has-black-color has-text-color has-link-color wp-elements-8ce81480a30569daf39b5ef2f778f5b3\"><strong>Team Testeurs\/Utilisateurs :<\/strong> des testeurs particuliers ou professionnels passionn\u00e9s et expert dans une ou plusieurs activit\u00e9s(dont M@t fait partie), des clients passionn\u00e9s, famille, amis, voisins&#8230;qui mettent les mod\u00e8les \u00e0 rude \u00e9preuve!<\/p>\n\n\n\n<p class=\"has-black-color has-text-color has-link-color wp-elements-3da5d5a06b3b3c71ab637910fac98b77\"><strong>Environnement<\/strong><br>Tests r\u00e9alis\u00e9s dans les situations concr\u00e8tes et r\u00e9elles d\u2019utilisation, pas en laboratoire. <br><br><strong>Atomes vs Bits<\/strong><\/p>\n\n\n\n<p>Chez Apiobi, nous attachons une grande importance \u00e0 la r\u00e9alit\u00e9 des objets.<\/p>\n\n\n\n<p>Chaque mod\u00e8le pr\u00e9sent\u00e9 est <strong>photographi\u00e9 ou film\u00e9 apr\u00e8s impression<\/strong>, afin de d\u00e9montrer concr\u00e8tement qu\u2019il est <strong>r\u00e9ellement imprimable en 3D<\/strong>. Les images et vid\u00e9os que nous publions montrent des pi\u00e8ces physiques, produites et utilis\u00e9es dans des conditions normales.<\/p>\n\n\n\n<p>Nous prenons \u00e9galement le temps de partager <strong>des conseils d\u2019impression et des astuces pratiques<\/strong>, utiles aux utilisateurs quel que soit leur niveau d\u2019exp\u00e9rience.<\/p>\n\n\n\n<p>Nous ne faisons pas de promesses irr\u00e9alistes et nous refusons les pratiques trompeuses. Nos mod\u00e8les ne sont pas g\u00e9n\u00e9r\u00e9s automatiquement par des outils d\u2019intelligence artificielle, et nos visuels ne reposent pas sur des montages ou rendus susceptibles d\u2019induire les utilisateurs en erreur.<\/p>\n\n\n\n<p>Chaque mod\u00e8le Apiobi est soumis \u00e0 une <strong>validation en conditions r\u00e9elles<\/strong> avant publication. Cela signifie que toutes les pi\u00e8ces sont <strong>imprim\u00e9es, assembl\u00e9es et test\u00e9es<\/strong> pour v\u00e9rifier leur fonctionnalit\u00e9, leur ajustement et leur durabilit\u00e9. Nous consid\u00e9rons que seule cette approche garantit la <strong>fiabilit\u00e9 et la s\u00e9curit\u00e9<\/strong> des mod\u00e8les, et permet de proposer aux utilisateurs des solutions r\u00e9ellement utilisables.<\/p>\n\n\n\n<p class=\"has-black-color has-text-color has-link-color wp-elements-6ae8ec3968f7c83bffa077ae3db416c3\">Enfin, afficher un fichier STL dans une visionneuse 3D, aussi spectaculaire soit-elle, <strong>ne prouve en rien qu\u2019un mod\u00e8le est r\u00e9ellement imprimable<\/strong>.<br>Chez Apiobi, seule compte la preuve par l\u2019objet : <strong>un mod\u00e8le con\u00e7u, imprim\u00e9 et test\u00e9 dans le monde r\u00e9el.<\/strong><br><br><strong>Concepteur ET utilisateur engag\u00e9!<\/strong><\/p>\n<\/div>\n\n\n\n<div id=\"wp-block-themeisle-blocks-advanced-column-04213b4a\" class=\"wp-block-themeisle-blocks-advanced-column has-light-bg\">\n<div id=\"wp-block-themeisle-blocks-font-awesome-icons-949a52bb\" class=\"wp-block-themeisle-blocks-font-awesome-icons\"><span class=\"wp-block-themeisle-blocks-font-awesome-icons-container\"><i class=\"fas fa-toolbox\"><\/i><\/span><\/div>\n\n\n\n<h3 class=\"wp-block-heading has-black-color has-text-color\" style=\"margin-top:0px\">\u00c9quipements et savoir-faire<\/h3>\n\n\n\n<p class=\"has-black-color has-text-color has-link-color wp-elements-48eb7d735d41ab0cc8e7cc23bbc07500\">Nos mod\u00e8les sont con\u00e7us en CAO (Conception Assist\u00e9e par Ordinateur), sur une infrastructure performante Linux, avec une forte pr\u00e9f\u00e9rence pour les logiciels open-source.<br><br><strong>Parc de prototypage\/fabrication :<\/strong><\/p>\n\n\n\n<ul class=\"wp-block-list\">\n<li class=\"has-black-color has-text-color has-link-color wp-elements-2440d12e999c82cbd6977aaa0e2f7278\">5 imprimantes 3D FDM (3 avec buses de 0,6 mm) \u2013 priorit\u00e9 \u00e0 l&#8217;efficacit\u00e9 plut\u00f4t qu\u2019\u00e0 la vitesse.<\/li>\n\n\n\n<li class=\"has-black-color has-text-color has-link-color wp-elements-80ff176c85e49c295e4c71e2f08a9240\">Techniques classiques : tour \u00e0 bois, d\u00e9coupe, pon\u00e7age, soudure<\/li>\n\n\n\n<li class=\"has-black-color has-text-color has-link-color wp-elements-be59ca92eb1f9722d8f090e5ea30b9ff\">1 imprimante r\u00e9sine pour mod\u00e8les haute pr\u00e9cision<\/li>\n\n\n\n<li class=\"has-black-color has-text-color has-link-color wp-elements-3234952de27a32d06257980421a1bc3a\">1 graveur\/d\u00e9coupeur laser (surface 500\u00d7500 mm)<\/li>\n<\/ul>\n<\/div>\n\n\n\n<div id=\"wp-block-themeisle-blocks-advanced-column-25c89ef6\" class=\"wp-block-themeisle-blocks-advanced-column has-light-bg\">\n<figure class=\"wp-block-image size-full is-resized\" style=\"margin-bottom:-15px\"><img loading=\"lazy\" decoding=\"async\" width=\"512\" height=\"512\" src=\"https:\/\/apiobi.com\/wp-content\/uploads\/2026\/02\/logo-3dpecheur-1.png\" alt=\"\" class=\"wp-image-428\" style=\"object-fit:contain;width:130px;height:130px\" srcset=\"https:\/\/apiobi.com\/wp-content\/uploads\/2026\/02\/logo-3dpecheur-1.png 512w, https:\/\/apiobi.com\/wp-content\/uploads\/2026\/02\/logo-3dpecheur-1-300x300.png 300w, https:\/\/apiobi.com\/wp-content\/uploads\/2026\/02\/logo-3dpecheur-1-200x200.png 200w, https:\/\/apiobi.com\/wp-content\/uploads\/2026\/02\/logo-3dpecheur-1-500x500.png 500w, https:\/\/apiobi.com\/wp-content\/uploads\/2026\/02\/logo-3dpecheur-1-150x150.png 150w\" sizes=\"auto, (max-width: 512px) 100vw, 512px\" \/><\/figure>\n\n\n\n<h3 class=\"wp-block-heading has-black-color has-text-color\" style=\"margin-top:0px\">3Dpecheur<\/h3>\n\n\n\n<p class=\"has-text-align-left has-black-color has-text-color has-link-color wp-elements-3d9e071a4de26811ccd52bf9fc2d6111\">Sans aucun doute, 3Dpecheur.com est la premi\u00e8re marque ind\u00e9pendante de mod\u00e8les pour l\u2019impression 3D 100% p\u00eache sportive. Les p\u00eacheurs exigeants, trouveront dans la gamme 3Dpecheur des fichiers STL \u00e0 t\u00e9l\u00e9charger pour un usage personnel exclusivement de mod\u00e8les 3D d&#8217;articles de p\u00eache originaux, cr\u00e9\u00e9s par un concepteur produit passionn\u00e9 de p\u00eache depuis plus de 40 ans.<\/p>\n\n\n\n<p class=\"has-black-color has-text-color has-link-color wp-elements-e3494c9923ab7a4c439cdc04b2b720f4\">Les mod\u00e8les 3D propos\u00e9s sont con\u00e7us pour l\u2019impression 3D FDM et pour r\u00e9pondre aux besoins sp\u00e9cifiques des p\u00eacheurs. Ils sont con\u00e7us\/prototyp\u00e9s\/imprim\u00e9s\/test\u00e9s plusieurs fois en condition r\u00e9elle de p\u00eache par leur concepteur et\/ou par la \u00ab team testeurs\/utilisateurs \u00bb compos\u00e9e d\u2019amis p\u00eacheurs, jusqu\u2019\u00e0 l\u2019atteinte des objectifs de r\u00e9sultats. <\/p>\n\n\n\n<p class=\"has-black-color has-text-color has-link-color wp-elements-d00cab94eaf8a931b9d2c3bbdea19214\">3Dpecheur a pour vocation de concurrencer les vendeurs et fabricants de mat\u00e9riels de p\u00eache. Notre raison d\u2019\u00eatre est de proposer une alternative innovante aux p\u00eacheurs possesseurs d\u2019une imprimante 3D de concevoir certains accessoires et outils dans le cadre de projets DIY 100%p\u00eache, rien de moins!<\/p>\n\n\n\n<p class=\"has-black-color has-text-color has-link-color wp-elements-2c83bf2e65926beab7a2df909c3b1470\">Qui ne conna\u00eet pas un proche, heureux possesseur d\u2019une imprimante 3D? Vous en doutez, posez donc la question autour de vous!<\/p>\n\n\n\n<p class=\"has-black-color has-text-color has-link-color wp-elements-ca918245ef766c09f33633c3f481ebb0\">Flotteurs, Buzzbars, supports de canne, indicateurs de touches, accessoires pour le montage des mouches, etc. rien n\u2019est plus gratifiant que de ferrer un poisson avec des accessoires de p\u00eache cr\u00e9\u00e9s par soi-m\u00eame!<\/p>\n\n\n\n<p class=\"has-black-color has-text-color has-link-color wp-elements-daff6ce33e6640ba4379cac558f96d0d\">Une fois imprim\u00e9s, certains articles auront besoin de quelques finitions mais quand on est p\u00eacheur, on aime les projets DIY!<\/p>\n\n\n\n<p class=\"has-black-color has-text-color has-link-color wp-elements-fabd76cd7ecacae302b896931c84d8a9\"><br>Le mot de Mat, p\u00eacheur devant l&#8217;\u00e9ternel:<br><em>&#8220;Je suis le premier utilisateur intensif et ultra exigeant des accessoires que je con\u00e7ois. Inutile de vous dire que si les objectifs ne sont pas atteints, l\u2019accessoire n\u2019est pas propos\u00e9 au partage.&#8221;<br><\/em><br><\/p>\n<\/div>\n<\/div><\/div>\n\n\n\n<hr class=\"wp-block-separator has-css-opacity is-style-default\"\/>\n\n\n\n<figure class=\"wp-block-image aligncenter size-full is-resized is-style-rounded\"><img loading=\"lazy\" decoding=\"async\" width=\"824\" height=\"824\" src=\"https:\/\/apiobi.com\/wp-content\/uploads\/2026\/02\/Profil-Mat-ApiObi.jpg\" alt=\"\" class=\"wp-image-276\" style=\"width:150px;height:150px\" srcset=\"https:\/\/apiobi.com\/wp-content\/uploads\/2026\/02\/Profil-Mat-ApiObi.jpg 824w, https:\/\/apiobi.com\/wp-content\/uploads\/2026\/02\/Profil-Mat-ApiObi-300x300.jpg 300w, https:\/\/apiobi.com\/wp-content\/uploads\/2026\/02\/Profil-Mat-ApiObi-200x200.jpg 200w, https:\/\/apiobi.com\/wp-content\/uploads\/2026\/02\/Profil-Mat-ApiObi-550x550.jpg 550w, https:\/\/apiobi.com\/wp-content\/uploads\/2026\/02\/Profil-Mat-ApiObi-500x500.jpg 500w, https:\/\/apiobi.com\/wp-content\/uploads\/2026\/02\/Profil-Mat-ApiObi-150x150.jpg 150w, https:\/\/apiobi.com\/wp-content\/uploads\/2026\/02\/Profil-Mat-ApiObi-768x768.jpg 768w\" sizes=\"auto, (max-width: 824px) 100vw, 824px\" \/><\/figure>\n\n\n\n<blockquote class=\"wp-block-quote has-text-align-center is-style-large is-layout-flow wp-block-quote-is-layout-flow\">\n<p style=\"font-size:clamp(14px, 0.875rem + ((1vw - 3.2px) * 0.234), 17px);\">\u00ab&nbsp;Chaque mod\u00e8le 3D est con\u00e7u dans un souci de pr\u00e9cision et d&#8217;imprimabilit\u00e9 3D,<br>afin d&#8217;\u00eatre efficace et durable quand vous l&#8217;utiliserez! <br>Savoir que vous aimez les utiliser dans vos activit\u00e9s pr\u00e9f\u00e9r\u00e9es est ma plus grande r\u00e9compense !&nbsp;\u00bb<\/p>\n<cite>\u2014 M@t, Lead Designer<\/cite><\/blockquote>\n\n\n\n<hr class=\"wp-block-separator has-css-opacity is-style-default\"\/>","protected":false},"excerpt":{"rendered":"<p>\u00ab&nbsp;Chaque mod\u00e8le 3D est con\u00e7u dans un souci de pr\u00e9cision et d&#8217;imprimabilit\u00e9 3D,afin d&#8217;\u00eatre efficace et durable quand vous l&#8217;utiliserez! Savoir que vous aimez les utiliser dans vos activit\u00e9s pr\u00e9f\u00e9r\u00e9es est ma plus grande r\u00e9compense !&nbsp;\u00bb \u2014 M@t, Lead Designer<\/p>","protected":false},"author":1,"featured_media":0,"parent":0,"menu_order":0,"comment_status":"closed","ping_status":"closed","template":"","meta":{"_themeisle_gutenberg_block_has_review":false,"footnotes":""},"class_list":["post-272","page","type-page","status-publish","hentry"],"blocksy_meta":[],"_links":{"self":[{"href":"https:\/\/apiobi.com\/es\/wp-json\/wp\/v2\/pages\/272","targetHints":{"allow":["GET"]}}],"collection":[{"href":"https:\/\/apiobi.com\/es\/wp-json\/wp\/v2\/pages"}],"about":[{"href":"https:\/\/apiobi.com\/es\/wp-json\/wp\/v2\/types\/page"}],"author":[{"embeddable":true,"href":"https:\/\/apiobi.com\/es\/wp-json\/wp\/v2\/users\/1"}],"replies":[{"embeddable":true,"href":"https:\/\/apiobi.com\/es\/wp-json\/wp\/v2\/comments?post=272"}],"version-history":[{"count":24,"href":"https:\/\/apiobi.com\/es\/wp-json\/wp\/v2\/pages\/272\/revisions"}],"predecessor-version":[{"id":1490,"href":"https:\/\/apiobi.com\/es\/wp-json\/wp\/v2\/pages\/272\/revisions\/1490"}],"wp:attachment":[{"href":"https:\/\/apiobi.com\/es\/wp-json\/wp\/v2\/media?parent=272"}],"curies":[{"name":"wp","href":"https:\/\/api.w.org\/{rel}","templated":true}]}}