{"id":594,"date":"2026-03-02T12:06:52","date_gmt":"2026-03-02T12:06:52","guid":{"rendered":"https:\/\/apiobi.com\/?post_type=product&#038;p=594"},"modified":"2026-04-01T07:59:45","modified_gmt":"2026-04-01T07:59:45","slug":"butt-grip-wide-rod-holder-3dpecheur-carp-fishing-bgr3","status":"publish","type":"product","link":"https:\/\/apiobi.com\/en\/boutique\/modeles-3d\/outdoor-sport\/peche-3dpecheur\/peche-carpe\/support-de-canne-butt-grip-large-3dpecheur-peche-carpe-bgr3\/","title":{"rendered":"Butt Grip Large 3Dpecheur rod holder | CARP fishing | BGR3"},"content":{"rendered":"<h4>Butt Grip LARGE 3Dpecheur<\/h4>\n<ul>\n<li data-start=\"366\" data-end=\"481\">Excellent grip thanks to large contact area.<\/li>\n<li data-start=\"366\" data-end=\"481\">\n<p data-start=\"368\" data-end=\"481\">Compatible with <strong>Duplon or cork handles<\/strong><\/p>\n<\/li>\n<li data-start=\"482\" data-end=\"556\">\n<p data-start=\"484\" data-end=\"556\">Thread <strong data-start=\"493\" data-end=\"510\">standard 3\/8\u2033<\/strong> (with tolerance adapted to 3D printing).<\/p>\n<\/li>\n<li data-start=\"557\" data-end=\"790\">\n<p data-start=\"559\" data-end=\"790\">A design entirely optimized for 3D printing, combined with <strong data-start=\"626\" data-end=\"657\">specific SLICER settings<\/strong> (see below), provides a Butt Grip <strong data-start=\"706\" data-end=\"745\">ultra-resistant, soft, supple and flexible<\/strong>, for excellent rod grip.<\/p>\n<\/li>\n<li data-start=\"793\" data-end=\"986\">The strength of the TPU used far exceeds that of some rubber butt grips on the market. <strong data-start=\"890\" data-end=\"914\">2 to 3 times more expensive<\/strong>, and sometimes crack or break after the first few uses.<\/li>\n<\/ul>\n<p>Soft range <strong data-start=\"113\" data-end=\"146\">Butt Grip 3Dpecheur comes in 3 models<\/strong> : <strong data-start=\"149\" data-end=\"175\">SMALL, MEDIUM and LARGE<\/strong>, Our range of products covers the vast majority of needs, from abbreviated handles (SMALL) to Duplon integral or cork handles (LARGE).<br \/>\n<img loading=\"lazy\" decoding=\"async\" class=\"alignleft wp-image-592 size-thumbnail\" src=\"https:\/\/apiobi.com\/wp-content\/uploads\/2026\/03\/Butt-grip-small-medium-large-3Dpecheur-support-arriere-canne-apiobi-STL-150x150.jpg\" alt=\"\" width=\"150\" height=\"150\" srcset=\"https:\/\/apiobi.com\/wp-content\/uploads\/2026\/03\/Butt-grip-small-medium-large-3Dpecheur-support-arriere-canne-apiobi-STL-150x150.jpg 150w, https:\/\/apiobi.com\/wp-content\/uploads\/2026\/03\/Butt-grip-small-medium-large-3Dpecheur-support-arriere-canne-apiobi-STL-scaled-300x300.jpg 300w, https:\/\/apiobi.com\/wp-content\/uploads\/2026\/03\/Butt-grip-small-medium-large-3Dpecheur-support-arriere-canne-apiobi-STL-scaled-200x200.jpg 200w, https:\/\/apiobi.com\/wp-content\/uploads\/2026\/03\/Butt-grip-small-medium-large-3Dpecheur-support-arriere-canne-apiobi-STL-scaled-500x500.jpg 500w\" sizes=\"auto, (max-width: 150px) 100vw, 150px\" \/><\/p>\n<p>See other models in our catalog<\/p>","protected":false},"excerpt":{"rendered":"<p>Butt Grip LARGE 3Dpecheur Grip important gr\u00e2ce \u00e0 une zone de contact importante. Compatible avec des diam\u00e8tres de poign\u00e9es Duplon int\u00e9grale ou en li\u00e8ge Filetage standard 3\/8&#8243; (avec tol\u00e9rance adapt\u00e9e \u00e0 l&#8217;impression 3D). Un design enti\u00e8rement optimis\u00e9 pour l\u2019impression 3D, associ\u00e9 \u00e0 des r\u00e9glages SLICER sp\u00e9cifiques (voir ci-dessous), permet d\u2019obtenir un Butt Grip ultra-r\u00e9sistant, soft, [&hellip;]<\/p>\n","protected":false},"featured_media":596,"comment_status":"open","ping_status":"closed","template":"","meta":{"_themeisle_gutenberg_block_has_review":false},"product_brand":[303,302],"product_cat":[130,136,150],"product_tag":[267,238,386,237,385,388,310,305,321,322,350,351,304,381,380,345,230,352,382,389,306,346,384,197,383,324,387],"class_list":{"0":"post-594","1":"product","2":"type-product","3":"status-publish","4":"has-post-thumbnail","6":"product_brand-3dpecheur","7":"product_brand-apiobi","8":"product_cat-modeles-3d","9":"product_cat-peche-3dpecheur","10":"product_cat-peche-carpe","11":"product_tag-3d-printable","12":"product_tag-3dpecheur","13":"product_tag-angler","14":"product_tag-apiobi","15":"product_tag-bankstick","16":"product_tag-butt","17":"product_tag-buzzbar","18":"product_tag-carp","19":"product_tag-carpe","20":"product_tag-feeder","21":"product_tag-fish","22":"product_tag-fisherman","23":"product_tag-fishing","24":"product_tag-fishing-rod","25":"product_tag-grip","26":"product_tag-holder","27":"product_tag-impression-3d","28":"product_tag-pique","29":"product_tag-pod","30":"product_tag-rear","31":"product_tag-rod-rest","32":"product_tag-rodpod","33":"product_tag-set","34":"product_tag-stl","35":"product_tag-support","36":"product_tag-support-de-canne","37":"product_tag-tripod","39":"first","40":"instock","41":"downloadable","42":"virtual","43":"sold-individually","44":"purchasable","45":"product-type-simple"},"_links":{"self":[{"href":"https:\/\/apiobi.com\/en\/wp-json\/wp\/v2\/product\/594","targetHints":{"allow":["GET"]}}],"collection":[{"href":"https:\/\/apiobi.com\/en\/wp-json\/wp\/v2\/product"}],"about":[{"href":"https:\/\/apiobi.com\/en\/wp-json\/wp\/v2\/types\/product"}],"replies":[{"embeddable":true,"href":"https:\/\/apiobi.com\/en\/wp-json\/wp\/v2\/comments?post=594"}],"wp:featuredmedia":[{"embeddable":true,"href":"https:\/\/apiobi.com\/en\/wp-json\/wp\/v2\/media\/596"}],"wp:attachment":[{"href":"https:\/\/apiobi.com\/en\/wp-json\/wp\/v2\/media?parent=594"}],"wp:term":[{"taxonomy":"product_brand","embeddable":true,"href":"https:\/\/apiobi.com\/en\/wp-json\/wp\/v2\/product_brand?post=594"},{"taxonomy":"product_cat","embeddable":true,"href":"https:\/\/apiobi.com\/en\/wp-json\/wp\/v2\/product_cat?post=594"},{"taxonomy":"product_tag","embeddable":true,"href":"https:\/\/apiobi.com\/en\/wp-json\/wp\/v2\/product_tag?post=594"}],"curies":[{"name":"wp","href":"https:\/\/api.w.org\/{rel}","templated":true}]}}