{"id":2260,"date":"2026-05-13T08:53:22","date_gmt":"2026-05-13T08:53:22","guid":{"rendered":"https:\/\/apiobi.com\/?post_type=product&#038;p=2260"},"modified":"2026-05-13T09:45:53","modified_gmt":"2026-05-13T09:45:53","slug":"55-mm-hornet-proof-toothed-door-for-3d-printable-beehive-250x40-mm","status":"publish","type":"product","link":"https:\/\/apiobi.com\/en\/boutique\/modeles-3d\/aquaculture-apiculture-ornithologie\/porte-dentree-anti-frelons-55-mm-pour-ruchette-imprimable-3d-250x40-mm\/","title":{"rendered":"5.5 mm anti-hornets entrance door for nucs - 3D printable | 250\u00d740 mm"},"content":{"rendered":"<p>The flat, 3D-printable entrance door is an essential accessory for replacing and preventing hornets (Vespa velutina and European hornet) from entering your nucs.<\/p>\n<p>Our sturdy, durable design is based on the classic reversible doors (passage\/transhumance) of your 6-frame hives.<br \/>\n<strong>Thickness :<\/strong> 3 mm (idem Nicot)<br \/>\n<strong>Length :<\/strong> 250 mm<br \/>\n<strong>Height :<\/strong> 40 mm<br \/>\n<strong>Bee traffic height :\u00a0<\/strong> passage limited to 5.5 mm<\/p>\n<p>Print this door as often as you like, and adapt its color to your own or to your apiary's colors.<\/p>","protected":false},"excerpt":{"rendered":"<p>La porte d&#8217;entr\u00e9e plate, imprimable en 3D, est un accessoire essentiel pour remplacer, interdire l&#8217;entr\u00e9e aux frelons (vespa velutina et frelon europ\u00e9en) de vos ruchettes. Notre conception robuste et durable reprend les standards des portes r\u00e9versibles classiques (passage\/transhumance) de vos ruchettes 6 cadres. \u00c9paisseur : 3 mm (idem Nicot) Longueur : 250 mm Hauteur : [&hellip;]<\/p>\n","protected":false},"featured_media":2263,"comment_status":"open","ping_status":"closed","template":"","meta":{"_themeisle_gutenberg_block_has_review":false},"product_brand":[302],"product_cat":[140,130],"product_tag":[626,60,637,636,1149,62,1165,230,1167,376,1150,40,625,1085,1164,197,1166],"class_list":{"0":"post-2260","1":"product","2":"type-product","3":"status-publish","4":"has-post-thumbnail","6":"product_brand-apiobi","7":"product_cat-aquaculture-apiculture-ornithologie","8":"product_cat-modeles-3d","9":"product_tag-abeille","10":"product_tag-accessoire","11":"product_tag-apiculteur","12":"product_tag-apiculture","13":"product_tag-dadant","14":"product_tag-equipement","15":"product_tag-frelon-asiatique","16":"product_tag-impression-3d","17":"product_tag-nuc","18":"product_tag-outil","19":"product_tag-portail","20":"product_tag-porte","21":"product_tag-ruche","22":"product_tag-rucher","23":"product_tag-ruchette","24":"product_tag-stl","25":"product_tag-vespa-velutina","27":"first","28":"instock","29":"featured","30":"downloadable","31":"virtual","32":"sold-individually","33":"purchasable","34":"product-type-simple"},"_links":{"self":[{"href":"https:\/\/apiobi.com\/en\/wp-json\/wp\/v2\/product\/2260","targetHints":{"allow":["GET"]}}],"collection":[{"href":"https:\/\/apiobi.com\/en\/wp-json\/wp\/v2\/product"}],"about":[{"href":"https:\/\/apiobi.com\/en\/wp-json\/wp\/v2\/types\/product"}],"replies":[{"embeddable":true,"href":"https:\/\/apiobi.com\/en\/wp-json\/wp\/v2\/comments?post=2260"}],"wp:featuredmedia":[{"embeddable":true,"href":"https:\/\/apiobi.com\/en\/wp-json\/wp\/v2\/media\/2263"}],"wp:attachment":[{"href":"https:\/\/apiobi.com\/en\/wp-json\/wp\/v2\/media?parent=2260"}],"wp:term":[{"taxonomy":"product_brand","embeddable":true,"href":"https:\/\/apiobi.com\/en\/wp-json\/wp\/v2\/product_brand?post=2260"},{"taxonomy":"product_cat","embeddable":true,"href":"https:\/\/apiobi.com\/en\/wp-json\/wp\/v2\/product_cat?post=2260"},{"taxonomy":"product_tag","embeddable":true,"href":"https:\/\/apiobi.com\/en\/wp-json\/wp\/v2\/product_tag?post=2260"}],"curies":[{"name":"wp","href":"https:\/\/api.w.org\/{rel}","templated":true}]}}