{"id":2254,"date":"2026-05-11T16:40:21","date_gmt":"2026-05-11T16:40:21","guid":{"rendered":"https:\/\/apiobi.com\/?post_type=product&#038;p=2254"},"modified":"2026-05-13T09:49:53","modified_gmt":"2026-05-13T09:49:53","slug":"85-mm-toothed-door-for-6-frame-beehive-printable3d-250x40-mm","status":"publish","type":"product","link":"https:\/\/apiobi.com\/en\/boutique\/modeles-3d\/aquaculture-apiculture-ornithologie\/porte-dentree-85-mm-pour-ruchette-6-cadres-imprimable3d-250x40-mm\/","title":{"rendered":"Entrance door 8.5 mm for 6-frame nuc - 3D printable | 250\u00d740 mm"},"content":{"rendered":"<p>The 3D-printable flat entrance door is an essential accessory for replacing, securing and modifying the entrance to your nucs.<\/p>\n<p>Our sturdy, durable design is based on the classic reversible doors (passage\/transhumance) of your 6-frame hives.<br \/>\n<strong>Thickness :<\/strong> 3 mm (idem Nicot)<br \/>\n<strong>Length :<\/strong> 250 mm<br \/>\n<strong>Height :<\/strong> 40 mm<br \/>\n<strong>Bee traffic height :\u00a0<\/strong> standard 8.5 mm passage<\/p>\n<p>Print this door as often as you like, and adapt its color to your own or to your apiary's colors.<\/p>","protected":false},"excerpt":{"rendered":"<p>La porte d&#8217;entr\u00e9e plate, imprimable en 3D, est un accessoire essentiel pour remplacer, s\u00e9curiser, modifier l&#8217;entr\u00e9e de vos ruchettes. Notre conception robuste et durable reprend les standards des portes r\u00e9versibles classiques (passage\/transhumance) de vos ruchettes 6 cadres. \u00c9paisseur : 3 mm (idem Nicot) Longueur : 250 mm Hauteur : 40 mm Hauteur de circulation des [&hellip;]<\/p>\n","protected":false},"featured_media":2255,"comment_status":"open","ping_status":"closed","template":"","meta":{"_themeisle_gutenberg_block_has_review":false},"product_brand":[302],"product_cat":[140,130],"product_tag":[626,60,637,636,1149,62,230,376,1150,40,625,1085,1164,197],"class_list":{"0":"post-2254","1":"product","2":"type-product","3":"status-publish","4":"has-post-thumbnail","6":"product_brand-apiobi","7":"product_cat-aquaculture-apiculture-ornithologie","8":"product_cat-modeles-3d","9":"product_tag-abeille","10":"product_tag-accessoire","11":"product_tag-apiculteur","12":"product_tag-apiculture","13":"product_tag-dadant","14":"product_tag-equipement","15":"product_tag-impression-3d","16":"product_tag-outil","17":"product_tag-portail","18":"product_tag-porte","19":"product_tag-ruche","20":"product_tag-rucher","21":"product_tag-ruchette","22":"product_tag-stl","24":"first","25":"instock","26":"featured","27":"downloadable","28":"virtual","29":"sold-individually","30":"purchasable","31":"product-type-simple"},"_links":{"self":[{"href":"https:\/\/apiobi.com\/en\/wp-json\/wp\/v2\/product\/2254","targetHints":{"allow":["GET"]}}],"collection":[{"href":"https:\/\/apiobi.com\/en\/wp-json\/wp\/v2\/product"}],"about":[{"href":"https:\/\/apiobi.com\/en\/wp-json\/wp\/v2\/types\/product"}],"replies":[{"embeddable":true,"href":"https:\/\/apiobi.com\/en\/wp-json\/wp\/v2\/comments?post=2254"}],"wp:featuredmedia":[{"embeddable":true,"href":"https:\/\/apiobi.com\/en\/wp-json\/wp\/v2\/media\/2255"}],"wp:attachment":[{"href":"https:\/\/apiobi.com\/en\/wp-json\/wp\/v2\/media?parent=2254"}],"wp:term":[{"taxonomy":"product_brand","embeddable":true,"href":"https:\/\/apiobi.com\/en\/wp-json\/wp\/v2\/product_brand?post=2254"},{"taxonomy":"product_cat","embeddable":true,"href":"https:\/\/apiobi.com\/en\/wp-json\/wp\/v2\/product_cat?post=2254"},{"taxonomy":"product_tag","embeddable":true,"href":"https:\/\/apiobi.com\/en\/wp-json\/wp\/v2\/product_tag?post=2254"}],"curies":[{"name":"wp","href":"https:\/\/api.w.org\/{rel}","templated":true}]}}