{"id":2234,"date":"2026-05-05T07:37:09","date_gmt":"2026-05-05T07:37:09","guid":{"rendered":"https:\/\/apiobi.com\/?post_type=product&#038;p=2234"},"modified":"2026-05-05T08:15:29","modified_gmt":"2026-05-05T08:15:29","slug":"coupelle-a-pate-bague-de-peche-a-la-pate-friture-ablette","status":"publish","type":"product","link":"https:\/\/apiobi.com\/en\/boutique\/modeles-3d\/outdoor-sport\/peche-3dpecheur\/peche-dautrefois\/coupelle-a-pate-bague-de-peche-a-la-pate-friture-ablette\/","title":{"rendered":"Coupelle \u00e0 p\u00e2te | Bague de p\u00eache \u00e0 la p\u00e2te | Friture, ablette"},"content":{"rendered":"<h3 data-section-id=\"1gpmcq3\" data-start=\"149\" data-end=\"226\">\ud83c\udfa3 Bague porte-p\u00e2te \u2013 Accessoire de p\u00eache vintage r\u00e9invent\u00e9 (Impression 3D)<\/h3>\n<p data-start=\"228\" data-end=\"575\">Red\u00e9couvrez une ancienne technique de p\u00eache aussi simple qu\u2019efficace !<br data-start=\"298\" data-end=\"301\" \/>Quand j\u2019\u00e9tais enfant, de nombreux p\u00eacheurs utilisaient de la<strong data-start=\"356\" data-end=\"370\"> p\u00e2te<\/strong> maison, comme app\u00e2t pour attraper ablettes et autres fritures.<br data-start=\"442\" data-end=\"445\" \/>Cette m\u00e9thode, aujourd\u2019hui oubli\u00e9e, permettait d\u2019attraper <strong data-start=\"503\" data-end=\"528\">des kilos de poissons<\/strong> avec un app\u00e2t \u00e9conomique et facile \u00e0 pr\u00e9parer.<\/p>\n<h4 data-section-id=\"y079ym\" data-start=\"577\" data-end=\"622\">\ud83d\udd34 Une bague culte\u2026 remise au go\u00fbt du jour (photo 3)<\/h4>\n<p data-start=\"624\" data-end=\"857\">Les accessoires d\u00e9di\u00e9s \u00e0 cette technique ont totalement disparu des magasins.<br data-start=\"701\" data-end=\"704\" \/>Je m\u2019en souvenais pourtant tr\u00e8s bien : une <strong data-start=\"747\" data-end=\"769\">petite bague rouge<\/strong>, \u00e9quip\u00e9e d\u2019une coupelle, dans laquelle on trempait l\u2019hame\u00e7on recouvert de p\u00e2te gluante.<\/p>\n<p data-start=\"859\" data-end=\"986\">\ud83d\udccc <strong data-start=\"862\" data-end=\"934\">J\u2019ai donc recr\u00e9\u00e9 cette bague en version moderne et imprimable en 3D.<\/strong><br data-start=\"934\" data-end=\"937\" \/>Elle est munie d\u2019une petite coupelle permettant :<\/p>\n<ul data-start=\"988\" data-end=\"1165\">\n<li data-section-id=\"oe4emw\" data-start=\"988\" data-end=\"1041\">d\u2019y d\u00e9poser une p\u00e2te collante (comme de la colle)<\/li>\n<li data-section-id=\"re4aox\" data-start=\"1042\" data-end=\"1078\">d\u2019y tremper facilement l\u2019hame\u00e7on<\/li>\n<li data-section-id=\"6ng9qe\" data-start=\"1079\" data-end=\"1110\">d\u2019\u00e9viter de salir les mains<\/li>\n<li data-section-id=\"1kaykpu\" data-start=\"1111\" data-end=\"1165\">de gagner en rapidit\u00e9 et efficacit\u00e9 au bord de l\u2019eau<\/li>\n<\/ul>\n<p data-start=\"1167\" data-end=\"1229\">Fixation simple avec <strong data-start=\"1188\" data-end=\"1218\">1 ou 2 colliers de serrage<\/strong> (rilsans).<\/p>\n<h4 data-section-id=\"62xbif\" data-start=\"1231\" data-end=\"1256\">\ud83d\udc50 Comment la porter ?<\/h4>\n<p data-start=\"1258\" data-end=\"1297\">Plusieurs options selon votre confort :<\/p>\n<ul data-start=\"1299\" data-end=\"1451\">\n<li data-section-id=\"13wkct4\" data-start=\"1299\" data-end=\"1345\">au <strong data-start=\"1304\" data-end=\"1313\">pouce<\/strong>, c\u00f4t\u00e9 main qui tient la canne<\/li>\n<li data-section-id=\"1240e3n\" data-start=\"1346\" data-end=\"1363\">\u00e0 l\u2019<strong data-start=\"1352\" data-end=\"1361\">index<\/strong><\/li>\n<li data-section-id=\"havdyv\" data-start=\"1364\" data-end=\"1402\"><strong data-start=\"1366\" data-end=\"1400\">directement fix\u00e9e sur la canne<\/strong><\/li>\n<li data-section-id=\"a8c6uq\" data-start=\"1403\" data-end=\"1451\">sur n\u2019importe quel doigt selon votre technique<\/li>\n<\/ul>\n<p data-start=\"1453\" data-end=\"1502\">\u00c0 vous de choisir ce qui vous convient le mieux !<\/p>\n<h4 data-section-id=\"2du546\" data-start=\"1504\" data-end=\"1544\">\ud83c\udfaf Pourquoi essayer cette technique ?<\/h4>\n<ul data-start=\"1546\" data-end=\"1766\">\n<li data-section-id=\"nne3xk\" data-start=\"1546\" data-end=\"1599\">Elle est <strong data-start=\"1557\" data-end=\"1567\">rapide<\/strong>, <strong data-start=\"1569\" data-end=\"1583\">\u00e9conomique<\/strong>, <strong data-start=\"1585\" data-end=\"1597\">efficace<\/strong><\/li>\n<li data-section-id=\"cvclqv\" data-start=\"1600\" data-end=\"1678\">Parfaite pour les <strong data-start=\"1620\" data-end=\"1632\">ablettes<\/strong>, <strong data-start=\"1634\" data-end=\"1645\">gardons<\/strong>, <strong data-start=\"1647\" data-end=\"1659\">fritures<\/strong>, petits poissons<\/li>\n<li data-section-id=\"1evna5j\" data-start=\"1679\" data-end=\"1714\">Id\u00e9ale pour initier les enfants<\/li>\n<li data-section-id=\"1hhk8zq\" data-start=\"1715\" data-end=\"1766\">Et surtout\u2026 elle m\u00e9rite de <strong data-start=\"1744\" data-end=\"1766\">ne pas disparaitre<\/strong><\/li>\n<\/ul>\n<p data-start=\"1768\" data-end=\"1829\">Essayez-la : vous risquez d\u2019\u00eatre surpris par son efficacit\u00e9 et par l&#8217;efficacit\u00e9 de cette technique de p\u00eache !<\/p>","protected":false},"excerpt":{"rendered":"<p>\ud83c\udfa3 Bague porte-p\u00e2te \u2013 Accessoire de p\u00eache vintage r\u00e9invent\u00e9 (Impression 3D) Red\u00e9couvrez une ancienne technique de p\u00eache aussi simple qu\u2019efficace !Quand j\u2019\u00e9tais enfant, de nombreux p\u00eacheurs utilisaient de la p\u00e2te maison, comme app\u00e2t pour attraper ablettes et autres fritures.Cette m\u00e9thode, aujourd\u2019hui oubli\u00e9e, permettait d\u2019attraper des kilos de poissons avec un app\u00e2t \u00e9conomique et facile \u00e0 [&hellip;]<\/p>\n","protected":false},"featured_media":2238,"comment_status":"open","ping_status":"closed","template":"","meta":{"_themeisle_gutenberg_block_has_review":false},"product_brand":[303,302],"product_cat":[130,1162],"product_tag":[1126,562,327,1163],"class_list":{"0":"post-2234","1":"product","2":"type-product","3":"status-publish","4":"has-post-thumbnail","6":"product_brand-3dpecheur","7":"product_brand-apiobi","8":"product_cat-modeles-3d","9":"product_cat-peche-dautrefois","10":"product_tag-accessoire-peche-technique","11":"product_tag-friture","12":"product_tag-materiel-de-peche","13":"product_tag-technique-de-peche","15":"first","16":"instock","17":"downloadable","18":"virtual","19":"sold-individually","20":"purchasable","21":"product-type-simple"},"_links":{"self":[{"href":"https:\/\/apiobi.com\/en\/wp-json\/wp\/v2\/product\/2234","targetHints":{"allow":["GET"]}}],"collection":[{"href":"https:\/\/apiobi.com\/en\/wp-json\/wp\/v2\/product"}],"about":[{"href":"https:\/\/apiobi.com\/en\/wp-json\/wp\/v2\/types\/product"}],"replies":[{"embeddable":true,"href":"https:\/\/apiobi.com\/en\/wp-json\/wp\/v2\/comments?post=2234"}],"wp:featuredmedia":[{"embeddable":true,"href":"https:\/\/apiobi.com\/en\/wp-json\/wp\/v2\/media\/2238"}],"wp:attachment":[{"href":"https:\/\/apiobi.com\/en\/wp-json\/wp\/v2\/media?parent=2234"}],"wp:term":[{"taxonomy":"product_brand","embeddable":true,"href":"https:\/\/apiobi.com\/en\/wp-json\/wp\/v2\/product_brand?post=2234"},{"taxonomy":"product_cat","embeddable":true,"href":"https:\/\/apiobi.com\/en\/wp-json\/wp\/v2\/product_cat?post=2234"},{"taxonomy":"product_tag","embeddable":true,"href":"https:\/\/apiobi.com\/en\/wp-json\/wp\/v2\/product_tag?post=2234"}],"curies":[{"name":"wp","href":"https:\/\/api.w.org\/{rel}","templated":true}]}}