{"id":1793,"date":"2026-04-01T11:46:46","date_gmt":"2026-04-01T11:46:46","guid":{"rendered":"https:\/\/apiobi.com\/?post_type=product&#038;p=1793"},"modified":"2026-04-02T08:57:20","modified_gmt":"2026-04-02T08:57:20","slug":"spindle-and-rod-holder-insert-for-custom-made-spade-spindle-spindle-3dpecheur","status":"publish","type":"product","link":"https:\/\/apiobi.com\/en\/boutique\/modeles-3d\/outdoor-sport\/peche-3dpecheur\/vrille-et-insert-support-de-canne-pour-pique-sur-mesure-pique-vrille-3dpecheur\/","title":{"rendered":"Spade and rod holder insert for custom-made picks | Pique vrille 3Dpecheur"},"content":{"rendered":"<p>These 3D models of gimlets and inserts allow you to build your own <strong>banksticks with screw point<\/strong>, using simple tubes <strong>Rigid PVC IRL \u00d820 mm<\/strong> (electrical sheath).<br \/>\n<strong>Result:<\/strong> <strong>a spade<\/strong> <strong>robust, economical<\/strong>, It can be adapted to any length and duplicated for all your fishing conditions. Forget expensive telescopic models.<\/p>\n<h4>\ud83d\udce5Included in download<\/h4>\n<ul>\n<li><strong>1 screw, screw point<\/strong> (screwpoint)<\/li>\n<li><strong>1 rod holder insert<\/strong> with universal thread<\/li>\n<li>The two parts fit into the tube by means of a <strong>octagonal profile<\/strong>, a high-performance system that I've already tried and tested on other models of PVC structures.<\/li>\n<\/ul>\n<h4>\u2699\ufe0fCompatibilit\u00e9 &amp; assembly<\/h4>\n<ul>\n<li>Designed for tubes <strong>IRL 20 mm<\/strong> (rigid electrical sheaths).<\/li>\n<li>As the walls of these tubes are not perfectly uniform, it may be necessary :\n<ul>\n<li>from <strong>lightly sand<\/strong> the edges of the insert to adjust the diameter,<\/li>\n<li>to ensure <strong>press fit<\/strong> for strength.<\/li>\n<\/ul>\n<\/li>\n<li>For long-lasting assembly and best performance, assemble the parts with <strong>two-component epoxy adhesive or Araldite<\/strong>.<\/li>\n<\/ul>\n<h3>\ud83c\udfa3 3\/8\u2033 universal thread<\/h3>\n<p>The cane-holder insert is equipped with a <strong>3\/8\u2033 standard fishing thread<\/strong>, compatible with the majority of brackets and accessories on the market.<\/p>\n<h3>\ud83c\udfa8 Example photo<\/h3>\n<p>The first photo shows the model <strong>assembled and painted<\/strong>.<\/p>\n<h3>\ud83d\udca1 What next?<\/h3>\n<p>A project for <strong>Full 3D rod pod in progress<\/strong>, It's as functional and robust as a commercial model, and also uses a 20 mm IRL PVC tube structure.<\/p>\n<p>In the meantime, to build lightweight structures in 20 mm IRL tubes, you can take inspiration from my <strong>2-3-4-5-way connectors<\/strong>, already downloaded thousands of times on major sharing platforms.<\/p>\n<p>&nbsp;<\/p>","protected":false},"excerpt":{"rendered":"<p>Ces mod\u00e8les 3D de vrille et d&#8217;insert vous permettent de fabriquer vos propres piques de p\u00eache (banksticks) \u00e0 pointe vissante, en utilisant de simples tubes IRL PVC rigides \u00d820 mm (gaine \u00e9lectrique). R\u00e9sultat : une pique vrille robuste, \u00e9conomique, \u00e0 vos couleurs, adaptable \u00e0 la longueur que vous souhaitez et duplicable \u00e0 toutes vos conditions [&hellip;]<\/p>\n","protected":false},"featured_media":1801,"comment_status":"open","ping_status":"closed","template":"","meta":{"_themeisle_gutenberg_block_has_review":false},"product_brand":[303,302],"product_cat":[130,136,150],"product_tag":[422,60,310,354,1071,321,322,1069,528,231,330,352,1068,383,603,1070],"class_list":{"0":"post-1793","1":"product","2":"type-product","3":"status-publish","4":"has-post-thumbnail","6":"product_brand-3dpecheur","7":"product_brand-apiobi","8":"product_cat-modeles-3d","9":"product_cat-peche-3dpecheur","10":"product_cat-peche-carpe","11":"product_tag-3d","12":"product_tag-accessoire","13":"product_tag-buzzbar","14":"product_tag-canne","15":"product_tag-carnassier","16":"product_tag-carpe","17":"product_tag-feeder","18":"product_tag-irl-pvc","19":"product_tag-materiel","20":"product_tag-peche","21":"product_tag-pecheur","22":"product_tag-pique","23":"product_tag-piquet","24":"product_tag-support","25":"product_tag-vis","26":"product_tag-vrille","28":"first","29":"instock","30":"downloadable","31":"virtual","32":"sold-individually","33":"purchasable","34":"product-type-simple"},"_links":{"self":[{"href":"https:\/\/apiobi.com\/en\/wp-json\/wp\/v2\/product\/1793","targetHints":{"allow":["GET"]}}],"collection":[{"href":"https:\/\/apiobi.com\/en\/wp-json\/wp\/v2\/product"}],"about":[{"href":"https:\/\/apiobi.com\/en\/wp-json\/wp\/v2\/types\/product"}],"replies":[{"embeddable":true,"href":"https:\/\/apiobi.com\/en\/wp-json\/wp\/v2\/comments?post=1793"}],"wp:featuredmedia":[{"embeddable":true,"href":"https:\/\/apiobi.com\/en\/wp-json\/wp\/v2\/media\/1801"}],"wp:attachment":[{"href":"https:\/\/apiobi.com\/en\/wp-json\/wp\/v2\/media?parent=1793"}],"wp:term":[{"taxonomy":"product_brand","embeddable":true,"href":"https:\/\/apiobi.com\/en\/wp-json\/wp\/v2\/product_brand?post=1793"},{"taxonomy":"product_cat","embeddable":true,"href":"https:\/\/apiobi.com\/en\/wp-json\/wp\/v2\/product_cat?post=1793"},{"taxonomy":"product_tag","embeddable":true,"href":"https:\/\/apiobi.com\/en\/wp-json\/wp\/v2\/product_tag?post=1793"}],"curies":[{"name":"wp","href":"https:\/\/api.w.org\/{rel}","templated":true}]}}