{"id":356,"date":"2026-02-26T07:06:01","date_gmt":"2026-02-26T07:06:01","guid":{"rendered":"https:\/\/apiobi.com\/?page_id=356"},"modified":"2026-03-12T08:29:05","modified_gmt":"2026-03-12T08:29:05","slug":"licence","status":"publish","type":"page","link":"https:\/\/apiobi.com\/en\/licence\/","title":{"rendered":"LICENCE"},"content":{"rendered":"<h4 class=\"wp-block-heading\" style=\"padding-top:var(--wp--preset--spacing--60);padding-bottom:0\">LICENCE Apiobi UPPE | Usage personnel et priv\u00e9 exclusivement<\/h4>\n\n\n\n<p>Veuillez noter que l&#8217;ensemble des produits num\u00e9riques disponibles au t\u00e9l\u00e9chargement sur apiobi.com, tels que d\u00e9finis aux <strong>GTC<\/strong>, sont destin\u00e9s \u00e0 un usage personnel et priv\u00e9 exclusivement.<br>Quel que soit le mode d\u2019obtention, vous n\u2019\u00eates pas autoris\u00e9 \u00e0 distribuer ou \u00e0 vendre tout ou partie des fichiers 3D eux-m\u00eames ou les mod\u00e8les 3D produits \u00e0 l\u2019aide de ces fichiers.<br>Plus sp\u00e9cifiquement,<br><br><strong>Licence d\u2019usage et droits :<\/strong><\/p>\n\n\n\n<ul class=\"wp-block-list\">\n<li>L\u2019achat ou le t\u00e9l\u00e9chargement gratuit d\u2019un fichier num\u00e9rique 3D conf\u00e8re uniquement un <strong>droit d\u2019usage personnel et priv\u00e9 exclusi<\/strong>f, non transf\u00e9rable.<\/li>\n\n\n\n<li>Toute reproduction, modification, diffusion, revente ou exploitation commerciale est interdite sans accord \u00e9crit pr\u00e9alable.<\/li>\n<\/ul>\n\n\n\n<p><strong>Ce qui est autoris\u00e9 :<\/strong><\/p>\n\n\n\n<ul class=\"wp-block-list\">\n<li>Imprimer et utiliser les impressions 3D des fichiers pour <strong>usage priv\u00e9 et personnel exclusivement<\/strong>, en quantit\u00e9 illimit\u00e9e ;<\/li>\n\n\n\n<li>Partager des images ou photos de vos impressions 3D sur des supports de communication (r\u00e9seaux sociaux, sites internet), \u00e0 condition que le fichier source <strong>ne soit pas diffus\u00e9<\/strong>.<\/li>\n<\/ul>\n\n\n\n<p><strong>Ce qui n\u2019est pas autoris\u00e9 :<\/strong><\/p>\n\n\n\n<ul class=\"wp-block-list\">\n<li>Toute <strong>distribution, vente, don ou \u00e9change<\/strong>, total ou partiel, des fichiers 3D ou de tout produit fabriqu\u00e9 \u00e0 partir des fichiers 3D incluant les fichiers 3D gratuits.<\/li>\n\n\n\n<li>Toute utilisation <strong>commerciale<\/strong> ou <strong>partage public<\/strong> du fichier ou du mod\u00e8le 3D vendu ou gratuit ;<\/li>\n\n\n\n<li>Toute modification ou adaptation du fichier ou du mod\u00e8le 3D m\u00eame gratuit, dans le but de <strong>le diffuser publiquement ou de le vendre<\/strong> ;<br><br><\/li>\n<\/ul>\n\n\n\n<p class=\"has-text-align-left\" style=\"margin-top:0;margin-bottom:0\">En compl\u00e9ment de la LICENCE UPPE APIOBI d&#8217;usage personnel et priv\u00e9 exclusif et du <a href=\"https:\/\/href.li\/?https:\/\/www.economie.gouv.fr\/apie\/propriete-intellectuelle-publications\/droit-auteur-image-numerique-1#:~:text=droit%20au%20respect%20de%20l,ou%20en%20modifier%20les%20conditions.\"><strong>cadre l\u00e9gislatif et r\u00e9glementaire impos\u00e9 par l\u00e9gislation fran\u00e7aise relative \u00e0 la propri\u00e9t\u00e9 intellectuelle<\/strong><\/a>, <strong>les r\u00e8gles de la licence de droits d\u2019auteur Cr\u00e9ative Commons<\/strong> s\u2019applique \u00e0 tous les produits num\u00e9riques m\u00eame gratuits, propos\u00e9s par apiobi.com qui demeurent quel que soit le mode d\u2019obtention, des \u0153uvres originales selon les clauses suivantes:<br><\/p>\n\n\n\n<p class=\"has-text-align-center\" style=\"margin-top:0;margin-bottom:0\"><br><img loading=\"lazy\" decoding=\"async\" width=\"300\" height=\"102\" class=\"wp-image-357\" style=\"width: 300px;\" src=\"https:\/\/apiobi.com\/wp-content\/uploads\/2026\/02\/image.png\" alt=\"\" srcset=\"https:\/\/apiobi.com\/wp-content\/uploads\/2026\/02\/image.png 740w, https:\/\/apiobi.com\/wp-content\/uploads\/2026\/02\/image-550x187.png 550w, https:\/\/apiobi.com\/wp-content\/uploads\/2026\/02\/image-300x102.png 300w\" sizes=\"auto, (max-width: 300px) 100vw, 300px\" \/><br><\/p>\n\n\n\n<p class=\"has-text-align-center\">Merci de nous aider \u00e0 prot\u00e9ger le travail de cr\u00e9ation et les droits d\u2019auteur.<\/p>\n\n\n\n<p><\/p>","protected":false},"excerpt":{"rendered":"<p>LICENCE Apiobi UPPE | Usage personnel et priv\u00e9 exclusivement Veuillez noter que l&#8217;ensemble des produits num\u00e9riques disponibles au t\u00e9l\u00e9chargement sur apiobi.com, tels que d\u00e9finis aux CGV, sont destin\u00e9s \u00e0 un usage personnel et priv\u00e9 exclusivement.Quel que soit le mode d\u2019obtention, vous n\u2019\u00eates pas autoris\u00e9 \u00e0 distribuer ou \u00e0 vendre tout ou partie des fichiers 3D [&hellip;]<\/p>\n","protected":false},"author":1,"featured_media":0,"parent":0,"menu_order":0,"comment_status":"closed","ping_status":"closed","template":"","meta":{"_themeisle_gutenberg_block_has_review":false,"footnotes":""},"class_list":["post-356","page","type-page","status-publish","hentry"],"blocksy_meta":[],"_links":{"self":[{"href":"https:\/\/apiobi.com\/en\/wp-json\/wp\/v2\/pages\/356","targetHints":{"allow":["GET"]}}],"collection":[{"href":"https:\/\/apiobi.com\/en\/wp-json\/wp\/v2\/pages"}],"about":[{"href":"https:\/\/apiobi.com\/en\/wp-json\/wp\/v2\/types\/page"}],"author":[{"embeddable":true,"href":"https:\/\/apiobi.com\/en\/wp-json\/wp\/v2\/users\/1"}],"replies":[{"embeddable":true,"href":"https:\/\/apiobi.com\/en\/wp-json\/wp\/v2\/comments?post=356"}],"version-history":[{"count":8,"href":"https:\/\/apiobi.com\/en\/wp-json\/wp\/v2\/pages\/356\/revisions"}],"predecessor-version":[{"id":1161,"href":"https:\/\/apiobi.com\/en\/wp-json\/wp\/v2\/pages\/356\/revisions\/1161"}],"wp:attachment":[{"href":"https:\/\/apiobi.com\/en\/wp-json\/wp\/v2\/media?parent=356"}],"curies":[{"name":"wp","href":"https:\/\/api.w.org\/{rel}","templated":true}]}}